{"id":35559,"date":"2026-04-09T20:02:56","date_gmt":"2026-04-09T18:02:56","guid":{"rendered":"https:\/\/mes-pochoirs.com\/?post_type=product&#038;p=35559"},"modified":"2026-04-09T20:02:59","modified_gmt":"2026-04-09T18:02:59","slug":"plantilla-mona-lisa-bubble-gum","status":"publish","type":"product","link":"https:\/\/mes-pochoirs.com\/es\/produit\/pochoir-mona-lisa-bubble-gum","title":{"rendered":"Plantilla Mona Lisa Bubble Gum"},"content":{"rendered":"<h2>Plantilla Mona Lisa Bubble Gum<\/h2>\n<p>Imposible no reconocerla.<\/p>\n<p>Ese rostro que ha trascendido el tiempo, esa mirada serena, esa sonrisa apenas insinuada\u2026 todo est\u00e1 aqu\u00ed. Inalterado. Intacto.<\/p>\n<p>Y, sin embargo, algo viene a cambiarlo todo.<\/p>\n<p>Una burbuja de chicle, colocada all\u00ed, casi de manera natural. Es ese detalle el que lo transforma todo. Rompe las normas, aporta una perspectiva distinta, y ofrece una lectura completamente nueva de esta \u00edcono.<\/p>\n<p>El contraste es sencillo, pero poderoso. Entre la historia y el presente, entre el cl\u00e1sico y una actitud mucho m\u00e1s libre.<\/p>\n<p>Con la colecci\u00f3n Bubble Gum Attitude, las obras m\u00e1s conocidas adquieren otra dimensi\u00f3n. Se relajan, se reinventan, y se vuelven m\u00e1s cercanas, m\u00e1s vivas.<\/p>\n<p>El chicle se convierte en ese peque\u00f1o giro que atrae la atenci\u00f3n, intriga y da al visual toda su personalidad.<\/p>\n<p>Un visual ic\u00f3nico, moderno, y sutilmente alternativo.<\/p>","protected":false},"excerpt":{"rendered":"<p>Tranquila, ic\u00f3nica\u2026 y completamente original. Una versi\u00f3n de Mona Lisa con chicle, un giro inesperado que invita a adoptarla.<\/p>","protected":false},"featured_media":35560,"comment_status":"open","ping_status":"closed","template":"","meta":{"bwfblock_default_font":"","_kad_blocks_custom_css":"","_kad_blocks_head_custom_js":"","_kad_blocks_body_custom_js":"","_kad_blocks_footer_custom_js":"","_kadence_starter_templates_imported_post":false,"_kad_post_transparent":"default","_kad_post_title":"","_kad_post_layout":"default","_kad_post_sidebar_id":"","_kad_post_content_style":"default","_kad_post_vertical_padding":"default","_kad_post_feature":"","_kad_post_feature_position":"","_kad_post_header":false,"_kad_post_footer":false,"_kad_post_classname":""},"product_brand":[1415],"product_cat":[2058,481,732,332,36,328],"product_tag":[1673,2060,2065,430,465,912,2067,2068,2066],"class_list":{"0":"post-35559","1":"product","2":"type-product","3":"status-publish","4":"has-post-thumbnail","6":"product_brand-mes-pochoirs","7":"product_cat-bubble-gum-attitude","8":"product_cat-collections","9":"product_cat-pochoirs-icones-celebrites","10":"product_cat-pochoirs-pop-art","11":"product_cat-pochoirs-portraits-visages","12":"product_cat-pochoirs-street-art","13":"product_tag-art-contemporain","14":"product_tag-chewing-gum","15":"product_tag-la-joconde","16":"product_tag-lunettes","17":"product_tag-mona-lisa","18":"product_tag-peinture-celebre","19":"product_tag-revisite","20":"product_tag-twist","21":"product_tag-visage-iconique","23":"first","24":"instock","25":"sale","26":"taxable","27":"shipping-taxable","28":"purchasable","29":"product-type-variable","30":"entry","31":"content-bg","32":"loop-entry"},"taxonomy_info":{"product_brand":[{"value":1415,"label":"Mes Pochoirs"}],"product_cat":[{"value":2058,"label":"Bubble Gum Attitude"},{"value":481,"label":"Collections"},{"value":732,"label":"Ic\u00f4nes &amp; C\u00e9l\u00e9brit\u00e9s"},{"value":332,"label":"Pop Art"},{"value":36,"label":"Portraits &amp; Visages"},{"value":328,"label":"Street Art"}],"product_tag":[{"value":1673,"label":"art contemporain"},{"value":2060,"label":"chewing-gum"},{"value":2065,"label":"La Joconde"},{"value":430,"label":"lunettes"},{"value":465,"label":"Mona Lisa"},{"value":912,"label":"peinture c\u00e9l\u00e8bre"},{"value":2067,"label":"revisit\u00e9"},{"value":2068,"label":"twist"},{"value":2066,"label":"visage iconique"}]},"featured_image_src_large":["https:\/\/mes-pochoirs.com\/wp-content\/uploads\/2026\/04\/BBG002-pochoir-collection-bubble-gum-copyright-mes-pochoirs-858x1030.jpg",858,1030,true],"author_info":[],"comment_info":0,"_links":{"self":[{"href":"https:\/\/mes-pochoirs.com\/es\/wp-json\/wp\/v2\/product\/35559","targetHints":{"allow":["GET"]}}],"collection":[{"href":"https:\/\/mes-pochoirs.com\/es\/wp-json\/wp\/v2\/product"}],"about":[{"href":"https:\/\/mes-pochoirs.com\/es\/wp-json\/wp\/v2\/types\/product"}],"replies":[{"embeddable":true,"href":"https:\/\/mes-pochoirs.com\/es\/wp-json\/wp\/v2\/comments?post=35559"}],"wp:featuredmedia":[{"embeddable":true,"href":"https:\/\/mes-pochoirs.com\/es\/wp-json\/wp\/v2\/media\/35560"}],"wp:attachment":[{"href":"https:\/\/mes-pochoirs.com\/es\/wp-json\/wp\/v2\/media?parent=35559"}],"wp:term":[{"taxonomy":"product_brand","embeddable":true,"href":"https:\/\/mes-pochoirs.com\/es\/wp-json\/wp\/v2\/product_brand?post=35559"},{"taxonomy":"product_cat","embeddable":true,"href":"https:\/\/mes-pochoirs.com\/es\/wp-json\/wp\/v2\/product_cat?post=35559"},{"taxonomy":"product_tag","embeddable":true,"href":"https:\/\/mes-pochoirs.com\/es\/wp-json\/wp\/v2\/product_tag?post=35559"}],"curies":[{"name":"wp","href":"https:\/\/api.w.org\/{rel}","templated":true}]}}