{"id":3575,"date":"2021-11-01T14:19:04","date_gmt":"2021-11-01T14:19:04","guid":{"rendered":"https:\/\/mes-pochoirs.com\/?post_type=product&#038;p=3575"},"modified":"2025-10-31T11:40:42","modified_gmt":"2025-10-31T10:40:42","slug":"plantilla-azulejo-flor-de-lis-cc0008","status":"publish","type":"product","link":"https:\/\/mes-pochoirs.com\/es\/produit\/pochoir-carreau-fleur-de-lys-cc0008","title":{"rendered":"Flor de Lis - CC0008"},"content":{"rendered":"<h2>Plantilla cuadrada Flor de Lis<\/h2>\n<h3>Un motivo cargado de simbolismo y tradici\u00f3n<\/h3>\n<p><strong>Plantilla cuadrada Flor de Lis<\/strong> - Este motivo de gran riqueza hist\u00f3rica evoca a la vez la elegancia intemporal de la tradici\u00f3n y la fuerza expresiva de los grandes periodos decorativos. La flor de lis, s\u00edmbolo de nobleza, florece aqu\u00ed en una roseta sim\u00e9trica inspirada en las refinadas volutas de los arabescos cl\u00e1sicos. Este motivo cuenta una historia, la de un precioso patrimonio ornamental transmitido a trav\u00e9s de los siglos. Llama la atenci\u00f3n e insufla vida floral a su decoraci\u00f3n, transformando cada azulejo en un poderoso mensaje visual. Ideal para decoraci\u00f3n de interiores o proyectos art\u00edsticos, esta plantilla est\u00e1 dise\u00f1ada para aportar una est\u00e9tica noble y evocadora a paredes, muebles o lienzos. Confiere a sus creaciones un aire bohemio a la vez que tradicional, con un toque de elegancia hist\u00f3rica. Perfecta para realzar una superficie de cemento, un mural o una serie de pinturas creativas, aporta un soplo de poes\u00eda a su vida cotidiana.<\/p>\n<h3>Estilo artesanal en el coraz\u00f3n de su creatividad<\/h3>\n<p><strong>Plantilla cuadrada Flor de Lis<\/strong> - m\u00e1s que una herramienta, es una fuente de inspiraci\u00f3n. Cada detalle del dise\u00f1o ha sido pensado para resaltar el trabajo manual del artista. El estilo floral y ornamental sigue sutilmente los contornos geom\u00e9tricos del azulejo, creando un equilibrio entre rigor y espontaneidad. Las volutas ondulan ligeramente, mientras que los arabescos se entrelazan para dar vida a una composici\u00f3n armoniosa y sim\u00e9trica. Con su esp\u00edritu bohemio y refinado a la vez, esta plantilla se presta por igual a la decoraci\u00f3n mural, los proyectos textiles, las creaciones sobre lienzo o los objetos personalizados. Est\u00e1 pensada para los artistas que desean expresar su individualidad con audacia y delicadeza, haciendo gala de una artesan\u00eda profundamente arraigada en el amor por el detalle. Gracias a \u00e9l, cada creaci\u00f3n se convierte en una obra \u00fanica, vibrante de emoci\u00f3n y car\u00e1cter.<\/p>","protected":false},"excerpt":{"rendered":"<p><strong>Plantilla cuadrada Flor de Lis<\/strong> Pintura mural reutilizable. Alta calidad, motivos florales, arabescos y un estilo artesanal para sus obras.<\/p>","protected":false},"featured_media":3585,"comment_status":"open","ping_status":"closed","template":"","meta":{"bwfblock_default_font":"","_kad_blocks_custom_css":"","_kad_blocks_head_custom_js":"","_kad_blocks_body_custom_js":"","_kad_blocks_footer_custom_js":"","_kadence_starter_templates_imported_post":false,"_kad_post_transparent":"default","_kad_post_title":"","_kad_post_layout":"default","_kad_post_sidebar_id":"","_kad_post_content_style":"default","_kad_post_vertical_padding":"default","_kad_post_feature":"","_kad_post_feature_position":"","_kad_post_header":false,"_kad_post_footer":false,"_kad_post_classname":""},"product_brand":[1415],"product_cat":[37],"product_tag":[229,1376,1364,1374,1373,567,50,228,648,1375,252,1372,955,1367],"class_list":{"0":"post-3575","1":"product","2":"type-product","3":"status-publish","4":"has-post-thumbnail","6":"product_brand-mes-pochoirs","7":"product_cat-pochoirs-pour-carreaux-ciment","8":"product_tag-arabesque","9":"product_tag-artisanal","10":"product_tag-boheme","11":"product_tag-carreau","12":"product_tag-ciment","13":"product_tag-decoration","14":"product_tag-fleur","15":"product_tag-fleur-de-lys","16":"product_tag-floral","17":"product_tag-ornemental","18":"product_tag-rosace","19":"product_tag-symetrique","20":"product_tag-tradition","21":"product_tag-volutes","23":"first","24":"instock","25":"taxable","26":"shipping-taxable","27":"purchasable","28":"product-type-variable","29":"has-default-attributes","30":"entry","31":"content-bg","32":"loop-entry"},"taxonomy_info":{"product_brand":[{"value":1415,"label":"Mes Pochoirs"}],"product_cat":[{"value":37,"label":"Carreaux de ciment"}],"product_tag":[{"value":229,"label":"arabesque"},{"value":1376,"label":"artisanal"},{"value":1364,"label":"boh\u00e8me"},{"value":1374,"label":"carreau"},{"value":1373,"label":"ciment"},{"value":567,"label":"decoration"},{"value":50,"label":"fleur"},{"value":228,"label":"fleur de lys"},{"value":648,"label":"floral"},{"value":1375,"label":"ornemental"},{"value":252,"label":"rosace"},{"value":1372,"label":"sym\u00e9trique"},{"value":955,"label":"tradition"},{"value":1367,"label":"volutes"}]},"featured_image_src_large":["https:\/\/mes-pochoirs.com\/wp-content\/uploads\/2021\/11\/CC0008-mes-pochoirs-com-858x1030.jpg",858,1030,true],"author_info":[],"comment_info":0,"_links":{"self":[{"href":"https:\/\/mes-pochoirs.com\/es\/wp-json\/wp\/v2\/product\/3575","targetHints":{"allow":["GET"]}}],"collection":[{"href":"https:\/\/mes-pochoirs.com\/es\/wp-json\/wp\/v2\/product"}],"about":[{"href":"https:\/\/mes-pochoirs.com\/es\/wp-json\/wp\/v2\/types\/product"}],"replies":[{"embeddable":true,"href":"https:\/\/mes-pochoirs.com\/es\/wp-json\/wp\/v2\/comments?post=3575"}],"wp:featuredmedia":[{"embeddable":true,"href":"https:\/\/mes-pochoirs.com\/es\/wp-json\/wp\/v2\/media\/3585"}],"wp:attachment":[{"href":"https:\/\/mes-pochoirs.com\/es\/wp-json\/wp\/v2\/media?parent=3575"}],"wp:term":[{"taxonomy":"product_brand","embeddable":true,"href":"https:\/\/mes-pochoirs.com\/es\/wp-json\/wp\/v2\/product_brand?post=3575"},{"taxonomy":"product_cat","embeddable":true,"href":"https:\/\/mes-pochoirs.com\/es\/wp-json\/wp\/v2\/product_cat?post=3575"},{"taxonomy":"product_tag","embeddable":true,"href":"https:\/\/mes-pochoirs.com\/es\/wp-json\/wp\/v2\/product_tag?post=3575"}],"curies":[{"name":"wp","href":"https:\/\/api.w.org\/{rel}","templated":true}]}}