{"id":3624,"date":"2021-11-01T14:38:58","date_gmt":"2021-11-01T14:38:58","guid":{"rendered":"https:\/\/mes-pochoirs.com\/?post_type=product&#038;p=3624"},"modified":"2025-10-31T11:40:50","modified_gmt":"2025-10-31T10:40:50","slug":"mandala-corazon-de-loto-plantilla-m0013","status":"publish","type":"product","link":"https:\/\/mes-pochoirs.com\/es\/produit\/pochoir-mandala-coeur-de-lotus-m0013","title":{"rendered":"Plantilla Mandala Coraz\u00f3n de Loto - M0013"},"content":{"rendered":"<h2>Plantilla de mandala Coraz\u00f3n de loto<\/h2>\n<h3>S\u00edmbolo de amor, paz y equilibrio interior<\/h3>\n<p><strong>Plantilla de mandala Coraz\u00f3n de loto<\/strong> - Este delicado dise\u00f1o se inspira en los mandalas naturales y en el s\u00edmbolo universal del loto, una flor sagrada asociada a la pureza, el renacimiento y la serenidad. Compuesto por rosetas en forma de coraz\u00f3n y p\u00e9talos estilizados, evoca el equilibrio entre la fuerza interior y la dulzura. Esta plantilla es una invitaci\u00f3n a crear una decoraci\u00f3n armoniosa y relajante, ideal para embellecer una pared, un lienzo o un mueble en una casa de estilo zen o bohemio. Las formas est\u00e1n dispuestas en c\u00edrculos perfectos, en una simetr\u00eda vegetal que irradia energ\u00eda positiva. Cada detalle, cada curva, recuerda la elegancia de los arabescos orientales y la delicadeza de los motivos tradicionales de loza, al tiempo que a\u00f1ade un toque de modernidad a sus creaciones.<\/p>\n<h3>Un estilo art\u00edstico que combina espiritualidad y modernidad<\/h3>\n<p><strong>Plantilla de mandala Coraz\u00f3n de loto<\/strong> - Mucho m\u00e1s que un motivo decorativo, esta plantilla se convierte en una aut\u00e9ntica herramienta de expresi\u00f3n art\u00edstica. Con su dise\u00f1o tradicional pero contempor\u00e1neo, es perfecta para los entusiastas de la decoraci\u00f3n del hogar y los artistas que buscan un soporte inspirador para sus obras de arte, pinturas o proyectos de bricolaje. Su lenguaje visual combina el s\u00edmbolo del loto, la suavidad de los corazones estilizados y la armon\u00eda de los mandalas, para una composici\u00f3n a la vez gr\u00e1fica y espiritual. Reutilizable y disponible en varios tama\u00f1os, esta plantilla de alta calidad se adapta a todos los soportes y t\u00e9cnicas. Es perfecta para creaciones bohemias, vegetales o minimalistas, y aportar\u00e1 un ambiente tranquilo e inspirador a tus habitaciones. D\u00e9jate guiar por su radiante belleza y crea una obra de arte que te refleje: suave, fuerte y llena de significado.<\/p>","protected":false},"excerpt":{"rendered":"<p><strong>Plantilla de mandala Coraz\u00f3n de loto<\/strong> Reutilizables y de alta calidad. Perfectos para pintar, pizarras o decoraci\u00f3n Zen. Varios tama\u00f1os disponibles.<\/p>","protected":false},"featured_media":3634,"comment_status":"open","ping_status":"closed","template":"","meta":{"bwfblock_default_font":"","_kad_blocks_custom_css":"","_kad_blocks_head_custom_js":"","_kad_blocks_body_custom_js":"","_kad_blocks_footer_custom_js":"","_kadence_starter_templates_imported_post":false,"_kad_post_transparent":"default","_kad_post_title":"","_kad_post_layout":"default","_kad_post_sidebar_id":"","_kad_post_content_style":"default","_kad_post_vertical_padding":"default","_kad_post_feature":"","_kad_post_feature_position":"","_kad_post_header":false,"_kad_post_footer":false,"_kad_post_classname":""},"product_brand":[1415],"product_cat":[38],"product_tag":[229,1364,567,227,50,1404,1360,230,1363,1361,1362,955,1337,1256],"class_list":{"0":"post-3624","1":"product","2":"type-product","3":"status-publish","4":"has-post-thumbnail","6":"product_brand-mes-pochoirs","7":"product_cat-pochoirs-mandala","8":"product_tag-arabesque","9":"product_tag-boheme","10":"product_tag-decoration","11":"product_tag-faience","12":"product_tag-fleur","13":"product_tag-lotus","14":"product_tag-maison","15":"product_tag-mandala","16":"product_tag-mandalas-naturels","17":"product_tag-modernite","18":"product_tag-rosaces","19":"product_tag-tradition","20":"product_tag-vegetal","21":"product_tag-zen","23":"first","24":"instock","25":"featured","26":"taxable","27":"shipping-taxable","28":"purchasable","29":"product-type-variable","30":"has-default-attributes","31":"entry","32":"content-bg","33":"loop-entry"},"taxonomy_info":{"product_brand":[{"value":1415,"label":"Mes Pochoirs"}],"product_cat":[{"value":38,"label":"Mandala"}],"product_tag":[{"value":229,"label":"arabesque"},{"value":1364,"label":"boh\u00e8me"},{"value":567,"label":"decoration"},{"value":227,"label":"fa\u00efence"},{"value":50,"label":"fleur"},{"value":1404,"label":"lotus"},{"value":1360,"label":"maison"},{"value":230,"label":"mandala"},{"value":1363,"label":"mandalas naturels"},{"value":1361,"label":"modernit\u00e9"},{"value":1362,"label":"rosaces"},{"value":955,"label":"tradition"},{"value":1337,"label":"v\u00e9g\u00e9tal"},{"value":1256,"label":"zen"}]},"featured_image_src_large":["https:\/\/mes-pochoirs.com\/wp-content\/uploads\/2021\/11\/M0013-pochoir-mandala-mes-pochoirs-com-858x1030.jpg",858,1030,true],"author_info":[],"comment_info":0,"_links":{"self":[{"href":"https:\/\/mes-pochoirs.com\/es\/wp-json\/wp\/v2\/product\/3624","targetHints":{"allow":["GET"]}}],"collection":[{"href":"https:\/\/mes-pochoirs.com\/es\/wp-json\/wp\/v2\/product"}],"about":[{"href":"https:\/\/mes-pochoirs.com\/es\/wp-json\/wp\/v2\/types\/product"}],"replies":[{"embeddable":true,"href":"https:\/\/mes-pochoirs.com\/es\/wp-json\/wp\/v2\/comments?post=3624"}],"wp:featuredmedia":[{"embeddable":true,"href":"https:\/\/mes-pochoirs.com\/es\/wp-json\/wp\/v2\/media\/3634"}],"wp:attachment":[{"href":"https:\/\/mes-pochoirs.com\/es\/wp-json\/wp\/v2\/media?parent=3624"}],"wp:term":[{"taxonomy":"product_brand","embeddable":true,"href":"https:\/\/mes-pochoirs.com\/es\/wp-json\/wp\/v2\/product_brand?post=3624"},{"taxonomy":"product_cat","embeddable":true,"href":"https:\/\/mes-pochoirs.com\/es\/wp-json\/wp\/v2\/product_cat?post=3624"},{"taxonomy":"product_tag","embeddable":true,"href":"https:\/\/mes-pochoirs.com\/es\/wp-json\/wp\/v2\/product_tag?post=3624"}],"curies":[{"name":"wp","href":"https:\/\/api.w.org\/{rel}","templated":true}]}}