{"id":36513,"date":"2026-04-23T15:46:20","date_gmt":"2026-04-23T13:46:20","guid":{"rendered":"https:\/\/mes-pochoirs.com\/?post_type=product&#038;p=36513"},"modified":"2026-04-23T15:46:23","modified_gmt":"2026-04-23T13:46:23","slug":"plantilla-astronauta-en-orbita","status":"publish","type":"product","link":"https:\/\/mes-pochoirs.com\/es\/produit\/pochoir-astronaute-en-orbite","title":{"rendered":"Plantilla Astronauta en \u00d3rbita"},"content":{"rendered":"<h2>Plantilla Astronauta en \u00d3rbita<\/h2>\n<p>Un instant captur\u00e9 en plein mouvement, quelque part dans l&#8217;espace.<\/p>\n<p>Esta silueta de astronauta sugiere una trayectoria, una presencia suspendida alrededor de un punto invisible. El cuerpo no est\u00e1 quieto: avanza, deriva, se ajusta. Una escena que evoca tanto el dominio como la inmensidad del vac\u00edo.<\/p>\n<p>El dise\u00f1o se basa en una composici\u00f3n din\u00e1mica, con l\u00edneas que traducen el movimiento y a\u00f1aden profundidad. No solo se observa una silueta, se percibe una acci\u00f3n en curso.<\/p>\n<p>La plantilla conserva esta energ\u00eda, manteni\u00e9ndose legible y f\u00e1cil de aplicar. Ofrece una base clara, lista para ser interpretada.<\/p>\n<p>La ilustraci\u00f3n propuesta brinda una visi\u00f3n colorida y expresiva del resultado final, pero la plantilla en s\u00ed permanece intencionadamente abierta. Colores, efectos, texturas\u2026 cada realizaci\u00f3n se vuelve \u00fanica.<\/p>\n<p>Un dise\u00f1o que aporta movimiento, una dimensi\u00f3n contempor\u00e1nea y una verdadera presencia en paredes, lienzos o mobiliario.<\/p>","protected":false},"excerpt":{"rendered":"<p>Un astronauta en movimiento, suspendido en el espacio. Una silueta din\u00e1mica que evoca exploraci\u00f3n y libertad, lista para ser interpretada seg\u00fan tu estilo.<\/p>","protected":false},"featured_media":36514,"comment_status":"open","ping_status":"closed","template":"","meta":{"bwfblock_default_font":"","_kad_blocks_custom_css":"","_kad_blocks_head_custom_js":"","_kad_blocks_body_custom_js":"","_kad_blocks_footer_custom_js":"","_kadence_starter_templates_imported_post":false,"_kad_post_transparent":"default","_kad_post_title":"","_kad_post_layout":"default","_kad_post_sidebar_id":"","_kad_post_content_style":"default","_kad_post_vertical_padding":"default","_kad_post_feature":"","_kad_post_feature_position":"","_kad_post_header":false,"_kad_post_footer":false,"_kad_post_classname":""},"product_brand":[1415],"product_cat":[2033,332],"product_tag":[391,990,637,2082,392,2083],"class_list":{"0":"post-36513","1":"product","2":"type-product","3":"status-publish","4":"has-post-thumbnail","6":"product_brand-mes-pochoirs","7":"product_cat-pochoirs-univers-spatial","8":"product_cat-pochoirs-pop-art","9":"product_tag-astronaute","10":"product_tag-cosmonaute","11":"product_tag-cosmos","12":"product_tag-creation-spatiale","13":"product_tag-espace","14":"product_tag-orbite","16":"first","17":"instock","18":"sale","19":"taxable","20":"shipping-taxable","21":"purchasable","22":"product-type-variable","23":"entry","24":"content-bg","25":"loop-entry"},"taxonomy_info":{"product_brand":[{"value":1415,"label":"Mes Pochoirs"}],"product_cat":[{"value":2033,"label":"Univers Spatial"},{"value":332,"label":"Pop Art"}],"product_tag":[{"value":391,"label":"astronaute"},{"value":990,"label":"cosmonaute"},{"value":637,"label":"cosmos"},{"value":2082,"label":"cr\u00e9ation spatiale"},{"value":392,"label":"espace"},{"value":2083,"label":"orbite"}]},"featured_image_src_large":["https:\/\/mes-pochoirs.com\/wp-content\/uploads\/2026\/04\/US0002-pochoir-astronaute-copyright-mes-pochoirs-858x1030.jpg",858,1030,true],"author_info":[],"comment_info":0,"_links":{"self":[{"href":"https:\/\/mes-pochoirs.com\/es\/wp-json\/wp\/v2\/product\/36513","targetHints":{"allow":["GET"]}}],"collection":[{"href":"https:\/\/mes-pochoirs.com\/es\/wp-json\/wp\/v2\/product"}],"about":[{"href":"https:\/\/mes-pochoirs.com\/es\/wp-json\/wp\/v2\/types\/product"}],"replies":[{"embeddable":true,"href":"https:\/\/mes-pochoirs.com\/es\/wp-json\/wp\/v2\/comments?post=36513"}],"wp:featuredmedia":[{"embeddable":true,"href":"https:\/\/mes-pochoirs.com\/es\/wp-json\/wp\/v2\/media\/36514"}],"wp:attachment":[{"href":"https:\/\/mes-pochoirs.com\/es\/wp-json\/wp\/v2\/media?parent=36513"}],"wp:term":[{"taxonomy":"product_brand","embeddable":true,"href":"https:\/\/mes-pochoirs.com\/es\/wp-json\/wp\/v2\/product_brand?post=36513"},{"taxonomy":"product_cat","embeddable":true,"href":"https:\/\/mes-pochoirs.com\/es\/wp-json\/wp\/v2\/product_cat?post=36513"},{"taxonomy":"product_tag","embeddable":true,"href":"https:\/\/mes-pochoirs.com\/es\/wp-json\/wp\/v2\/product_tag?post=36513"}],"curies":[{"name":"wp","href":"https:\/\/api.w.org\/{rel}","templated":true}]}}