{"id":3660,"date":"2021-11-01T14:48:03","date_gmt":"2021-11-01T14:48:03","guid":{"rendered":"https:\/\/mes-pochoirs.com\/?post_type=product&#038;p=3660"},"modified":"2025-10-31T11:40:55","modified_gmt":"2025-10-31T10:40:55","slug":"plantilla-para-azulejos-de-barro-cc0016","status":"publish","type":"product","link":"https:\/\/mes-pochoirs.com\/es\/produit\/pochoir-carreau-de-faience-cc0016","title":{"rendered":"Plantilla Azulejos - CC0016"},"content":{"rendered":"<h2>Plantilla de azulejos F<strong>\u00ef<\/strong>ence<\/h2>\n<h3>Un motivo inspirado en las tradiciones decorativas mediterr\u00e1neas<\/h3>\n<p><strong>Plantilla de azulejos<\/strong> - Este refinado motivo evoca los antiguos suelos de las casas del sur de Francia, entre el Mediterr\u00e1neo y la artesan\u00eda tradicional. Se inspira en las baldosas de barro de los interiores c\u00e1lidos y luminosos, y traslada su riqueza visual a una plantilla reutilizable dise\u00f1ada para realzar todo tipo de superficies. Su roset\u00f3n floral central irradia equilibrio, evocando el refinamiento de los motivos hist\u00f3ricos sin dejar de ser accesible al dise\u00f1o contempor\u00e1neo. Esta plantilla es una invitaci\u00f3n a viajar en el tiempo, a redescubrir el encanto de anta\u00f1o y a a\u00f1adir un toque gr\u00e1fico significativo a la decoraci\u00f3n de su hogar. Utilizada sobre una pared, un mueble o un lienzo, atrae todas las miradas y a\u00f1ade car\u00e1cter a su espacio con su suave simetr\u00eda y su dise\u00f1o atemporal.<\/p>\n<h3>Un estilo art\u00edstico que combina arabescos cl\u00e1sicos y elegancia moderna<\/h3>\n<p><strong>Plantilla de azulejos<\/strong> - Dise\u00f1ada para los amantes de la decoraci\u00f3n, esta plantilla es una fina mezcla de arabescos antiguos y expresi\u00f3n moderna. Sus l\u00edneas estructuradas, puntuadas por formas florales, crean una elegante din\u00e1mica visual, perfecta para una pieza de pared, un cuadro o un objeto decorativo personalizado. Se adapta a cualquier estilo: bohemio, cl\u00e1sico o minimalista. Reutilizable, reversible y disponible en varios tama\u00f1os, esta plantilla de alta calidad es la herramienta ideal para pintores, decoradores y dise\u00f1adores apasionados. Podr\u00e1 crear un ambiente \u00fanico, acorde con las tradiciones decorativas mediterr\u00e1neas, dejando volar su imaginaci\u00f3n. Una obra maestra para proyectos decorativos fuertes e inspiradores.<\/p>","protected":false},"excerpt":{"rendered":"<p><strong>Plantilla de azulejos<\/strong> para pintura decorativa o muebles. Motivos florales, arabescos y rosas. Reutilizables, varios tama\u00f1os.<\/p>","protected":false},"featured_media":3670,"comment_status":"open","ping_status":"closed","template":"","meta":{"bwfblock_default_font":"","_kad_blocks_custom_css":"","_kad_blocks_head_custom_js":"","_kad_blocks_body_custom_js":"","_kad_blocks_footer_custom_js":"","_kadence_starter_templates_imported_post":false,"_kad_post_transparent":"default","_kad_post_title":"","_kad_post_layout":"default","_kad_post_sidebar_id":"","_kad_post_content_style":"default","_kad_post_vertical_padding":"default","_kad_post_feature":"","_kad_post_feature_position":"","_kad_post_header":false,"_kad_post_footer":false,"_kad_post_classname":""},"product_brand":[1415],"product_cat":[37],"product_tag":[229,567,1358,227,50,1359,675,955],"class_list":{"0":"post-3660","1":"product","2":"type-product","3":"status-publish","4":"has-post-thumbnail","6":"product_brand-mes-pochoirs","7":"product_cat-pochoirs-pour-carreaux-ciment","8":"product_tag-arabesque","9":"product_tag-decoration","10":"product_tag-decoration-maison","11":"product_tag-faience","12":"product_tag-fleur","13":"product_tag-mediterraneeen","14":"product_tag-moderne","15":"product_tag-tradition","17":"first","18":"instock","19":"taxable","20":"shipping-taxable","21":"purchasable","22":"product-type-variable","23":"has-default-attributes","24":"entry","25":"content-bg","26":"loop-entry"},"taxonomy_info":{"product_brand":[{"value":1415,"label":"Mes Pochoirs"}],"product_cat":[{"value":37,"label":"Carreaux de ciment"}],"product_tag":[{"value":229,"label":"arabesque"},{"value":567,"label":"decoration"},{"value":1358,"label":"d\u00e9coration maison"},{"value":227,"label":"fa\u00efence"},{"value":50,"label":"fleur"},{"value":1359,"label":"m\u00e9diterran\u00e9een"},{"value":675,"label":"moderne"},{"value":955,"label":"tradition"}]},"featured_image_src_large":["https:\/\/mes-pochoirs.com\/wp-content\/uploads\/2021\/11\/CC00016-mes-pochoirs-com-858x1030.jpg",858,1030,true],"author_info":[],"comment_info":0,"_links":{"self":[{"href":"https:\/\/mes-pochoirs.com\/es\/wp-json\/wp\/v2\/product\/3660","targetHints":{"allow":["GET"]}}],"collection":[{"href":"https:\/\/mes-pochoirs.com\/es\/wp-json\/wp\/v2\/product"}],"about":[{"href":"https:\/\/mes-pochoirs.com\/es\/wp-json\/wp\/v2\/types\/product"}],"replies":[{"embeddable":true,"href":"https:\/\/mes-pochoirs.com\/es\/wp-json\/wp\/v2\/comments?post=3660"}],"wp:featuredmedia":[{"embeddable":true,"href":"https:\/\/mes-pochoirs.com\/es\/wp-json\/wp\/v2\/media\/3670"}],"wp:attachment":[{"href":"https:\/\/mes-pochoirs.com\/es\/wp-json\/wp\/v2\/media?parent=3660"}],"wp:term":[{"taxonomy":"product_brand","embeddable":true,"href":"https:\/\/mes-pochoirs.com\/es\/wp-json\/wp\/v2\/product_brand?post=3660"},{"taxonomy":"product_cat","embeddable":true,"href":"https:\/\/mes-pochoirs.com\/es\/wp-json\/wp\/v2\/product_cat?post=3660"},{"taxonomy":"product_tag","embeddable":true,"href":"https:\/\/mes-pochoirs.com\/es\/wp-json\/wp\/v2\/product_tag?post=3660"}],"curies":[{"name":"wp","href":"https:\/\/api.w.org\/{rel}","templated":true}]}}