{"id":3684,"date":"2021-11-01T14:53:24","date_gmt":"2021-11-01T14:53:24","guid":{"rendered":"https:\/\/mes-pochoirs.com\/?post_type=product&#038;p=3684"},"modified":"2025-10-31T11:40:59","modified_gmt":"2025-10-31T10:40:59","slug":"plantilla-rosa-real-azulejo-cc0018","status":"publish","type":"product","link":"https:\/\/mes-pochoirs.com\/es\/produit\/pochoir-carreau-rosace-royale-cc0018","title":{"rendered":"Plantilla Rosa Real - CC0018"},"content":{"rendered":"<h2>Plantilla de azulejos Royal Rose<\/h2>\n<h3>Un motivo majestuoso en el coraz\u00f3n de la tradici\u00f3n decorativa<\/h3>\n<p><strong>Plantilla de azulejos Royal Rose<\/strong> - Este refinado motivo se inspira en las emblem\u00e1ticas rosetas del arte decorativo cl\u00e1sico. Su centro floral estructurado, rodeado de volutas equilibradas y puntas arabescas, evoca una corona ornamental de gran elegancia. Esta plantilla encarna tanto la riqueza de los azulejos de cemento tradicionales como el \u00edmpetu creativo de los artistas contempor\u00e1neos. Se adivina la nobleza de una flor de lis, estilizada e intemporal. Dise\u00f1ada para realzar una pared, un lienzo o un mueble, esta plantilla a\u00f1ade car\u00e1cter al instante a la decoraci\u00f3n de su hogar. Su dise\u00f1o floral y sim\u00e9trico hace que un espacio irradie suavidad y fuerza, como un emblema visual de fuerte valor expresivo. Un homenaje a la loza de anta\u00f1o, finamente reelaborada para los interiores de hoy.<\/p>\n<h3>Un estilo art\u00edstico que combina el arabesco real y la artesan\u00eda elegante<\/h3>\n<p><strong>Plantilla de azulejos Royal Rose<\/strong> - Con sus l\u00edneas precisas, sus estilizadas formas florales y sus nobles arabescos, esta plantilla ofrece un estilo artesanal rico y gr\u00e1fico. Combina la tradici\u00f3n ornamental de los antiguos suelos decorados con un moderno esp\u00edritu bohemio, donde cada l\u00ednea se convierte en un gesto de expresi\u00f3n art\u00edstica. El motivo, a la vez riguroso y po\u00e9tico, se presta a composiciones murales, obras pict\u00f3ricas u objetos cuidadosamente decorados. Reutilizable, reversible y disponible en varios tama\u00f1os, esta plantilla de gran calidad es una aliada tanto para los artistas aficionados como para los experimentados. Ayuda a anclar una creaci\u00f3n en una est\u00e9tica fuerte: a la vez regia, floral y sim\u00e9trica. Con la <strong>Plantilla de azulejos Royal Rose<\/strong>Deje volar su imaginaci\u00f3n y transforme cada superficie en una obra maestra cargada de historia y personalidad.<\/p>","protected":false},"excerpt":{"rendered":"<p><strong>Plantilla de azulejos Royal Rose<\/strong> en una roseta sim\u00e9trica. Reutilizable, de alta calidad, ideal para pintura decorativa o murales.<\/p>","protected":false},"featured_media":3694,"comment_status":"open","ping_status":"closed","template":"","meta":{"bwfblock_default_font":"","_kad_blocks_custom_css":"","_kad_blocks_head_custom_js":"","_kad_blocks_body_custom_js":"","_kad_blocks_footer_custom_js":"","_kadence_starter_templates_imported_post":false,"_kad_post_transparent":"default","_kad_post_title":"","_kad_post_layout":"default","_kad_post_sidebar_id":"","_kad_post_content_style":"default","_kad_post_vertical_padding":"default","_kad_post_feature":"","_kad_post_feature_position":"","_kad_post_header":false,"_kad_post_footer":false,"_kad_post_classname":""},"product_brand":[1415],"product_cat":[37],"product_tag":[229,1376,1364,1374,1373,226,567,227,50,228,648,1375,252,1372,955,1367],"class_list":{"0":"post-3684","1":"product","2":"type-product","3":"status-publish","4":"has-post-thumbnail","6":"product_brand-mes-pochoirs","7":"product_cat-pochoirs-pour-carreaux-ciment","8":"product_tag-arabesque","9":"product_tag-artisanal","10":"product_tag-boheme","11":"product_tag-carreau","12":"product_tag-ciment","13":"product_tag-couronne","14":"product_tag-decoration","15":"product_tag-faience","16":"product_tag-fleur","17":"product_tag-fleur-de-lys","18":"product_tag-floral","19":"product_tag-ornemental","20":"product_tag-rosace","21":"product_tag-symetrique","22":"product_tag-tradition","23":"product_tag-volutes","25":"first","26":"instock","27":"taxable","28":"shipping-taxable","29":"purchasable","30":"product-type-variable","31":"has-default-attributes","32":"entry","33":"content-bg","34":"loop-entry"},"taxonomy_info":{"product_brand":[{"value":1415,"label":"Mes Pochoirs"}],"product_cat":[{"value":37,"label":"Carreaux de ciment"}],"product_tag":[{"value":229,"label":"arabesque"},{"value":1376,"label":"artisanal"},{"value":1364,"label":"boh\u00e8me"},{"value":1374,"label":"carreau"},{"value":1373,"label":"ciment"},{"value":226,"label":"couronne"},{"value":567,"label":"decoration"},{"value":227,"label":"fa\u00efence"},{"value":50,"label":"fleur"},{"value":228,"label":"fleur de lys"},{"value":648,"label":"floral"},{"value":1375,"label":"ornemental"},{"value":252,"label":"rosace"},{"value":1372,"label":"sym\u00e9trique"},{"value":955,"label":"tradition"},{"value":1367,"label":"volutes"}]},"featured_image_src_large":["https:\/\/mes-pochoirs.com\/wp-content\/uploads\/2021\/11\/CC00018-mes-pochoirs-com-858x1030.jpg",858,1030,true],"author_info":[],"comment_info":0,"_links":{"self":[{"href":"https:\/\/mes-pochoirs.com\/es\/wp-json\/wp\/v2\/product\/3684","targetHints":{"allow":["GET"]}}],"collection":[{"href":"https:\/\/mes-pochoirs.com\/es\/wp-json\/wp\/v2\/product"}],"about":[{"href":"https:\/\/mes-pochoirs.com\/es\/wp-json\/wp\/v2\/types\/product"}],"replies":[{"embeddable":true,"href":"https:\/\/mes-pochoirs.com\/es\/wp-json\/wp\/v2\/comments?post=3684"}],"wp:featuredmedia":[{"embeddable":true,"href":"https:\/\/mes-pochoirs.com\/es\/wp-json\/wp\/v2\/media\/3694"}],"wp:attachment":[{"href":"https:\/\/mes-pochoirs.com\/es\/wp-json\/wp\/v2\/media?parent=3684"}],"wp:term":[{"taxonomy":"product_brand","embeddable":true,"href":"https:\/\/mes-pochoirs.com\/es\/wp-json\/wp\/v2\/product_brand?post=3684"},{"taxonomy":"product_cat","embeddable":true,"href":"https:\/\/mes-pochoirs.com\/es\/wp-json\/wp\/v2\/product_cat?post=3684"},{"taxonomy":"product_tag","embeddable":true,"href":"https:\/\/mes-pochoirs.com\/es\/wp-json\/wp\/v2\/product_tag?post=3684"}],"curies":[{"name":"wp","href":"https:\/\/api.w.org\/{rel}","templated":true}]}}