{"id":3696,"date":"2021-11-01T14:55:52","date_gmt":"2021-11-01T14:55:52","guid":{"rendered":"https:\/\/mes-pochoirs.com\/?post_type=product&#038;p=3696"},"modified":"2025-10-31T11:41:01","modified_gmt":"2025-10-31T10:41:01","slug":"stencil-azulejo-mandala-flor-cc0019","status":"publish","type":"product","link":"https:\/\/mes-pochoirs.com\/es\/produit\/pochoir-carreau-mandala-fleur-cc0019","title":{"rendered":"Plantilla Azulejos Flor Mandala - CC0019"},"content":{"rendered":"<h2>Plantilla de azulejos con flores de mandala<\/h2>\n<h3>Una flor majestuosa para una decoraci\u00f3n inspirada y radiante<\/h3>\n<p><strong>Plantilla de azulejos con flores de mandala<\/strong> - Este motivo central evoca la elegancia de un roset\u00f3n floral, rodeado de volutas arabescas que resaltan la suavidad de los p\u00e9talos en perfecta simetr\u00eda. A caballo entre un azulejo de cemento tradicional y un motivo de mandala, esta flor estilizada da una impresi\u00f3n de calma, equilibrio y refinamiento. Es un complemento sutil para cualquier decoraci\u00f3n, ya sea bohemia, tradicional o m\u00e1s cl\u00e1sica. Cada detalle parece dise\u00f1ado para evocar una flor de lis redondeada, una corona vegetal simb\u00f3lica o una pieza de loza antigua revisitada. Esta plantilla transforma una pared, un lienzo o un mueble en un espacio po\u00e9tico y meditativo, listo para acoger una obra de arte personal y viva.<\/p>\n<h3>Un estilo floral art\u00edstico que combina tradici\u00f3n decorativa y modernidad bohemia<\/h3>\n<p><strong>Plantilla de azulejos con flores de mandala<\/strong> - Dise\u00f1ada para artistas y decoradores apasionados, esta plantilla combina el dise\u00f1o ornamental tradicional con la libertad creativa. Su dise\u00f1o floral, inspirado en los mandalas naturales y los arabescos mediterr\u00e1neos, a\u00f1ade un refinado toque artesanal a cualquier proyecto. Su composici\u00f3n sim\u00e9trica y et\u00e9rea fomenta la concentraci\u00f3n, el gesto preciso y la expresi\u00f3n sensible. Reutilizable y reversible, y disponible en varios tama\u00f1os, esta plantilla de alta calidad puede adaptarse a una amplia gama de superficies: madera, pared, lienzo u objeto decorativo. Es perfecta para un mural, una pintura floral o para realzar un mueble con un motivo fuerte y relajante. Visite <strong>Plantilla de azulejos con flores de mandala<\/strong> se convertir\u00e1 en un aliado inestimable en todas sus exploraciones decorativas y creativas.<\/p>","protected":false},"excerpt":{"rendered":"<p><strong>Plantilla de azulejos con flores de mandala<\/strong> con motivos florales y sim\u00e9tricos. Reutilizables, perfectos para pintar en la pared o decorar manualidades.<\/p>","protected":false},"featured_media":3706,"comment_status":"open","ping_status":"closed","template":"","meta":{"bwfblock_default_font":"","_kad_blocks_custom_css":"","_kad_blocks_head_custom_js":"","_kad_blocks_body_custom_js":"","_kad_blocks_footer_custom_js":"","_kadence_starter_templates_imported_post":false,"_kad_post_transparent":"default","_kad_post_title":"","_kad_post_layout":"default","_kad_post_sidebar_id":"","_kad_post_content_style":"default","_kad_post_vertical_padding":"default","_kad_post_feature":"","_kad_post_feature_position":"","_kad_post_header":false,"_kad_post_footer":false,"_kad_post_classname":""},"product_brand":[1415],"product_cat":[37],"product_tag":[229,1376,1364,1374,1373,226,567,227,50,228,648,1375,252,1372,955,1367],"class_list":{"0":"post-3696","1":"product","2":"type-product","3":"status-publish","4":"has-post-thumbnail","6":"product_brand-mes-pochoirs","7":"product_cat-pochoirs-pour-carreaux-ciment","8":"product_tag-arabesque","9":"product_tag-artisanal","10":"product_tag-boheme","11":"product_tag-carreau","12":"product_tag-ciment","13":"product_tag-couronne","14":"product_tag-decoration","15":"product_tag-faience","16":"product_tag-fleur","17":"product_tag-fleur-de-lys","18":"product_tag-floral","19":"product_tag-ornemental","20":"product_tag-rosace","21":"product_tag-symetrique","22":"product_tag-tradition","23":"product_tag-volutes","25":"first","26":"instock","27":"taxable","28":"shipping-taxable","29":"purchasable","30":"product-type-variable","31":"has-default-attributes","32":"entry","33":"content-bg","34":"loop-entry"},"taxonomy_info":{"product_brand":[{"value":1415,"label":"Mes Pochoirs"}],"product_cat":[{"value":37,"label":"Carreaux de ciment"}],"product_tag":[{"value":229,"label":"arabesque"},{"value":1376,"label":"artisanal"},{"value":1364,"label":"boh\u00e8me"},{"value":1374,"label":"carreau"},{"value":1373,"label":"ciment"},{"value":226,"label":"couronne"},{"value":567,"label":"decoration"},{"value":227,"label":"fa\u00efence"},{"value":50,"label":"fleur"},{"value":228,"label":"fleur de lys"},{"value":648,"label":"floral"},{"value":1375,"label":"ornemental"},{"value":252,"label":"rosace"},{"value":1372,"label":"sym\u00e9trique"},{"value":955,"label":"tradition"},{"value":1367,"label":"volutes"}]},"featured_image_src_large":["https:\/\/mes-pochoirs.com\/wp-content\/uploads\/2021\/11\/CC00019-mes-pochoirs-com-858x1030.jpg",858,1030,true],"author_info":[],"comment_info":0,"_links":{"self":[{"href":"https:\/\/mes-pochoirs.com\/es\/wp-json\/wp\/v2\/product\/3696","targetHints":{"allow":["GET"]}}],"collection":[{"href":"https:\/\/mes-pochoirs.com\/es\/wp-json\/wp\/v2\/product"}],"about":[{"href":"https:\/\/mes-pochoirs.com\/es\/wp-json\/wp\/v2\/types\/product"}],"replies":[{"embeddable":true,"href":"https:\/\/mes-pochoirs.com\/es\/wp-json\/wp\/v2\/comments?post=3696"}],"wp:featuredmedia":[{"embeddable":true,"href":"https:\/\/mes-pochoirs.com\/es\/wp-json\/wp\/v2\/media\/3706"}],"wp:attachment":[{"href":"https:\/\/mes-pochoirs.com\/es\/wp-json\/wp\/v2\/media?parent=3696"}],"wp:term":[{"taxonomy":"product_brand","embeddable":true,"href":"https:\/\/mes-pochoirs.com\/es\/wp-json\/wp\/v2\/product_brand?post=3696"},{"taxonomy":"product_cat","embeddable":true,"href":"https:\/\/mes-pochoirs.com\/es\/wp-json\/wp\/v2\/product_cat?post=3696"},{"taxonomy":"product_tag","embeddable":true,"href":"https:\/\/mes-pochoirs.com\/es\/wp-json\/wp\/v2\/product_tag?post=3696"}],"curies":[{"name":"wp","href":"https:\/\/api.w.org\/{rel}","templated":true}]}}