{"id":3708,"date":"2021-11-01T15:44:56","date_gmt":"2021-11-01T15:44:56","guid":{"rendered":"https:\/\/mes-pochoirs.com\/?post_type=product&#038;p=3708"},"modified":"2025-10-31T11:41:03","modified_gmt":"2025-10-31T10:41:03","slug":"plantilla-azulejos-de-bohemia-cc0022","status":"publish","type":"product","link":"https:\/\/mes-pochoirs.com\/es\/produit\/pochoir-carreau-boheme-cc0022","title":{"rendered":"Plantilla Azulejos de Bohemia - CC0022"},"content":{"rendered":"<h2>Plantilla de azulejos de Bohemia<\/h2>\n<h3>Un dise\u00f1o inspirado en la naturaleza y la artesan\u00eda tradicional<\/h3>\n<p><strong>Plantilla de azulejos de Bohemia<\/strong> - Este motivo rico y equilibrado se inspira en los azulejos de cemento tradicionales, combinando rosetas, flores estilizadas y arabescos fluidos. Cada elemento parece danzar alrededor del centro, creando una simetr\u00eda vegetal en la que las volutas se curvan con elegancia. Evoca a la vez la delicadeza de una flor de lis revisitada y la calidez de un motivo de loza derivado de las artes decorativas de anta\u00f1o. Perfecta para vestir una pared, un mueble o un lienzo, esta plantilla crea una atm\u00f3sfera bohemia a la vez ligera y estructurada. Transforma las superficies en verdaderas composiciones po\u00e9ticas, ideales para una decoraci\u00f3n natural, inspirada y llena de car\u00e1cter.<\/p>\n<h3>Un estilo art\u00edstico que combina tradici\u00f3n floral y esp\u00edritu bohemio<\/h3>\n<p><strong>Plantilla de azulejos de Bohemia<\/strong> - Pensada para los dise\u00f1adores que buscan una expresi\u00f3n aut\u00e9ntica, esta plantilla combina la tradici\u00f3n ornamental con la libertad art\u00edstica. Su dise\u00f1o floral y sim\u00e9trico, formado por volutas y curvas vegetales, recuerda a las decoraciones de loza de las casas del sur, pero se adapta perfectamente a los interiores modernos. Evoca una corona decorativa, a la vez artesanal y sofisticada. Reutilizable, reversible y disponible en varios tama\u00f1os, es ideal para pintores, amantes de los cuadros decorativos, murales de pared o muebles personalizados. Visite <strong>Plantilla de azulejos de Bohemia<\/strong> se convierte en una aut\u00e9ntica herramienta de inspiraci\u00f3n, capaz de dar vida a una obra \u00fanica, arraigada en la belleza de las formas naturales y las tradiciones decorativas.<\/p>","protected":false},"excerpt":{"rendered":"<p><strong>Plantilla de azulejos de Bohemia<\/strong> Roset\u00f3n floral para cuadros, muebles o lienzos. De alta calidad, reversible, disponible en varios tama\u00f1os.<\/p>","protected":false},"featured_media":3718,"comment_status":"open","ping_status":"closed","template":"","meta":{"bwfblock_default_font":"","_kad_blocks_custom_css":"","_kad_blocks_head_custom_js":"","_kad_blocks_body_custom_js":"","_kad_blocks_footer_custom_js":"","_kadence_starter_templates_imported_post":false,"_kad_post_transparent":"default","_kad_post_title":"","_kad_post_layout":"default","_kad_post_sidebar_id":"","_kad_post_content_style":"default","_kad_post_vertical_padding":"default","_kad_post_feature":"","_kad_post_feature_position":"","_kad_post_header":false,"_kad_post_footer":false,"_kad_post_classname":""},"product_brand":[1415],"product_cat":[37],"product_tag":[229,1376,1364,1374,1373,226,567,227,50,228,648,1375,252,1372,955,1367],"class_list":{"0":"post-3708","1":"product","2":"type-product","3":"status-publish","4":"has-post-thumbnail","6":"product_brand-mes-pochoirs","7":"product_cat-pochoirs-pour-carreaux-ciment","8":"product_tag-arabesque","9":"product_tag-artisanal","10":"product_tag-boheme","11":"product_tag-carreau","12":"product_tag-ciment","13":"product_tag-couronne","14":"product_tag-decoration","15":"product_tag-faience","16":"product_tag-fleur","17":"product_tag-fleur-de-lys","18":"product_tag-floral","19":"product_tag-ornemental","20":"product_tag-rosace","21":"product_tag-symetrique","22":"product_tag-tradition","23":"product_tag-volutes","25":"first","26":"instock","27":"taxable","28":"shipping-taxable","29":"purchasable","30":"product-type-variable","31":"has-default-attributes","32":"entry","33":"content-bg","34":"loop-entry"},"taxonomy_info":{"product_brand":[{"value":1415,"label":"Mes Pochoirs"}],"product_cat":[{"value":37,"label":"Carreaux de ciment"}],"product_tag":[{"value":229,"label":"arabesque"},{"value":1376,"label":"artisanal"},{"value":1364,"label":"boh\u00e8me"},{"value":1374,"label":"carreau"},{"value":1373,"label":"ciment"},{"value":226,"label":"couronne"},{"value":567,"label":"decoration"},{"value":227,"label":"fa\u00efence"},{"value":50,"label":"fleur"},{"value":228,"label":"fleur de lys"},{"value":648,"label":"floral"},{"value":1375,"label":"ornemental"},{"value":252,"label":"rosace"},{"value":1372,"label":"sym\u00e9trique"},{"value":955,"label":"tradition"},{"value":1367,"label":"volutes"}]},"featured_image_src_large":["https:\/\/mes-pochoirs.com\/wp-content\/uploads\/2021\/11\/CC00022-mes-pochoirs-com-858x1030.jpg",858,1030,true],"author_info":[],"comment_info":0,"_links":{"self":[{"href":"https:\/\/mes-pochoirs.com\/es\/wp-json\/wp\/v2\/product\/3708","targetHints":{"allow":["GET"]}}],"collection":[{"href":"https:\/\/mes-pochoirs.com\/es\/wp-json\/wp\/v2\/product"}],"about":[{"href":"https:\/\/mes-pochoirs.com\/es\/wp-json\/wp\/v2\/types\/product"}],"replies":[{"embeddable":true,"href":"https:\/\/mes-pochoirs.com\/es\/wp-json\/wp\/v2\/comments?post=3708"}],"wp:featuredmedia":[{"embeddable":true,"href":"https:\/\/mes-pochoirs.com\/es\/wp-json\/wp\/v2\/media\/3718"}],"wp:attachment":[{"href":"https:\/\/mes-pochoirs.com\/es\/wp-json\/wp\/v2\/media?parent=3708"}],"wp:term":[{"taxonomy":"product_brand","embeddable":true,"href":"https:\/\/mes-pochoirs.com\/es\/wp-json\/wp\/v2\/product_brand?post=3708"},{"taxonomy":"product_cat","embeddable":true,"href":"https:\/\/mes-pochoirs.com\/es\/wp-json\/wp\/v2\/product_cat?post=3708"},{"taxonomy":"product_tag","embeddable":true,"href":"https:\/\/mes-pochoirs.com\/es\/wp-json\/wp\/v2\/product_tag?post=3708"}],"curies":[{"name":"wp","href":"https:\/\/api.w.org\/{rel}","templated":true}]}}