{"id":3720,"date":"2021-11-01T15:49:35","date_gmt":"2021-11-01T15:49:35","guid":{"rendered":"https:\/\/mes-pochoirs.com\/?post_type=product&#038;p=3720"},"modified":"2025-10-31T12:46:47","modified_gmt":"2025-10-31T11:46:47","slug":"plantilla-grafica-de-mandala-cc0023","status":"publish","type":"product","link":"https:\/\/mes-pochoirs.com\/es\/produit\/pochoir-carreau-mandala-graphique-cc0023","title":{"rendered":"Graphic Mandala Azulejos Stencil - CC0023"},"content":{"rendered":"<h2>Plantilla gr\u00e1fica de mandala<\/h2>\n<h3>Un dise\u00f1o que combina geometr\u00eda simb\u00f3lica y flores estilizadas<\/h3>\n<p><strong>Plantilla gr\u00e1fica de mandala<\/strong> - Este dise\u00f1o \u00fanico combina la pureza de la simetr\u00eda floral con la fuerza de los gr\u00e1ficos geom\u00e9tricos. En su centro, una estilizada flor de p\u00e9talos alargados irradia como una moderna roseta, rodeada de formas de l\u00e1grima, ojo o voluta que dan elegante ritmo al conjunto. Cada elemento parece orquestado en una danza fluida pero precisa, que recuerda a las antiguas baldosas de cemento y a las coronas ornamentales de inspiraci\u00f3n mediterr\u00e1nea. Utilizada como decoraci\u00f3n mural, sobre lienzo o sobre muebles, esta plantilla se convierte en un aut\u00e9ntico ancla visual. Expresa una fuerte visi\u00f3n decorativa, a medio camino entre la tradici\u00f3n y la energ\u00eda contempor\u00e1nea, perfecta para quienes desean enriquecer sus interiores con un toque art\u00edstico a la vez floral y simb\u00f3lico.<\/p>\n<h3>Un estilo art\u00edstico que combina mandalas modernos y ornamentaci\u00f3n bohemia<\/h3>\n<p><strong>Plantilla gr\u00e1fica de mandala<\/strong> - Esta plantilla es una invitaci\u00f3n a explorar un mundo artesanal y bohemio, donde el rigor del mandala se encuentra con la libertad del gesto decorativo. Sus discretos arabescos, sus formas sim\u00e9tricas y su dise\u00f1o floral a la vez que gr\u00e1fico la convierten en una herramienta ideal para los artistas que buscan un equilibrio entre intuici\u00f3n y estructura. Recuerda a las antiguas decoraciones de loza, pero est\u00e1 abierto a la modernidad de los motivos estilizados. Reutilizable, reversible y disponible en varios tama\u00f1os, esta plantilla de alta calidad es perfecta para sus obras pintadas, cuadros o proyectos de decoraci\u00f3n del hogar. Con el <strong>Plantilla gr\u00e1fica de mandala<\/strong>Cada creaci\u00f3n se convierte en una composici\u00f3n viva, precisa e inspirada, una huella \u00fanica en la encrucijada del arte y la tradici\u00f3n.<\/p>","protected":false},"excerpt":{"rendered":"<p><strong>Plantilla gr\u00e1fica de mandala<\/strong>Reutilizable y ornamental. Ideal para pintar sobre lienzo o decoraci\u00f3n bohemia, calidad profesional.<\/p>","protected":false},"featured_media":3730,"comment_status":"open","ping_status":"closed","template":"","meta":{"bwfblock_default_font":"","_kad_blocks_custom_css":"","_kad_blocks_head_custom_js":"","_kad_blocks_body_custom_js":"","_kad_blocks_footer_custom_js":"","_kadence_starter_templates_imported_post":false,"_kad_post_transparent":"default","_kad_post_title":"","_kad_post_layout":"default","_kad_post_sidebar_id":"","_kad_post_content_style":"default","_kad_post_vertical_padding":"default","_kad_post_feature":"","_kad_post_feature_position":"","_kad_post_header":false,"_kad_post_footer":false,"_kad_post_classname":""},"product_brand":[1415],"product_cat":[37],"product_tag":[229,1376,1364,1374,1373,226,567,227,50,228,648,1375,252,1372,955,1367],"class_list":{"0":"post-3720","1":"product","2":"type-product","3":"status-publish","4":"has-post-thumbnail","6":"product_brand-mes-pochoirs","7":"product_cat-pochoirs-pour-carreaux-ciment","8":"product_tag-arabesque","9":"product_tag-artisanal","10":"product_tag-boheme","11":"product_tag-carreau","12":"product_tag-ciment","13":"product_tag-couronne","14":"product_tag-decoration","15":"product_tag-faience","16":"product_tag-fleur","17":"product_tag-fleur-de-lys","18":"product_tag-floral","19":"product_tag-ornemental","20":"product_tag-rosace","21":"product_tag-symetrique","22":"product_tag-tradition","23":"product_tag-volutes","25":"first","26":"instock","27":"taxable","28":"shipping-taxable","29":"purchasable","30":"product-type-variable","31":"has-default-attributes","32":"entry","33":"content-bg","34":"loop-entry"},"taxonomy_info":{"product_brand":[{"value":1415,"label":"Mes Pochoirs"}],"product_cat":[{"value":37,"label":"Carreaux de ciment"}],"product_tag":[{"value":229,"label":"arabesque"},{"value":1376,"label":"artisanal"},{"value":1364,"label":"boh\u00e8me"},{"value":1374,"label":"carreau"},{"value":1373,"label":"ciment"},{"value":226,"label":"couronne"},{"value":567,"label":"decoration"},{"value":227,"label":"fa\u00efence"},{"value":50,"label":"fleur"},{"value":228,"label":"fleur de lys"},{"value":648,"label":"floral"},{"value":1375,"label":"ornemental"},{"value":252,"label":"rosace"},{"value":1372,"label":"sym\u00e9trique"},{"value":955,"label":"tradition"},{"value":1367,"label":"volutes"}]},"featured_image_src_large":["https:\/\/mes-pochoirs.com\/wp-content\/uploads\/2021\/11\/CC00023-mes-pochoirs-com-858x1030.jpg",858,1030,true],"author_info":[],"comment_info":0,"_links":{"self":[{"href":"https:\/\/mes-pochoirs.com\/es\/wp-json\/wp\/v2\/product\/3720","targetHints":{"allow":["GET"]}}],"collection":[{"href":"https:\/\/mes-pochoirs.com\/es\/wp-json\/wp\/v2\/product"}],"about":[{"href":"https:\/\/mes-pochoirs.com\/es\/wp-json\/wp\/v2\/types\/product"}],"replies":[{"embeddable":true,"href":"https:\/\/mes-pochoirs.com\/es\/wp-json\/wp\/v2\/comments?post=3720"}],"wp:featuredmedia":[{"embeddable":true,"href":"https:\/\/mes-pochoirs.com\/es\/wp-json\/wp\/v2\/media\/3730"}],"wp:attachment":[{"href":"https:\/\/mes-pochoirs.com\/es\/wp-json\/wp\/v2\/media?parent=3720"}],"wp:term":[{"taxonomy":"product_brand","embeddable":true,"href":"https:\/\/mes-pochoirs.com\/es\/wp-json\/wp\/v2\/product_brand?post=3720"},{"taxonomy":"product_cat","embeddable":true,"href":"https:\/\/mes-pochoirs.com\/es\/wp-json\/wp\/v2\/product_cat?post=3720"},{"taxonomy":"product_tag","embeddable":true,"href":"https:\/\/mes-pochoirs.com\/es\/wp-json\/wp\/v2\/product_tag?post=3720"}],"curies":[{"name":"wp","href":"https:\/\/api.w.org\/{rel}","templated":true}]}}