{"id":3744,"date":"2021-11-01T16:07:36","date_gmt":"2021-11-01T16:07:36","guid":{"rendered":"https:\/\/mes-pochoirs.com\/?post_type=product&#038;p=3744"},"modified":"2025-10-31T12:46:51","modified_gmt":"2025-10-31T11:46:51","slug":"plantilla-cemento-azulejo-flor-de-loto-cc0025","status":"publish","type":"product","link":"https:\/\/mes-pochoirs.com\/es\/produit\/pochoir-carreau-de-ciment-fleur-de-lotus-cc0025","title":{"rendered":"Plantilla de azulejos de cemento Flor de loto - CC0025"},"content":{"rendered":"<h2>Plantilla de baldosas de cemento con flor de loto<\/h2>\n<h3>Armon\u00eda floral y mensaje simb\u00f3lico<\/h3>\n<p><strong>Plantilla de azulejos de cemento Flor de loto<\/strong> - Este cautivador dise\u00f1o es una oda a la elegancia y el equilibrio naturales. En su centro, una flor de loto irradia como una corona, rodeada de volutas y p\u00e9talos de l\u00edneas fluidas. Este dise\u00f1o sim\u00e9trico evoca pureza, renacimiento y serenidad, a la vez que insufla energ\u00eda creativa a su decoraci\u00f3n. Cada aplicaci\u00f3n transforma sus superficies en obras de arte \u00fanicas, que recuerdan a la loza antigua y a los azulejos tradicionales hechos a mano. Ideal para artistas en busca de significado, esta plantilla cuenta una poderosa historia visual, entre la delicadeza floral y la libre expresi\u00f3n art\u00edstica.<\/p>\n<h3>Un estilo que combina artesan\u00eda tradicional y esp\u00edritu bohemio<\/h3>\n<p><strong>Plantilla de azulejos de cemento Flor de loto<\/strong> - Inspirado en los antiguos motivos ornamentales y las baldosas de cemento t\u00edpicas de los interiores mediterr\u00e1neos, este dise\u00f1o revisita la est\u00e9tica artesanal con delicadeza. Su estructura geom\u00e9trica y sim\u00e9trica, subrayada por arabescos y flores de lis, evoca la decoraci\u00f3n cl\u00e1sica al tiempo que se adapta a un estilo bohemio moderno. Perfecta para decorar paredes, muebles o lienzos, esta plantilla ofrece un refinado efecto gr\u00e1fico, a medio camino entre el roset\u00f3n floral y la arquitectura decorativa. Una inspiradora herramienta creativa para realzar su casa o sus cuadros, y revelar toda su sensibilidad art\u00edstica.<\/p>","protected":false},"excerpt":{"rendered":"<p><strong data-start=\"1715\" data-end=\"1759\">Plantilla de baldosas de cemento con flor de loto<\/strong> en estilo loza. Ideal para pintores, varios tama\u00f1os, uso reversible.<\/p>","protected":false},"featured_media":3754,"comment_status":"open","ping_status":"closed","template":"","meta":{"bwfblock_default_font":"","_kad_blocks_custom_css":"","_kad_blocks_head_custom_js":"","_kad_blocks_body_custom_js":"","_kad_blocks_footer_custom_js":"","_kadence_starter_templates_imported_post":false,"_kad_post_transparent":"default","_kad_post_title":"","_kad_post_layout":"default","_kad_post_sidebar_id":"","_kad_post_content_style":"default","_kad_post_vertical_padding":"default","_kad_post_feature":"","_kad_post_feature_position":"","_kad_post_header":false,"_kad_post_footer":false,"_kad_post_classname":""},"product_brand":[1415],"product_cat":[37],"product_tag":[229,1376,1364,1374,1373,226,567,227,50,1406,228,648,1375,252,1372,955,1367],"class_list":{"0":"post-3744","1":"product","2":"type-product","3":"status-publish","4":"has-post-thumbnail","6":"product_brand-mes-pochoirs","7":"product_cat-pochoirs-pour-carreaux-ciment","8":"product_tag-arabesque","9":"product_tag-artisanal","10":"product_tag-boheme","11":"product_tag-carreau","12":"product_tag-ciment","13":"product_tag-couronne","14":"product_tag-decoration","15":"product_tag-faience","16":"product_tag-fleur","17":"product_tag-fleur-de-lotus","18":"product_tag-fleur-de-lys","19":"product_tag-floral","20":"product_tag-ornemental","21":"product_tag-rosace","22":"product_tag-symetrique","23":"product_tag-tradition","24":"product_tag-volutes","26":"first","27":"instock","28":"taxable","29":"shipping-taxable","30":"purchasable","31":"product-type-variable","32":"has-default-attributes","33":"entry","34":"content-bg","35":"loop-entry"},"taxonomy_info":{"product_brand":[{"value":1415,"label":"Mes Pochoirs"}],"product_cat":[{"value":37,"label":"Carreaux de ciment"}],"product_tag":[{"value":229,"label":"arabesque"},{"value":1376,"label":"artisanal"},{"value":1364,"label":"boh\u00e8me"},{"value":1374,"label":"carreau"},{"value":1373,"label":"ciment"},{"value":226,"label":"couronne"},{"value":567,"label":"decoration"},{"value":227,"label":"fa\u00efence"},{"value":50,"label":"fleur"},{"value":1406,"label":"fleur de lotus"},{"value":228,"label":"fleur de lys"},{"value":648,"label":"floral"},{"value":1375,"label":"ornemental"},{"value":252,"label":"rosace"},{"value":1372,"label":"sym\u00e9trique"},{"value":955,"label":"tradition"},{"value":1367,"label":"volutes"}]},"featured_image_src_large":["https:\/\/mes-pochoirs.com\/wp-content\/uploads\/2021\/11\/CC00025-mes-pochoirs-com-858x1030.jpg",858,1030,true],"author_info":[],"comment_info":0,"_links":{"self":[{"href":"https:\/\/mes-pochoirs.com\/es\/wp-json\/wp\/v2\/product\/3744","targetHints":{"allow":["GET"]}}],"collection":[{"href":"https:\/\/mes-pochoirs.com\/es\/wp-json\/wp\/v2\/product"}],"about":[{"href":"https:\/\/mes-pochoirs.com\/es\/wp-json\/wp\/v2\/types\/product"}],"replies":[{"embeddable":true,"href":"https:\/\/mes-pochoirs.com\/es\/wp-json\/wp\/v2\/comments?post=3744"}],"wp:featuredmedia":[{"embeddable":true,"href":"https:\/\/mes-pochoirs.com\/es\/wp-json\/wp\/v2\/media\/3754"}],"wp:attachment":[{"href":"https:\/\/mes-pochoirs.com\/es\/wp-json\/wp\/v2\/media?parent=3744"}],"wp:term":[{"taxonomy":"product_brand","embeddable":true,"href":"https:\/\/mes-pochoirs.com\/es\/wp-json\/wp\/v2\/product_brand?post=3744"},{"taxonomy":"product_cat","embeddable":true,"href":"https:\/\/mes-pochoirs.com\/es\/wp-json\/wp\/v2\/product_cat?post=3744"},{"taxonomy":"product_tag","embeddable":true,"href":"https:\/\/mes-pochoirs.com\/es\/wp-json\/wp\/v2\/product_tag?post=3744"}],"curies":[{"name":"wp","href":"https:\/\/api.w.org\/{rel}","templated":true}]}}