{"id":3808,"date":"2021-11-11T17:27:35","date_gmt":"2021-11-11T17:27:35","guid":{"rendered":"https:\/\/mes-pochoirs.com\/?post_type=product&#038;p=3808"},"modified":"2025-10-31T12:46:59","modified_gmt":"2025-10-31T11:46:59","slug":"bohemio-flor-de-loto-roseta-plantilla-cc0029","status":"publish","type":"product","link":"https:\/\/mes-pochoirs.com\/es\/produit\/pochoir-rosace-fleur-de-lotus-boheme-cc0029","title":{"rendered":"Plantilla Azulejos de Cemento - CC0029"},"content":{"rendered":"<h2>Plantilla de flor de loto bohemia\u00a0<\/h2>\n<h3>Una expresi\u00f3n floral llena de gracia<\/h3>\n<p><strong>Plantilla de flor de loto bohemia<\/strong> es una invitaci\u00f3n a la serenidad y a la plenitud art\u00edstica. Su motivo central de flor de loto irradia elegancia, evocando pureza, renacimiento y armon\u00eda bot\u00e1nica. Cada p\u00e9talo estilizado despliega su suavidad en una corona sim\u00e9trica, perfecta para crear composiciones equilibradas y poderosas. Esta plantilla se convierte en una herramienta de expresi\u00f3n personal, transformando sus paredes, lienzos u objetos en verdaderas obras de arte floral. Dise\u00f1ado para artistas en busca de sentido, este modelo hecho a mano encarna el encuentro entre la naturaleza estilizada y la inspiraci\u00f3n bohemia. Encaja tanto en un interior zen como en un ambiente vintage o contempor\u00e1neo. Cada aplicaci\u00f3n es una invitaci\u00f3n a la calma, a crear y a realzar el espacio decorativo, con un motivo que evoca tanto la flor de lis como las volutas orientales.<\/p>\n<h3>Arte decorativo en la encrucijada de tradiciones<\/h3>\n<p><strong>Plantilla de flor de loto bohemia<\/strong> retoma el encanto de las baldosas de cemento tradicionales, a\u00f1adiendo un toque de poes\u00eda bohemia. Su dise\u00f1o ornamental y sim\u00e9trico se inscribe en la gran tradici\u00f3n de la loza decorativa, al tiempo que se abre a las influencias orientales y a los suaves arabescos. Los motivos de esta plantilla recuerdan los rosetones de los palacios antiguos y los frescos meditativos, donde la flor y la geometr\u00eda se encuentran en un di\u00e1logo refinado. Esta plantilla se puede utilizar en una amplia gama de superficies, es reutilizable y reversible, y se presenta en varios tama\u00f1os para adaptarse a todos sus proyectos de decoraci\u00f3n artesanal. La calidad del corte garantiza l\u00edneas limpias y precisas, fieles a la intenci\u00f3n art\u00edstica. Perfecto para realzar una habitaci\u00f3n, un friso mural, un lienzo o un mueble, se convierte en un vector de autenticidad y tradici\u00f3n floral, al servicio de su imaginaci\u00f3n.<\/p>","protected":false},"excerpt":{"rendered":"<p><strong>Plantilla de flor de loto bohemia<\/strong> Inspirado en las baldosas de cemento. Reutilizables, precisos, perfectos para pintar y decorar paredes.<\/p>","protected":false},"featured_media":3818,"comment_status":"open","ping_status":"closed","template":"","meta":{"bwfblock_default_font":"","_kad_blocks_custom_css":"","_kad_blocks_head_custom_js":"","_kad_blocks_body_custom_js":"","_kad_blocks_footer_custom_js":"","_kadence_starter_templates_imported_post":false,"_kad_post_transparent":"default","_kad_post_title":"","_kad_post_layout":"default","_kad_post_sidebar_id":"","_kad_post_content_style":"default","_kad_post_vertical_padding":"default","_kad_post_feature":"","_kad_post_feature_position":"","_kad_post_header":false,"_kad_post_footer":false,"_kad_post_classname":""},"product_brand":[1415],"product_cat":[37],"product_tag":[229,1376,1364,1407,1374,1373,226,567,227,50,228,648,1375,252,1372,955,1367],"class_list":{"0":"post-3808","1":"product","2":"type-product","3":"status-publish","4":"has-post-thumbnail","6":"product_brand-mes-pochoirs","7":"product_cat-pochoirs-pour-carreaux-ciment","8":"product_tag-arabesque","9":"product_tag-artisanal","10":"product_tag-boheme","11":"product_tag-botanique","12":"product_tag-carreau","13":"product_tag-ciment","14":"product_tag-couronne","15":"product_tag-decoration","16":"product_tag-faience","17":"product_tag-fleur","18":"product_tag-fleur-de-lys","19":"product_tag-floral","20":"product_tag-ornemental","21":"product_tag-rosace","22":"product_tag-symetrique","23":"product_tag-tradition","24":"product_tag-volutes","26":"first","27":"instock","28":"taxable","29":"shipping-taxable","30":"purchasable","31":"product-type-variable","32":"has-default-attributes","33":"entry","34":"content-bg","35":"loop-entry"},"taxonomy_info":{"product_brand":[{"value":1415,"label":"Mes Pochoirs"}],"product_cat":[{"value":37,"label":"Carreaux de ciment"}],"product_tag":[{"value":229,"label":"arabesque"},{"value":1376,"label":"artisanal"},{"value":1364,"label":"boh\u00e8me"},{"value":1407,"label":"botanique"},{"value":1374,"label":"carreau"},{"value":1373,"label":"ciment"},{"value":226,"label":"couronne"},{"value":567,"label":"decoration"},{"value":227,"label":"fa\u00efence"},{"value":50,"label":"fleur"},{"value":228,"label":"fleur de lys"},{"value":648,"label":"floral"},{"value":1375,"label":"ornemental"},{"value":252,"label":"rosace"},{"value":1372,"label":"sym\u00e9trique"},{"value":955,"label":"tradition"},{"value":1367,"label":"volutes"}]},"featured_image_src_large":["https:\/\/mes-pochoirs.com\/wp-content\/uploads\/2021\/11\/CC00029-mes-pochoirs-com-858x1030.jpg",858,1030,true],"author_info":[],"comment_info":0,"_links":{"self":[{"href":"https:\/\/mes-pochoirs.com\/es\/wp-json\/wp\/v2\/product\/3808","targetHints":{"allow":["GET"]}}],"collection":[{"href":"https:\/\/mes-pochoirs.com\/es\/wp-json\/wp\/v2\/product"}],"about":[{"href":"https:\/\/mes-pochoirs.com\/es\/wp-json\/wp\/v2\/types\/product"}],"replies":[{"embeddable":true,"href":"https:\/\/mes-pochoirs.com\/es\/wp-json\/wp\/v2\/comments?post=3808"}],"wp:featuredmedia":[{"embeddable":true,"href":"https:\/\/mes-pochoirs.com\/es\/wp-json\/wp\/v2\/media\/3818"}],"wp:attachment":[{"href":"https:\/\/mes-pochoirs.com\/es\/wp-json\/wp\/v2\/media?parent=3808"}],"wp:term":[{"taxonomy":"product_brand","embeddable":true,"href":"https:\/\/mes-pochoirs.com\/es\/wp-json\/wp\/v2\/product_brand?post=3808"},{"taxonomy":"product_cat","embeddable":true,"href":"https:\/\/mes-pochoirs.com\/es\/wp-json\/wp\/v2\/product_cat?post=3808"},{"taxonomy":"product_tag","embeddable":true,"href":"https:\/\/mes-pochoirs.com\/es\/wp-json\/wp\/v2\/product_tag?post=3808"}],"curies":[{"name":"wp","href":"https:\/\/api.w.org\/{rel}","templated":true}]}}