{"id":3821,"date":"2021-11-11T17:44:37","date_gmt":"2021-11-11T17:44:37","guid":{"rendered":"https:\/\/mes-pochoirs.com\/?post_type=product&#038;p=3821"},"modified":"2025-10-31T12:47:01","modified_gmt":"2025-10-31T11:47:01","slug":"arabesco-corazon-azulejo-plantilla-cc0030","status":"publish","type":"product","link":"https:\/\/mes-pochoirs.com\/es\/produit\/pochoir-carreau-arabesque-coeur-cc0030","title":{"rendered":"Plantilla Azulejos Arabescos Coraz\u00f3n - CC0030"},"content":{"rendered":"<h2>Plantilla Coraz\u00f3n Arabesco<\/h2>\n<h3>Una invitaci\u00f3n a la creaci\u00f3n visual<\/h3>\n<p><strong>Azulejo Arabesco Coraz\u00f3n Plantilla :<\/strong> Esta plantilla es una aut\u00e9ntica joya decorativa, inspirada en la elegancia intemporal de los azulejos de cemento y en la autenticidad del estilo artesanal. A primera vista, los delicados arabescos danzan alrededor de un coraz\u00f3n central, creando una corona floral de po\u00e9tica belleza. Las volutas de flores de lis y los detalles sim\u00e9tricos crean un motivo floral ornamental noble y bohemio a la vez, que evoca un aire de tradici\u00f3n y refinamiento. Con sus formas bot\u00e1nicas y florales, esta plantilla ofrece infinitas posibilidades para realzar sus proyectos creativos. Es tan adecuada para decorar paredes como para crear muebles patinados u objetos de arte de barro pintados a mano.<\/p>\n<p><strong>Azulejo Arabesco Coraz\u00f3n Plantilla :<\/strong> invita a su imaginaci\u00f3n a expresarse sin l\u00edmites. Su roset\u00f3n central, delicadamente cincelado, recuerda a un roset\u00f3n de piedra o a un antiguo azulejo de barro, pero es decididamente moderno y luminoso. Los corazones estilizados de los extremos a\u00f1aden un encanto rom\u00e1ntico y una atm\u00f3sfera c\u00e1lida a cualquier dise\u00f1o. Imag\u00ednatelo sublimando un viejo mueble de madera, a\u00f1adiendo un toque rom\u00e1ntico y bohemio a un cabecero, o transformando una simple pared en una obra de arte \u00fanica y atemporal.<\/p>\n<h3>Aut\u00e9ntico estilo bohemio<\/h3>\n<p><strong>Azulejo Arabesco Coraz\u00f3n Plantilla :<\/strong> Este dise\u00f1o se inspira en el estilo tradicional de las baldosas de cemento, rico en tradici\u00f3n y car\u00e1cter. Mezcla sutilmente influencias florales y bot\u00e1nicas para crear un dise\u00f1o equilibrado y armonioso. Las volutas y arabescos sim\u00e9tricos crean un ritmo visual hipn\u00f3tico, mientras que el coraz\u00f3n central suaviza el conjunto para lograr un efecto fuerte pero delicado. La inspiraci\u00f3n bohemia se aprecia en las formas libres, la ligera ornamentaci\u00f3n y los meticulosos detalles, que recuerdan a los antiguos mosaicos y frescos.<\/p>\n<p><strong>Azulejo Arabesco Coraz\u00f3n Plantilla :<\/strong> un elegante estilo ornamental que encaja a la perfecci\u00f3n en una gran variedad de decoraciones, desde las m\u00e1s cl\u00e1sicas a las m\u00e1s contempor\u00e1neas. Su dise\u00f1o \u00fanico combina la nobleza de los motivos florales con la suavidad de los corazones estilizados, para dar a sus creaciones una decoraci\u00f3n llena de encanto. Esta plantilla est\u00e1 pensada para los amantes de la loza, la tradici\u00f3n y la bot\u00e1nica, que desean a\u00f1adir un toque \u00fanico y refinado a su hogar. D\u00e9jese seducir por la poes\u00eda de sus formas y transforme sus superficies en verdaderas obras de arte.<\/p>","protected":false},"excerpt":{"rendered":"<p><strong>Plantilla Coraz\u00f3n Arabesco<\/strong> Reutilizables y de alta calidad, perfectos para tus cuadros y decoraciones.<\/p>","protected":false},"featured_media":3831,"comment_status":"open","ping_status":"closed","template":"","meta":{"bwfblock_default_font":"","_kad_blocks_custom_css":"","_kad_blocks_head_custom_js":"","_kad_blocks_body_custom_js":"","_kad_blocks_footer_custom_js":"","_kadence_starter_templates_imported_post":false,"_kad_post_transparent":"default","_kad_post_title":"","_kad_post_layout":"default","_kad_post_sidebar_id":"","_kad_post_content_style":"default","_kad_post_vertical_padding":"default","_kad_post_feature":"","_kad_post_feature_position":"","_kad_post_header":false,"_kad_post_footer":false,"_kad_post_classname":""},"product_brand":[1415],"product_cat":[37],"product_tag":[229,1376,1364,1407,1374,1373,236,226,567,227,50,228,648,1375,252,1372,955,1367],"class_list":{"0":"post-3821","1":"product","2":"type-product","3":"status-publish","4":"has-post-thumbnail","6":"product_brand-mes-pochoirs","7":"product_cat-pochoirs-pour-carreaux-ciment","8":"product_tag-arabesque","9":"product_tag-artisanal","10":"product_tag-boheme","11":"product_tag-botanique","12":"product_tag-carreau","13":"product_tag-ciment","14":"product_tag-coeur","15":"product_tag-couronne","16":"product_tag-decoration","17":"product_tag-faience","18":"product_tag-fleur","19":"product_tag-fleur-de-lys","20":"product_tag-floral","21":"product_tag-ornemental","22":"product_tag-rosace","23":"product_tag-symetrique","24":"product_tag-tradition","25":"product_tag-volutes","27":"first","28":"instock","29":"taxable","30":"shipping-taxable","31":"purchasable","32":"product-type-variable","33":"has-default-attributes","34":"entry","35":"content-bg","36":"loop-entry"},"taxonomy_info":{"product_brand":[{"value":1415,"label":"Mes Pochoirs"}],"product_cat":[{"value":37,"label":"Carreaux de ciment"}],"product_tag":[{"value":229,"label":"arabesque"},{"value":1376,"label":"artisanal"},{"value":1364,"label":"boh\u00e8me"},{"value":1407,"label":"botanique"},{"value":1374,"label":"carreau"},{"value":1373,"label":"ciment"},{"value":236,"label":"coeur"},{"value":226,"label":"couronne"},{"value":567,"label":"decoration"},{"value":227,"label":"fa\u00efence"},{"value":50,"label":"fleur"},{"value":228,"label":"fleur de lys"},{"value":648,"label":"floral"},{"value":1375,"label":"ornemental"},{"value":252,"label":"rosace"},{"value":1372,"label":"sym\u00e9trique"},{"value":955,"label":"tradition"},{"value":1367,"label":"volutes"}]},"featured_image_src_large":["https:\/\/mes-pochoirs.com\/wp-content\/uploads\/2021\/11\/CC00030-mes-pochoirs-com-858x1030.jpg",858,1030,true],"author_info":[],"comment_info":0,"_links":{"self":[{"href":"https:\/\/mes-pochoirs.com\/es\/wp-json\/wp\/v2\/product\/3821","targetHints":{"allow":["GET"]}}],"collection":[{"href":"https:\/\/mes-pochoirs.com\/es\/wp-json\/wp\/v2\/product"}],"about":[{"href":"https:\/\/mes-pochoirs.com\/es\/wp-json\/wp\/v2\/types\/product"}],"replies":[{"embeddable":true,"href":"https:\/\/mes-pochoirs.com\/es\/wp-json\/wp\/v2\/comments?post=3821"}],"wp:featuredmedia":[{"embeddable":true,"href":"https:\/\/mes-pochoirs.com\/es\/wp-json\/wp\/v2\/media\/3831"}],"wp:attachment":[{"href":"https:\/\/mes-pochoirs.com\/es\/wp-json\/wp\/v2\/media?parent=3821"}],"wp:term":[{"taxonomy":"product_brand","embeddable":true,"href":"https:\/\/mes-pochoirs.com\/es\/wp-json\/wp\/v2\/product_brand?post=3821"},{"taxonomy":"product_cat","embeddable":true,"href":"https:\/\/mes-pochoirs.com\/es\/wp-json\/wp\/v2\/product_cat?post=3821"},{"taxonomy":"product_tag","embeddable":true,"href":"https:\/\/mes-pochoirs.com\/es\/wp-json\/wp\/v2\/product_tag?post=3821"}],"curies":[{"name":"wp","href":"https:\/\/api.w.org\/{rel}","templated":true}]}}