{"id":3847,"date":"2021-11-14T11:10:59","date_gmt":"2021-11-14T11:10:59","guid":{"rendered":"https:\/\/mes-pochoirs.com\/?post_type=product&#038;p=3847"},"modified":"2025-10-31T12:47:03","modified_gmt":"2025-10-31T11:47:03","slug":"stencil-sol-mandala-azulejo-cc0031","status":"publish","type":"product","link":"https:\/\/mes-pochoirs.com\/es\/produit\/pochoir-carreau-mandala-soleil-cc0031","title":{"rendered":"Plantilla Mandala Sol - CC0031"},"content":{"rendered":"<h2>Plantilla Mandala Sol<\/h2>\n<h3>Una invitaci\u00f3n a la luz y a la creaci\u00f3n<\/h3>\n<p><strong>Plantilla Mandala Sol<\/strong> Esta plantilla encarna la promesa de una decoraci\u00f3n soleada y luminosa, que calentar\u00e1 sus creaciones con sus delicados rayos. Su motivo evoca un sol radiante cincelado con esmero, rodeado de arabescos y formas ornamentales que recuerdan el roset\u00f3n de una antigua catedral. La perfecta simetr\u00eda de esta plantilla crea un efecto visual hipn\u00f3tico, reforzando la elegancia y la tradici\u00f3n de los azulejos de cemento. Cada elemento floral, cada voluta, cuenta una historia inspirada en la artesan\u00eda y el encanto intemporal de las flores de lis y los motivos bot\u00e1nicos.<\/p>\n<p><strong>Plantilla Mandala Sol<\/strong> Un soplo de poes\u00eda para tus obras de arte. D\u00e9 rienda suelta a su imaginaci\u00f3n y explore el alma bohemia de esta plantilla, que a\u00f1ade un toque rom\u00e1ntico y encantador a sus creaciones. Su motivo central, como un coraz\u00f3n radiante, puede convertirse en la pieza central de sus cuadros, sus muebles o incluso sus paredes, para una decoraci\u00f3n que combina tradici\u00f3n y modernidad. Gracias a sus delicados detalles, realzar\u00e1 sus cuadros y proyectos creativos, transformando cualquier superficie en una aut\u00e9ntica obra maestra.<\/p>\n<h3>Un estilo art\u00edstico bohemio y floral<\/h3>\n<p><strong>Sol Mandala Azulejos Plantilla :<\/strong> Este modelo se inspira en las baldosas de cemento, revisitadas con elegancia bohemia y floral. Su dise\u00f1o evoca las coronas de flores y los rosetones de los palacios antiguos, sin dejar de ser decididamente contempor\u00e1neo y modular. La precisi\u00f3n de sus volutas y la armon\u00eda de sus l\u00edneas recuerdan los tesoros de la loza y los frescos antiguos, al tiempo que invitan al artista a dejar fluir su creatividad.<\/p>\n<p><strong>Sol Mandala Azulejos Plantilla :<\/strong> un universo floral y bot\u00e1nico que despierta la pasi\u00f3n de pintores y decoradores. Con sus formas sim\u00e9tricas y su encanto ornamental, se convierte en una herramienta inestimable para crear obras originales que pueden reutilizarse infinitas veces. Ya sea para dar una nueva luz a un mueble, embellecer una pared o realzar un cuadro, esta plantilla le acompa\u00f1ar\u00e1 en todas sus aventuras creativas, dando a cada trazo un soplo de sol y poes\u00eda.<\/p>\n<p>\u00a0<\/p>","protected":false},"excerpt":{"rendered":"<p><strong>Plantilla Mandala Sol<\/strong> Una herramienta reutilizable y reversible, ideal para tus creaciones art\u00edsticas y decoraciones bohemias.<\/p>","protected":false},"featured_media":3857,"comment_status":"open","ping_status":"closed","template":"","meta":{"bwfblock_default_font":"","_kad_blocks_custom_css":"","_kad_blocks_head_custom_js":"","_kad_blocks_body_custom_js":"","_kad_blocks_footer_custom_js":"","_kadence_starter_templates_imported_post":false,"_kad_post_transparent":"default","_kad_post_title":"","_kad_post_layout":"default","_kad_post_sidebar_id":"","_kad_post_content_style":"default","_kad_post_vertical_padding":"default","_kad_post_feature":"","_kad_post_feature_position":"","_kad_post_header":false,"_kad_post_footer":false,"_kad_post_classname":""},"product_brand":[1415],"product_cat":[37],"product_tag":[229,1376,1364,1407,1374,1373,236,226,567,227,50,228,648,1375,252,628,1372,955,1367],"class_list":{"0":"post-3847","1":"product","2":"type-product","3":"status-publish","4":"has-post-thumbnail","6":"product_brand-mes-pochoirs","7":"product_cat-pochoirs-pour-carreaux-ciment","8":"product_tag-arabesque","9":"product_tag-artisanal","10":"product_tag-boheme","11":"product_tag-botanique","12":"product_tag-carreau","13":"product_tag-ciment","14":"product_tag-coeur","15":"product_tag-couronne","16":"product_tag-decoration","17":"product_tag-faience","18":"product_tag-fleur","19":"product_tag-fleur-de-lys","20":"product_tag-floral","21":"product_tag-ornemental","22":"product_tag-rosace","23":"product_tag-soleil","24":"product_tag-symetrique","25":"product_tag-tradition","26":"product_tag-volutes","28":"first","29":"instock","30":"taxable","31":"shipping-taxable","32":"purchasable","33":"product-type-variable","34":"has-default-attributes","35":"entry","36":"content-bg","37":"loop-entry"},"taxonomy_info":{"product_brand":[{"value":1415,"label":"Mes Pochoirs"}],"product_cat":[{"value":37,"label":"Carreaux de ciment"}],"product_tag":[{"value":229,"label":"arabesque"},{"value":1376,"label":"artisanal"},{"value":1364,"label":"boh\u00e8me"},{"value":1407,"label":"botanique"},{"value":1374,"label":"carreau"},{"value":1373,"label":"ciment"},{"value":236,"label":"coeur"},{"value":226,"label":"couronne"},{"value":567,"label":"decoration"},{"value":227,"label":"fa\u00efence"},{"value":50,"label":"fleur"},{"value":228,"label":"fleur de lys"},{"value":648,"label":"floral"},{"value":1375,"label":"ornemental"},{"value":252,"label":"rosace"},{"value":628,"label":"soleil"},{"value":1372,"label":"sym\u00e9trique"},{"value":955,"label":"tradition"},{"value":1367,"label":"volutes"}]},"featured_image_src_large":["https:\/\/mes-pochoirs.com\/wp-content\/uploads\/2021\/11\/CC0031-pochoir-mandala-mes-pochoirs-com-858x1030.jpg",858,1030,true],"author_info":[],"comment_info":0,"_links":{"self":[{"href":"https:\/\/mes-pochoirs.com\/es\/wp-json\/wp\/v2\/product\/3847","targetHints":{"allow":["GET"]}}],"collection":[{"href":"https:\/\/mes-pochoirs.com\/es\/wp-json\/wp\/v2\/product"}],"about":[{"href":"https:\/\/mes-pochoirs.com\/es\/wp-json\/wp\/v2\/types\/product"}],"replies":[{"embeddable":true,"href":"https:\/\/mes-pochoirs.com\/es\/wp-json\/wp\/v2\/comments?post=3847"}],"wp:featuredmedia":[{"embeddable":true,"href":"https:\/\/mes-pochoirs.com\/es\/wp-json\/wp\/v2\/media\/3857"}],"wp:attachment":[{"href":"https:\/\/mes-pochoirs.com\/es\/wp-json\/wp\/v2\/media?parent=3847"}],"wp:term":[{"taxonomy":"product_brand","embeddable":true,"href":"https:\/\/mes-pochoirs.com\/es\/wp-json\/wp\/v2\/product_brand?post=3847"},{"taxonomy":"product_cat","embeddable":true,"href":"https:\/\/mes-pochoirs.com\/es\/wp-json\/wp\/v2\/product_cat?post=3847"},{"taxonomy":"product_tag","embeddable":true,"href":"https:\/\/mes-pochoirs.com\/es\/wp-json\/wp\/v2\/product_tag?post=3847"}],"curies":[{"name":"wp","href":"https:\/\/api.w.org\/{rel}","templated":true}]}}