{"id":3859,"date":"2021-11-14T11:14:20","date_gmt":"2021-11-14T11:14:20","guid":{"rendered":"https:\/\/mes-pochoirs.com\/?post_type=product&#038;p=3859"},"modified":"2025-10-31T12:47:05","modified_gmt":"2025-10-31T11:47:05","slug":"plantilla-roseton-barroco-cc0032","status":"publish","type":"product","link":"https:\/\/mes-pochoirs.com\/es\/produit\/pochoir-carreau-rosace-baroque-cc0032","title":{"rendered":"Plantilla de azulejos barrocos Rosace - CC0032"},"content":{"rendered":"<h2>Plantilla de azulejos barrocos Rosace<\/h2>\n<h3>Una invitaci\u00f3n a la decoraci\u00f3n y la creaci\u00f3n<\/h3>\n<p><strong>Barroco Rosace Azulejos Plantilla :<\/strong> Esta plantilla es una aut\u00e9ntica joya ornamental, inspirada en la elegancia atemporal de los azulejos de cemento. En el centro, un magn\u00edfico roset\u00f3n se despliega en forma de girasol, rodeado de arabescos y volutas que recuerdan los frescos antiguos. Cada detalle delicadamente calado evoca la riqueza de las decoraciones bot\u00e1nicas y florales, creando una atm\u00f3sfera a la vez noble y bohemia. Esta plantilla, de estilo artesanal, puede utilizarse en sus paredes, muebles o cuadros para a\u00f1adir un encanto rom\u00e1ntico y luminoso a sus creaciones.<\/p>\n<p><strong>Barroco Rosace Azulejos Plantilla :<\/strong> un motivo que irradia la belleza de la tradici\u00f3n y realza todos sus proyectos art\u00edsticos. Sus formas armoniosas y sus corazones estilizados la convierten en una plantilla excepcional para sus cuadros o piezas decorativas de loza. Imag\u00ednesela transformando una simple pared en una suntuosa decoraci\u00f3n, o iluminando la superficie de un mueble de madera desgastada. Se convierte en un aliado creativo para todos los amantes del arte, la decoraci\u00f3n y los motivos refinados.<\/p>\n<h3>Un estilo floral cl\u00e1sico con alma bohemia<\/h3>\n<p><strong>Barroco Rosace Azulejos Plantilla :<\/strong> Esta plantilla encarna la herencia de la artesan\u00eda tradicional, con cada arabesco y curva dise\u00f1ados para evocar el esp\u00edritu de la flor de lis y los motivos barrocos. Sus l\u00edneas delicadas, sim\u00e9tricas y po\u00e9ticas insuflan un aire de majestuosidad a sus composiciones. Las influencias florales y bot\u00e1nicas se unen en un dise\u00f1o equilibrado que encaja tanto en ambientes cl\u00e1sicos como contempor\u00e1neos.<\/p>\n<p><strong>Barroco Rosace Azulejos Plantilla :<\/strong> un estilo ornamental y bohemio que despierta la creatividad y la imaginaci\u00f3n. Su estructura recuerda la corona de un antiguo palacio, mientras que sus formas evocan la flor de lis y la luz de un sol radiante. Reutilizable y disponible en varios tama\u00f1os, es la herramienta ideal para a\u00f1adir un toque de poes\u00eda a sus obras, cuadros u objetos de arte. D\u00e9jese seducir por la magia de sus detalles y d\u00e9 vida a sus deseos decorativos m\u00e1s audaces.<\/p>\n<p>\u00a0<\/p>","protected":false},"excerpt":{"rendered":"<p><strong>Plantilla de azulejos barrocos Rosace<\/strong> Herramienta reutilizable y reversible para sus obras de arte y pinturas, de alta calidad, disponible en varios tama\u00f1os.<\/p>","protected":false},"featured_media":3869,"comment_status":"open","ping_status":"closed","template":"","meta":{"bwfblock_default_font":"","_kad_blocks_custom_css":"","_kad_blocks_head_custom_js":"","_kad_blocks_body_custom_js":"","_kad_blocks_footer_custom_js":"","_kadence_starter_templates_imported_post":false,"_kad_post_transparent":"default","_kad_post_title":"","_kad_post_layout":"default","_kad_post_sidebar_id":"","_kad_post_content_style":"default","_kad_post_vertical_padding":"default","_kad_post_feature":"","_kad_post_feature_position":"","_kad_post_header":false,"_kad_post_footer":false,"_kad_post_classname":""},"product_brand":[1415],"product_cat":[37],"product_tag":[229,1376,1364,1407,1374,1373,236,226,567,227,50,228,648,1375,252,628,1372,955,1367],"class_list":{"0":"post-3859","1":"product","2":"type-product","3":"status-publish","4":"has-post-thumbnail","6":"product_brand-mes-pochoirs","7":"product_cat-pochoirs-pour-carreaux-ciment","8":"product_tag-arabesque","9":"product_tag-artisanal","10":"product_tag-boheme","11":"product_tag-botanique","12":"product_tag-carreau","13":"product_tag-ciment","14":"product_tag-coeur","15":"product_tag-couronne","16":"product_tag-decoration","17":"product_tag-faience","18":"product_tag-fleur","19":"product_tag-fleur-de-lys","20":"product_tag-floral","21":"product_tag-ornemental","22":"product_tag-rosace","23":"product_tag-soleil","24":"product_tag-symetrique","25":"product_tag-tradition","26":"product_tag-volutes","28":"first","29":"instock","30":"taxable","31":"shipping-taxable","32":"purchasable","33":"product-type-variable","34":"has-default-attributes","35":"entry","36":"content-bg","37":"loop-entry"},"taxonomy_info":{"product_brand":[{"value":1415,"label":"Mes Pochoirs"}],"product_cat":[{"value":37,"label":"Carreaux de ciment"}],"product_tag":[{"value":229,"label":"arabesque"},{"value":1376,"label":"artisanal"},{"value":1364,"label":"boh\u00e8me"},{"value":1407,"label":"botanique"},{"value":1374,"label":"carreau"},{"value":1373,"label":"ciment"},{"value":236,"label":"coeur"},{"value":226,"label":"couronne"},{"value":567,"label":"decoration"},{"value":227,"label":"fa\u00efence"},{"value":50,"label":"fleur"},{"value":228,"label":"fleur de lys"},{"value":648,"label":"floral"},{"value":1375,"label":"ornemental"},{"value":252,"label":"rosace"},{"value":628,"label":"soleil"},{"value":1372,"label":"sym\u00e9trique"},{"value":955,"label":"tradition"},{"value":1367,"label":"volutes"}]},"featured_image_src_large":["https:\/\/mes-pochoirs.com\/wp-content\/uploads\/2021\/11\/CC00032-mes-pochoirs-com-858x1030.jpg",858,1030,true],"author_info":[],"comment_info":0,"_links":{"self":[{"href":"https:\/\/mes-pochoirs.com\/es\/wp-json\/wp\/v2\/product\/3859","targetHints":{"allow":["GET"]}}],"collection":[{"href":"https:\/\/mes-pochoirs.com\/es\/wp-json\/wp\/v2\/product"}],"about":[{"href":"https:\/\/mes-pochoirs.com\/es\/wp-json\/wp\/v2\/types\/product"}],"replies":[{"embeddable":true,"href":"https:\/\/mes-pochoirs.com\/es\/wp-json\/wp\/v2\/comments?post=3859"}],"wp:featuredmedia":[{"embeddable":true,"href":"https:\/\/mes-pochoirs.com\/es\/wp-json\/wp\/v2\/media\/3869"}],"wp:attachment":[{"href":"https:\/\/mes-pochoirs.com\/es\/wp-json\/wp\/v2\/media?parent=3859"}],"wp:term":[{"taxonomy":"product_brand","embeddable":true,"href":"https:\/\/mes-pochoirs.com\/es\/wp-json\/wp\/v2\/product_brand?post=3859"},{"taxonomy":"product_cat","embeddable":true,"href":"https:\/\/mes-pochoirs.com\/es\/wp-json\/wp\/v2\/product_cat?post=3859"},{"taxonomy":"product_tag","embeddable":true,"href":"https:\/\/mes-pochoirs.com\/es\/wp-json\/wp\/v2\/product_tag?post=3859"}],"curies":[{"name":"wp","href":"https:\/\/api.w.org\/{rel}","templated":true}]}}