{"id":3871,"date":"2021-11-14T11:17:00","date_gmt":"2021-11-14T11:17:00","guid":{"rendered":"https:\/\/mes-pochoirs.com\/?post_type=product&#038;p=3871"},"modified":"2025-10-31T12:47:07","modified_gmt":"2025-10-31T11:47:07","slug":"plantilla-azulejos-rosa-botanico-cc0033","status":"publish","type":"product","link":"https:\/\/mes-pochoirs.com\/es\/produit\/pochoir-carreau-rosace-botanique-cc0033","title":{"rendered":"Rosace Botanique Plantilla para azulejos - CC0033"},"content":{"rendered":"<h2>Rosace Botanique Plantilla para azulejos<\/h2>\n<h3>Un estallido de naturaleza y creatividad<\/h3>\n<p><strong>Rosace Botanique Plantilla para azulejos :<\/strong> Esta plantilla es una oda a la naturaleza y a la armon\u00eda. En el centro, un majestuoso roset\u00f3n florece como un radiante sol floral, rodeado de p\u00e9talos sim\u00e9tricos que evocan la flor de lis y motivos bot\u00e1nicos tradicionales. Delicados arabescos y volutas ornamentales se combinan para formar un llamativo dise\u00f1o que insufla un aire de tradici\u00f3n y artesan\u00eda a sus creaciones. Invita al ensue\u00f1o y la contemplaci\u00f3n, al tiempo que a\u00f1ade un refinado toque decorativo a sus cuadros, pinturas o muebles.<\/p>\n<p><strong>Rosace Botanique Plantilla para azulejos :<\/strong> una promesa de belleza y delicadeza. Su composici\u00f3n equilibrada y sus detalles precisos la convierten en la plantilla preferida de los aficionados a la loza, las baldosas de cemento y la decoraci\u00f3n de interiores de estilo bohemio. Ofrece un toque po\u00e9tico que transformar\u00e1 sus superficies en verdaderas obras de arte, ya sea una pared, un mueble de madera o un cuadro inspirado en la naturaleza. D\u00e9jese seducir por su corona floral y d\u00e9 rienda suelta a su imaginaci\u00f3n creativa.<\/p>\n<h3>Estilo artesanal y floral con esp\u00edritu bohemio<\/h3>\n<p><strong>Rosace Botanique Plantilla para azulejos :<\/strong> Esta plantilla encarna un estilo atemporal y audaz, que combina inspiraciones florales y bot\u00e1nicas en perfecta simetr\u00eda. Sus formas ornamentales recuerdan a los antiguos motivos de baldosas de cemento, revisitados con una elegancia bohemia y contempor\u00e1nea. El meticuloso trabajo de cada curva y arabesco refleja la pasi\u00f3n por la artesan\u00eda, para un resultado a la vez noble y c\u00e1lido.<\/p>\n<p><strong>Rosace Botanique Plantilla para azulejos :<\/strong> un estilo decorativo rico e inspirador que realza todas sus creaciones. Su calidad y sus l\u00edneas puras lo convierten en el compa\u00f1ero ideal de pintores, decoradores y amantes de los objetos hechos a mano. Reutilizable y disponible en varios tama\u00f1os, puede utilizarse en sus proyectos m\u00e1s ambiciosos para crear un mundo \u00fanico y refinado. D\u00e9 a sus trabajos un brillo floral y bot\u00e1nico, y transforme cada espacio en un himno a la naturaleza.<\/p>","protected":false},"excerpt":{"rendered":"<p><strong>Rosace Botanique Plantilla para azulejos<\/strong>Esta plantilla reutilizable de alta calidad es perfecta para tus obras de arte, cuadros y proyectos de pintura.<\/p>","protected":false},"featured_media":3881,"comment_status":"open","ping_status":"closed","template":"","meta":{"bwfblock_default_font":"","_kad_blocks_custom_css":"","_kad_blocks_head_custom_js":"","_kad_blocks_body_custom_js":"","_kad_blocks_footer_custom_js":"","_kadence_starter_templates_imported_post":false,"_kad_post_transparent":"default","_kad_post_title":"","_kad_post_layout":"default","_kad_post_sidebar_id":"","_kad_post_content_style":"default","_kad_post_vertical_padding":"default","_kad_post_feature":"","_kad_post_feature_position":"","_kad_post_header":false,"_kad_post_footer":false,"_kad_post_classname":""},"product_brand":[1415],"product_cat":[37],"product_tag":[229,1376,1364,1407,1374,1373,236,226,567,227,50,228,648,1375,252,628,1372,955,1367],"class_list":{"0":"post-3871","1":"product","2":"type-product","3":"status-publish","4":"has-post-thumbnail","6":"product_brand-mes-pochoirs","7":"product_cat-pochoirs-pour-carreaux-ciment","8":"product_tag-arabesque","9":"product_tag-artisanal","10":"product_tag-boheme","11":"product_tag-botanique","12":"product_tag-carreau","13":"product_tag-ciment","14":"product_tag-coeur","15":"product_tag-couronne","16":"product_tag-decoration","17":"product_tag-faience","18":"product_tag-fleur","19":"product_tag-fleur-de-lys","20":"product_tag-floral","21":"product_tag-ornemental","22":"product_tag-rosace","23":"product_tag-soleil","24":"product_tag-symetrique","25":"product_tag-tradition","26":"product_tag-volutes","28":"first","29":"instock","30":"taxable","31":"shipping-taxable","32":"purchasable","33":"product-type-variable","34":"has-default-attributes","35":"entry","36":"content-bg","37":"loop-entry"},"taxonomy_info":{"product_brand":[{"value":1415,"label":"Mes Pochoirs"}],"product_cat":[{"value":37,"label":"Carreaux de ciment"}],"product_tag":[{"value":229,"label":"arabesque"},{"value":1376,"label":"artisanal"},{"value":1364,"label":"boh\u00e8me"},{"value":1407,"label":"botanique"},{"value":1374,"label":"carreau"},{"value":1373,"label":"ciment"},{"value":236,"label":"coeur"},{"value":226,"label":"couronne"},{"value":567,"label":"decoration"},{"value":227,"label":"fa\u00efence"},{"value":50,"label":"fleur"},{"value":228,"label":"fleur de lys"},{"value":648,"label":"floral"},{"value":1375,"label":"ornemental"},{"value":252,"label":"rosace"},{"value":628,"label":"soleil"},{"value":1372,"label":"sym\u00e9trique"},{"value":955,"label":"tradition"},{"value":1367,"label":"volutes"}]},"featured_image_src_large":["https:\/\/mes-pochoirs.com\/wp-content\/uploads\/2021\/11\/CC00033-mes-pochoirs-com-858x1030.jpg",858,1030,true],"author_info":[],"comment_info":0,"_links":{"self":[{"href":"https:\/\/mes-pochoirs.com\/es\/wp-json\/wp\/v2\/product\/3871","targetHints":{"allow":["GET"]}}],"collection":[{"href":"https:\/\/mes-pochoirs.com\/es\/wp-json\/wp\/v2\/product"}],"about":[{"href":"https:\/\/mes-pochoirs.com\/es\/wp-json\/wp\/v2\/types\/product"}],"replies":[{"embeddable":true,"href":"https:\/\/mes-pochoirs.com\/es\/wp-json\/wp\/v2\/comments?post=3871"}],"wp:featuredmedia":[{"embeddable":true,"href":"https:\/\/mes-pochoirs.com\/es\/wp-json\/wp\/v2\/media\/3881"}],"wp:attachment":[{"href":"https:\/\/mes-pochoirs.com\/es\/wp-json\/wp\/v2\/media?parent=3871"}],"wp:term":[{"taxonomy":"product_brand","embeddable":true,"href":"https:\/\/mes-pochoirs.com\/es\/wp-json\/wp\/v2\/product_brand?post=3871"},{"taxonomy":"product_cat","embeddable":true,"href":"https:\/\/mes-pochoirs.com\/es\/wp-json\/wp\/v2\/product_cat?post=3871"},{"taxonomy":"product_tag","embeddable":true,"href":"https:\/\/mes-pochoirs.com\/es\/wp-json\/wp\/v2\/product_tag?post=3871"}],"curies":[{"name":"wp","href":"https:\/\/api.w.org\/{rel}","templated":true}]}}