{"id":3883,"date":"2021-11-14T11:20:22","date_gmt":"2021-11-14T11:20:22","guid":{"rendered":"https:\/\/mes-pochoirs.com\/?post_type=product&#038;p=3883"},"modified":"2025-10-31T12:47:09","modified_gmt":"2025-10-31T11:47:09","slug":"plantilla-flor-de-lis-cc0034","status":"publish","type":"product","link":"https:\/\/mes-pochoirs.com\/es\/produit\/pochoir-motif-fleur-de-lys-cc0034","title":{"rendered":"Flor de Lis - CC0034"},"content":{"rendered":"<h2>Plantilla con motivo de flor de lis<\/h2>\n<h3>Majestuosa decoraci\u00f3n floral<\/h3>\n<p><strong>Flor de Lis :<\/strong> Esta plantilla es una celebraci\u00f3n de la elegancia y la tradici\u00f3n, con su motivo central inspirado en la flor de lis, s\u00edmbolo intemporal de nobleza y refinamiento. Sus cuatro ramas delicadamente dibujadas se enroscan en una composici\u00f3n sim\u00e9trica y equilibrada, que recuerda el alma de las antiguas baldosas de cemento. Las formas bot\u00e1nicas y los arabescos ornamentales insuflan un encanto natural y po\u00e9tico a sus creaciones. Cada voluta y cada curva evocan la artesan\u00eda, la pasi\u00f3n por el detalle y la belleza intemporal de las decoraciones tradicionales.<\/p>\n<p><strong>Flor de Lis :<\/strong> una plantilla que invita al artista a dar vida a obras \u00fanicas. Es perfecta para todos sus proyectos, desde murales hasta muebles renovados y cuadros de inspiraci\u00f3n bohemia. Su motivo floral real crea un poderoso impacto visual, transformando cualquier espacio en un escaparate de autenticidad y majestuosidad. D\u00e9jese seducir por su corona vegetal y sus refinadas volutas para imaginar una decoraci\u00f3n digna de un palacio o de un taller creativo.<\/p>\n<h3>Un estilo ornamental y tradicional<\/h3>\n<p><strong>Flor de Lis :<\/strong> Este dise\u00f1o encarna el alma del estilo barroco y floral, donde la fuerza de las l\u00edneas y la suavidad de los arabescos se unen en perfecto equilibrio. Las influencias ornamentales de esta plantilla recuerdan a rosetones antiguos, delicados frisos y motivos de loza pintados a mano, ofreciendo un estilo tradicional y atemporal. Su motivo central, como un sol bot\u00e1nico, irradia una luz po\u00e9tica que realza cualquier superficie.<\/p>\n<p><strong>Plantilla con motivo de flor de lis<\/strong> Un estilo que combina la nobleza de la tradici\u00f3n con la libertad bohemia. Su calidad y esmerado acabado lo convierten en el compa\u00f1ero ideal de pintores, artesanos y amantes de la decoraci\u00f3n refinada. Reutilizable y disponible en varios tama\u00f1os, le permite expresar su creatividad al tiempo que a\u00f1ade un toque real y bot\u00e1nico a su trabajo. D\u00e9 a su hogar un soplo de elegancia y tradici\u00f3n, y convierta cada creaci\u00f3n en una obra maestra \u00fanica y personal.<\/p>","protected":false},"excerpt":{"rendered":"<p><strong>Plantilla con motivo de flor de lis<\/strong> - Reutilizables, reversibles y de alta calidad para cuadros, pinturas y decoraciones \u00fanicas.<\/p>","protected":false},"featured_media":3893,"comment_status":"open","ping_status":"closed","template":"","meta":{"bwfblock_default_font":"","_kad_blocks_custom_css":"","_kad_blocks_head_custom_js":"","_kad_blocks_body_custom_js":"","_kad_blocks_footer_custom_js":"","_kadence_starter_templates_imported_post":false,"_kad_post_transparent":"default","_kad_post_title":"","_kad_post_layout":"default","_kad_post_sidebar_id":"","_kad_post_content_style":"default","_kad_post_vertical_padding":"default","_kad_post_feature":"","_kad_post_feature_position":"","_kad_post_header":false,"_kad_post_footer":false,"_kad_post_classname":""},"product_brand":[1415],"product_cat":[37],"product_tag":[229,1376,1364,1407,1374,1373,236,226,567,227,50,228,648,1375,252,628,1372,955,1367],"class_list":{"0":"post-3883","1":"product","2":"type-product","3":"status-publish","4":"has-post-thumbnail","6":"product_brand-mes-pochoirs","7":"product_cat-pochoirs-pour-carreaux-ciment","8":"product_tag-arabesque","9":"product_tag-artisanal","10":"product_tag-boheme","11":"product_tag-botanique","12":"product_tag-carreau","13":"product_tag-ciment","14":"product_tag-coeur","15":"product_tag-couronne","16":"product_tag-decoration","17":"product_tag-faience","18":"product_tag-fleur","19":"product_tag-fleur-de-lys","20":"product_tag-floral","21":"product_tag-ornemental","22":"product_tag-rosace","23":"product_tag-soleil","24":"product_tag-symetrique","25":"product_tag-tradition","26":"product_tag-volutes","28":"first","29":"instock","30":"taxable","31":"shipping-taxable","32":"purchasable","33":"product-type-variable","34":"has-default-attributes","35":"entry","36":"content-bg","37":"loop-entry"},"taxonomy_info":{"product_brand":[{"value":1415,"label":"Mes Pochoirs"}],"product_cat":[{"value":37,"label":"Carreaux de ciment"}],"product_tag":[{"value":229,"label":"arabesque"},{"value":1376,"label":"artisanal"},{"value":1364,"label":"boh\u00e8me"},{"value":1407,"label":"botanique"},{"value":1374,"label":"carreau"},{"value":1373,"label":"ciment"},{"value":236,"label":"coeur"},{"value":226,"label":"couronne"},{"value":567,"label":"decoration"},{"value":227,"label":"fa\u00efence"},{"value":50,"label":"fleur"},{"value":228,"label":"fleur de lys"},{"value":648,"label":"floral"},{"value":1375,"label":"ornemental"},{"value":252,"label":"rosace"},{"value":628,"label":"soleil"},{"value":1372,"label":"sym\u00e9trique"},{"value":955,"label":"tradition"},{"value":1367,"label":"volutes"}]},"featured_image_src_large":["https:\/\/mes-pochoirs.com\/wp-content\/uploads\/2021\/11\/CC00034-mes-pochoirs-com-858x1030.jpg",858,1030,true],"author_info":[],"comment_info":0,"_links":{"self":[{"href":"https:\/\/mes-pochoirs.com\/es\/wp-json\/wp\/v2\/product\/3883","targetHints":{"allow":["GET"]}}],"collection":[{"href":"https:\/\/mes-pochoirs.com\/es\/wp-json\/wp\/v2\/product"}],"about":[{"href":"https:\/\/mes-pochoirs.com\/es\/wp-json\/wp\/v2\/types\/product"}],"replies":[{"embeddable":true,"href":"https:\/\/mes-pochoirs.com\/es\/wp-json\/wp\/v2\/comments?post=3883"}],"wp:featuredmedia":[{"embeddable":true,"href":"https:\/\/mes-pochoirs.com\/es\/wp-json\/wp\/v2\/media\/3893"}],"wp:attachment":[{"href":"https:\/\/mes-pochoirs.com\/es\/wp-json\/wp\/v2\/media?parent=3883"}],"wp:term":[{"taxonomy":"product_brand","embeddable":true,"href":"https:\/\/mes-pochoirs.com\/es\/wp-json\/wp\/v2\/product_brand?post=3883"},{"taxonomy":"product_cat","embeddable":true,"href":"https:\/\/mes-pochoirs.com\/es\/wp-json\/wp\/v2\/product_cat?post=3883"},{"taxonomy":"product_tag","embeddable":true,"href":"https:\/\/mes-pochoirs.com\/es\/wp-json\/wp\/v2\/product_tag?post=3883"}],"curies":[{"name":"wp","href":"https:\/\/api.w.org\/{rel}","templated":true}]}}