{"id":4042,"date":"2021-11-15T14:39:52","date_gmt":"2021-11-15T14:39:52","guid":{"rendered":"https:\/\/mes-pochoirs.com\/?post_type=product&#038;p=4042"},"modified":"2025-10-31T11:42:09","modified_gmt":"2025-10-31T10:42:09","slug":"plantilla-rombo-cruzado-g0015","status":"publish","type":"product","link":"https:\/\/mes-pochoirs.com\/es\/produit\/pochoir-losanges-croises-g0015","title":{"rendered":"Plantilla Rombos Cruzados - G0015"},"content":{"rendered":"<h2>Plantilla de diamantes cruzados\u00a0<\/h2>\n<h3>equilibrio, estructura y movimiento<\/h3>\n<p><strong>Plantilla de diamantes cruzados<\/strong> evoca a la vez rigor y ligereza. Su patr\u00f3n repetitivo de <strong>pastillas<\/strong> crea una estructura visual hipn\u00f3tica, equilibrada y r\u00edtmica, perfecta para crear una sensaci\u00f3n de aventura. <strong>Control Zen<\/strong> en sus creaciones. Cada intersecci\u00f3n sugiere un punto de anclaje en un tejido din\u00e1mico que capta la mirada e invita a la exploraci\u00f3n. El efecto de cuadr\u00edcula diagonal recuerda a las vidrieras modernas o a las estructuras de tejido contempor\u00e1neas.<\/p>\n<p>Ya sea sobre un lienzo, una pared o un mueble, esta plantilla a\u00f1ade un toque de precisi\u00f3n y regularidad, a la vez que deja que su sentido art\u00edstico se exprese libremente. Gracias a sus l\u00edneas limpias y su acabado n\u00edtido, se adapta a cualquier decoraci\u00f3n. <strong>moderno<\/strong> que a un ambiente m\u00e1s art\u00edstico o arquitect\u00f3nico.<\/p>\n<h3>un estilo geom\u00e9trico para obras modernas<\/h3>\n<p><strong>Plantilla de diamantes cruzados<\/strong> responde plenamente a una est\u00e9tica contempor\u00e1nea y geom\u00e9trica, ideal para los amantes del dise\u00f1o estructurado o los artistas que buscan un efecto gr\u00e1fico impactante. Su patr\u00f3n de rombos entrecruzados crea un juego de \u00e1ngulos y perspectivas que funciona igual de bien en composiciones pop art de colores vivos que en sobrias creaciones monocromas.<\/p>\n<p>Esta plantilla es una excelente aliada para crear un fondo rico en texturas, una cuadr\u00edcula decorativa o un efecto visual intrigante. Aporta un toque de originalidad, sin dejar de ser lo suficientemente flexible como para utilizarse con otros motivos o elementos visuales. Perfecta para pintores, dise\u00f1adores de muebles y decoradores Zen, puede utilizarse de infinitas maneras, en funci\u00f3n de los colores y materiales elegidos.<\/p>\n<h3><\/h3>","protected":false},"excerpt":{"rendered":"<p><strong data-start=\"1179\" data-end=\"1207\">Plantilla de diamantes cruzados<\/strong> con un motivo contempor\u00e1neo. De alta calidad, reversible, ideal para pintura decorativa o creaciones art\u00edsticas.<\/p>","protected":false},"featured_media":4052,"comment_status":"open","ping_status":"closed","template":"","meta":{"bwfblock_default_font":"","_kad_blocks_custom_css":"","_kad_blocks_head_custom_js":"","_kad_blocks_body_custom_js":"","_kad_blocks_footer_custom_js":"","_kadence_starter_templates_imported_post":false,"_kad_post_transparent":"default","_kad_post_title":"","_kad_post_layout":"default","_kad_post_sidebar_id":"","_kad_post_content_style":"default","_kad_post_vertical_padding":"default","_kad_post_feature":"","_kad_post_feature_position":"","_kad_post_header":false,"_kad_post_footer":false,"_kad_post_classname":""},"product_brand":[1415],"product_cat":[241],"product_tag":[676,232,247,675,521,333,1256],"class_list":{"0":"post-4042","1":"product","2":"type-product","3":"status-publish","4":"has-post-thumbnail","6":"product_brand-mes-pochoirs","7":"product_cat-pochoirs-geometriques","8":"product_tag-contemporain","9":"product_tag-geometrique","10":"product_tag-losanges","11":"product_tag-moderne","12":"product_tag-motif","13":"product_tag-pop-art","14":"product_tag-zen","16":"first","17":"instock","18":"taxable","19":"shipping-taxable","20":"purchasable","21":"product-type-variable","22":"has-default-attributes","23":"entry","24":"content-bg","25":"loop-entry"},"taxonomy_info":{"product_brand":[{"value":1415,"label":"Mes Pochoirs"}],"product_cat":[{"value":241,"label":"G\u00e9om\u00e9triques"}],"product_tag":[{"value":676,"label":"contemporain"},{"value":232,"label":"g\u00e9om\u00e9trique"},{"value":247,"label":"losanges"},{"value":675,"label":"moderne"},{"value":521,"label":"motif"},{"value":333,"label":"pop art"},{"value":1256,"label":"zen"}]},"featured_image_src_large":["https:\/\/mes-pochoirs.com\/wp-content\/uploads\/2021\/11\/G0015-pochoir-geometrique-mes-pochoirs-com-858x1030.jpg",858,1030,true],"author_info":[],"comment_info":0,"_links":{"self":[{"href":"https:\/\/mes-pochoirs.com\/es\/wp-json\/wp\/v2\/product\/4042","targetHints":{"allow":["GET"]}}],"collection":[{"href":"https:\/\/mes-pochoirs.com\/es\/wp-json\/wp\/v2\/product"}],"about":[{"href":"https:\/\/mes-pochoirs.com\/es\/wp-json\/wp\/v2\/types\/product"}],"replies":[{"embeddable":true,"href":"https:\/\/mes-pochoirs.com\/es\/wp-json\/wp\/v2\/comments?post=4042"}],"wp:featuredmedia":[{"embeddable":true,"href":"https:\/\/mes-pochoirs.com\/es\/wp-json\/wp\/v2\/media\/4052"}],"wp:attachment":[{"href":"https:\/\/mes-pochoirs.com\/es\/wp-json\/wp\/v2\/media?parent=4042"}],"wp:term":[{"taxonomy":"product_brand","embeddable":true,"href":"https:\/\/mes-pochoirs.com\/es\/wp-json\/wp\/v2\/product_brand?post=4042"},{"taxonomy":"product_cat","embeddable":true,"href":"https:\/\/mes-pochoirs.com\/es\/wp-json\/wp\/v2\/product_cat?post=4042"},{"taxonomy":"product_tag","embeddable":true,"href":"https:\/\/mes-pochoirs.com\/es\/wp-json\/wp\/v2\/product_tag?post=4042"}],"curies":[{"name":"wp","href":"https:\/\/api.w.org\/{rel}","templated":true}]}}