{"id":4054,"date":"2021-11-15T14:42:12","date_gmt":"2021-11-15T14:42:12","guid":{"rendered":"https:\/\/mes-pochoirs.com\/?post_type=product&#038;p=4054"},"modified":"2025-10-31T11:42:11","modified_gmt":"2025-10-31T10:42:11","slug":"plantilla-de-tejido-geometrico-g0016","status":"publish","type":"product","link":"https:\/\/mes-pochoirs.com\/es\/produit\/pochoir-geometrique-tissage-g0016","title":{"rendered":"Plantilla de tejido geom\u00e9trico - G0016"},"content":{"rendered":"<h2>Plantilla de tejido geom\u00e9trico<\/h2>\n<h3>la fuerza silenciosa del patr\u00f3n regular<\/h3>\n<p><strong>Plantilla de tejido geom\u00e9trico<\/strong> evoca la elegancia de un tejido regular, ordenado pero vivo, donde cada l\u00ednea oblicua parece cruzarse con la otra en un cautivador juego visual. El patr\u00f3n repetido crea un efecto de profundidad casi hipn\u00f3tico, como un tejido gr\u00e1fico impreso en la superficie. Este patr\u00f3n equilibrado, a la vez estructurado y flexible, es ideal para creaciones zen, donde la geometr\u00eda aporta estabilidad y armon\u00eda.<\/p>\n<p>Con esta plantilla, cada aplicaci\u00f3n se convierte en un acto de creaci\u00f3n r\u00edtmico, casi meditativo. Tanto si se utiliza como fondo para un cuadro, un fresco mural o una pieza decorativa, este dise\u00f1o evoca una trama invisible, un lienzo sutil en el que la imaginaci\u00f3n puede expresarse. Proporciona una fuerte estructura visual al tiempo que permite que el espacio respire.<\/p>\n<h3>un estilo contempor\u00e1neo que combina dibujo y movimiento<\/h3>\n<p><strong>Plantilla de tejido geom\u00e9trico<\/strong> se inscribe en un universo decididamente contempor\u00e1neo, donde el motivo geom\u00e9trico se convierte en un lenguaje art\u00edstico por derecho propio. Su composici\u00f3n diagonal recuerda ciertas obras del arte pop o del dise\u00f1o moderno, con un \u00e9nfasis en la repetici\u00f3n y el ritmo. Este tipo de estarcido es un soporte creativo ideal para pintores, decoradores o dise\u00f1adores que buscan un efecto gr\u00e1fico fuerte y modular.<\/p>\n<p>Su din\u00e1mica cruzada a\u00f1ade movimiento visual al tiempo que mantiene una lectura fluida y equilibrada. Es un aliado perfecto para combinar audacia y control, tanto si busca evocar un efecto trenzado, una vibraci\u00f3n arquitect\u00f3nica o simplemente un original fondo texturizado. Su potencial est\u00e9tico se expresa plenamente con marcados contrastes de color o suaves matices, seg\u00fan el efecto que busque.<\/p>\n<p>\u00a0<\/p>","protected":false},"excerpt":{"rendered":"<p><strong>Plantilla de tejido geom\u00e9trico<\/strong> para artistas. Alta calidad, varios tama\u00f1os. Perfecto para crear arte pop moderno o estructurado.<\/p>","protected":false},"featured_media":4064,"comment_status":"open","ping_status":"closed","template":"","meta":{"bwfblock_default_font":"","_kad_blocks_custom_css":"","_kad_blocks_head_custom_js":"","_kad_blocks_body_custom_js":"","_kad_blocks_footer_custom_js":"","_kadence_starter_templates_imported_post":false,"_kad_post_transparent":"default","_kad_post_title":"","_kad_post_layout":"default","_kad_post_sidebar_id":"","_kad_post_content_style":"default","_kad_post_vertical_padding":"default","_kad_post_feature":"","_kad_post_feature_position":"","_kad_post_header":false,"_kad_post_footer":false,"_kad_post_classname":""},"product_brand":[1415],"product_cat":[241],"product_tag":[676,232,675,521,333,1428,1256],"class_list":{"0":"post-4054","1":"product","2":"type-product","3":"status-publish","4":"has-post-thumbnail","6":"product_brand-mes-pochoirs","7":"product_cat-pochoirs-geometriques","8":"product_tag-contemporain","9":"product_tag-geometrique","10":"product_tag-moderne","11":"product_tag-motif","12":"product_tag-pop-art","13":"product_tag-tissage","14":"product_tag-zen","16":"first","17":"instock","18":"taxable","19":"shipping-taxable","20":"purchasable","21":"product-type-variable","22":"has-default-attributes","23":"entry","24":"content-bg","25":"loop-entry"},"taxonomy_info":{"product_brand":[{"value":1415,"label":"Mes Pochoirs"}],"product_cat":[{"value":241,"label":"G\u00e9om\u00e9triques"}],"product_tag":[{"value":676,"label":"contemporain"},{"value":232,"label":"g\u00e9om\u00e9trique"},{"value":675,"label":"moderne"},{"value":521,"label":"motif"},{"value":333,"label":"pop art"},{"value":1428,"label":"tissage"},{"value":1256,"label":"zen"}]},"featured_image_src_large":["https:\/\/mes-pochoirs.com\/wp-content\/uploads\/2021\/11\/G0016-pochoir-geometrique-mes-pochoirs-com-858x1030.jpg",858,1030,true],"author_info":[],"comment_info":0,"_links":{"self":[{"href":"https:\/\/mes-pochoirs.com\/es\/wp-json\/wp\/v2\/product\/4054","targetHints":{"allow":["GET"]}}],"collection":[{"href":"https:\/\/mes-pochoirs.com\/es\/wp-json\/wp\/v2\/product"}],"about":[{"href":"https:\/\/mes-pochoirs.com\/es\/wp-json\/wp\/v2\/types\/product"}],"replies":[{"embeddable":true,"href":"https:\/\/mes-pochoirs.com\/es\/wp-json\/wp\/v2\/comments?post=4054"}],"wp:featuredmedia":[{"embeddable":true,"href":"https:\/\/mes-pochoirs.com\/es\/wp-json\/wp\/v2\/media\/4064"}],"wp:attachment":[{"href":"https:\/\/mes-pochoirs.com\/es\/wp-json\/wp\/v2\/media?parent=4054"}],"wp:term":[{"taxonomy":"product_brand","embeddable":true,"href":"https:\/\/mes-pochoirs.com\/es\/wp-json\/wp\/v2\/product_brand?post=4054"},{"taxonomy":"product_cat","embeddable":true,"href":"https:\/\/mes-pochoirs.com\/es\/wp-json\/wp\/v2\/product_cat?post=4054"},{"taxonomy":"product_tag","embeddable":true,"href":"https:\/\/mes-pochoirs.com\/es\/wp-json\/wp\/v2\/product_tag?post=4054"}],"curies":[{"name":"wp","href":"https:\/\/api.w.org\/{rel}","templated":true}]}}