{"id":4160,"date":"2021-11-25T14:45:31","date_gmt":"2021-11-25T14:45:31","guid":{"rendered":"https:\/\/mes-pochoirs.com\/?post_type=product&#038;p=4160"},"modified":"2025-10-31T11:42:19","modified_gmt":"2025-10-31T10:42:19","slug":"plantilla-cuadriculada-diagonal-g0021","status":"publish","type":"product","link":"https:\/\/mes-pochoirs.com\/es\/produit\/pochoir-motif-quadrillage-diagonale-g0021","title":{"rendered":"Patr\u00f3n de rejilla diagonal - G0021"},"content":{"rendered":"<h2>Patr\u00f3n de rejilla diagonal<\/h2>\n<p>Aporte un toque de modernidad y estructura a sus creaciones con nuestro <strong>Patr\u00f3n Stencil Cuadr\u00edcula Diagonal<\/strong>. Este dise\u00f1o geom\u00e9trico con un patr\u00f3n regular y atemporal evoca tanto la elegancia de la celos\u00eda cl\u00e1sica como la sencillez de las formas minimalistas. Los rombos perfectamente alineados crean un armonioso efecto de cuadr\u00edcula que puede integrarse f\u00e1cilmente en una gran variedad de proyectos, tanto decorativos como art\u00edsticos.<\/p>\n<p>Gracias a su dise\u00f1o equilibrado y a la repetici\u00f3n precisa de sus formas, esta plantilla es una aut\u00e9ntica aliada para realzar sus creaciones. Puede utilizarla para personalizar paredes, muebles, lienzos u objetos cotidianos, o para realzar proyectos de scrapbooking, papeler\u00eda o decoraci\u00f3n de eventos. Sus grafismos regulares le permiten jugar con los efectos de materia, superposici\u00f3n o alineaci\u00f3n para un resultado siempre elegante y original.<\/p>\n<p>Tanto si es un aficionado al bricolaje como si es un dise\u00f1ador profesional, un decorador o simplemente busca una forma sencilla de dar un cambio de imagen a su hogar, esta plantilla le proporcionar\u00e1 un resultado limpio, preciso y f\u00e1cil de conseguir. Se puede utilizar en una amplia gama de superficies: madera, papel, cart\u00f3n, textiles, vidrio y, por supuesto, paredes y muebles. Su sencillez visual permite a\u00f1adir un toque gr\u00e1fico sin sobrecargar el espacio, dejando mucho margen a la creatividad.<\/p>\n<p>El motivo \"Grillage Losange\" encaja tanto en decoraciones modernas como en ambientes m\u00e1s industriales o r\u00fasticos. Puede utilizarse como fondo para composiciones m\u00e1s complejas o por s\u00ed solo para crear superficies con textura, cenefas o marcos decorativos. F\u00e1cil de limpiar y reutilizable, esta plantilla est\u00e1 dise\u00f1ada para durar toda la vida de sus proyectos creativos.<\/p>\n<p>Con este dise\u00f1o geom\u00e9trico atemporal, cada creaci\u00f3n se convierte en \u00fanica y lleva su firma art\u00edstica.<\/p>","protected":false},"excerpt":{"rendered":"<p><strong>Patr\u00f3n de rejilla diagonal<\/strong> para decorar paredes, muebles y objetos. Ideal para bricolaje, pasatiempos creativos y proyectos de decoraci\u00f3n modernos y gr\u00e1ficos.<\/p>","protected":false},"featured_media":4170,"comment_status":"open","ping_status":"closed","template":"","meta":{"bwfblock_default_font":"","_kad_blocks_custom_css":"","_kad_blocks_head_custom_js":"","_kad_blocks_body_custom_js":"","_kad_blocks_footer_custom_js":"","_kadence_starter_templates_imported_post":false,"_kad_post_transparent":"default","_kad_post_title":"","_kad_post_layout":"default","_kad_post_sidebar_id":"","_kad_post_content_style":"default","_kad_post_vertical_padding":"default","_kad_post_feature":"","_kad_post_feature_position":"","_kad_post_header":false,"_kad_post_footer":false,"_kad_post_classname":""},"product_brand":[1415],"product_cat":[241],"product_tag":[676,232,675,521,333,1428,1256],"class_list":{"0":"post-4160","1":"product","2":"type-product","3":"status-publish","4":"has-post-thumbnail","6":"product_brand-mes-pochoirs","7":"product_cat-pochoirs-geometriques","8":"product_tag-contemporain","9":"product_tag-geometrique","10":"product_tag-moderne","11":"product_tag-motif","12":"product_tag-pop-art","13":"product_tag-tissage","14":"product_tag-zen","16":"first","17":"instock","18":"taxable","19":"shipping-taxable","20":"purchasable","21":"product-type-variable","22":"has-default-attributes","23":"entry","24":"content-bg","25":"loop-entry"},"taxonomy_info":{"product_brand":[{"value":1415,"label":"Mes Pochoirs"}],"product_cat":[{"value":241,"label":"G\u00e9om\u00e9triques"}],"product_tag":[{"value":676,"label":"contemporain"},{"value":232,"label":"g\u00e9om\u00e9trique"},{"value":675,"label":"moderne"},{"value":521,"label":"motif"},{"value":333,"label":"pop art"},{"value":1428,"label":"tissage"},{"value":1256,"label":"zen"}]},"featured_image_src_large":["https:\/\/mes-pochoirs.com\/wp-content\/uploads\/2021\/11\/G0021-pochoir-geometrique-mes-pochoirs-com-858x1030.jpg",858,1030,true],"author_info":[],"comment_info":1,"_links":{"self":[{"href":"https:\/\/mes-pochoirs.com\/es\/wp-json\/wp\/v2\/product\/4160","targetHints":{"allow":["GET"]}}],"collection":[{"href":"https:\/\/mes-pochoirs.com\/es\/wp-json\/wp\/v2\/product"}],"about":[{"href":"https:\/\/mes-pochoirs.com\/es\/wp-json\/wp\/v2\/types\/product"}],"replies":[{"embeddable":true,"href":"https:\/\/mes-pochoirs.com\/es\/wp-json\/wp\/v2\/comments?post=4160"}],"wp:featuredmedia":[{"embeddable":true,"href":"https:\/\/mes-pochoirs.com\/es\/wp-json\/wp\/v2\/media\/4170"}],"wp:attachment":[{"href":"https:\/\/mes-pochoirs.com\/es\/wp-json\/wp\/v2\/media?parent=4160"}],"wp:term":[{"taxonomy":"product_brand","embeddable":true,"href":"https:\/\/mes-pochoirs.com\/es\/wp-json\/wp\/v2\/product_brand?post=4160"},{"taxonomy":"product_cat","embeddable":true,"href":"https:\/\/mes-pochoirs.com\/es\/wp-json\/wp\/v2\/product_cat?post=4160"},{"taxonomy":"product_tag","embeddable":true,"href":"https:\/\/mes-pochoirs.com\/es\/wp-json\/wp\/v2\/product_tag?post=4160"}],"curies":[{"name":"wp","href":"https:\/\/api.w.org\/{rel}","templated":true}]}}