{"id":4171,"date":"2021-11-25T14:47:23","date_gmt":"2021-11-25T14:47:23","guid":{"rendered":"https:\/\/mes-pochoirs.com\/?post_type=product&#038;p=4171"},"modified":"2026-01-27T15:57:20","modified_gmt":"2026-01-27T14:57:20","slug":"plantilla-cuadriculada-g0022","status":"publish","type":"product","link":"https:\/\/mes-pochoirs.com\/es\/produit\/pochoir-quadrillage-g0022","title":{"rendered":"Plantilla de rejilla - G0022"},"content":{"rendered":"<h2>Plantilla de rejilla<\/h2>\n<p>A\u00f1ada estructura y elegancia a todas sus creaciones con nuestro <strong>Plantilla de rejilla<\/strong>Un dise\u00f1o geom\u00e9trico atemporal inspirado en las celos\u00edas cl\u00e1sicas y la est\u00e9tica minimalista. Esta plantilla se compone de cuadrados perfectamente alineados que forman una cuadr\u00edcula armoniosa que a\u00f1ade ritmo y equilibrio a tus dise\u00f1os.<\/p>\n<p>La regularidad y precisi\u00f3n de este patr\u00f3n lo convierten en una plantilla extremadamente vers\u00e1til. Es ideal para una amplia gama de aplicaciones creativas, como el dise\u00f1o de interiores, la personalizaci\u00f3n de paredes, la renovaci\u00f3n de muebles, los pasatiempos, los art\u00edculos de papeler\u00eda, los \u00e1lbumes de recortes y las composiciones art\u00edsticas. Sus l\u00edneas limpias permiten crear fondos, texturas o elementos gr\u00e1ficos que combinan tanto con decoraciones modernas e industriales como con ambientes m\u00e1s refinados o bohemios.<\/p>\n<p>F\u00e1cil de colocar y reutilizable, esta plantilla est\u00e1 pensada tanto para principiantes como para dise\u00f1adores experimentados. Su sencillez geom\u00e9trica abre un abanico infinito de posibilidades: puede utilizarla sola para obtener un efecto gr\u00e1fico estructurado, o combinarla con otros motivos y t\u00e9cnicas para crear dise\u00f1os m\u00e1s complejos y originales. Jugando con alineaciones, superposiciones y escalas, puede conseguir una amplia gama de efectos visuales que a\u00f1aden profundidad y car\u00e1cter a sus proyectos.<\/p>\n<p>Perfecta para decorar una amplia gama de superficies, como paredes, muebles, lienzos, papel, telas y objetos cotidianos, esta plantilla se convertir\u00e1 r\u00e1pidamente en una herramienta esencial en su mundo creativo. Tanto si desea personalizar un espacio interior como crear obras de arte \u00fanicas o embellecer objetos, la <strong>Plantilla de rejilla<\/strong> le proporcionar\u00e1 un acabado pulcro, preciso y siempre elegante.<\/p>\n<p><strong>Pr\u00e9cision importante :<\/strong><\/p>\n<p>Le nombre de carr\u00e9s reste identique, quelle que soit la taille du pochoir.<br \/>\nLa taille des carr\u00e9s s\u2019ajuste proportionnellement : plus le pochoir est grand, plus les carr\u00e9s sont grands.<\/p>\n<p><strong>Taille des points selon le format du pochoir :<\/strong><\/p>\n<p>\u2022 Pochoir 10 \u00d7 10 cm \u2192 1 carr\u00e9 = 0,4 cm<br \/>\n\u2022 Pochoir 15 \u00d7 15 cm \u2192 1 carr\u00e9 = 0,6 cm<br \/>\n\u2022 Pochoir 20 \u00d7 20 cm \u2192 1 carr\u00e9 = 0,8 cm<br \/>\n\u2022 Pochoir 30 \u00d7 30 cm \u2192 1 carr\u00e9 = 1,2 cm<br \/>\n\u2022 Pochoir 40 \u00d7 40 cm \u2192 1 carr\u00e9 = 1,6 cm<br \/>\n\u2022 Pochoir 50 \u00d7 50 cm \u2192 1 carr\u00e9 = 2 cm<br \/>\n\u2022 Pochoir 60 \u00d7 60 cm \u2192 1 carr\u00e9 = 2,4 cm<br \/>\n\u2022 Pochoir 70 \u00d7 70 cm \u2192 1 carr\u00e9 = 2,8 cm<br \/>\n\u2022 Pochoir 80 \u00d7 80 cm \u2192 1 carr\u00e9 = 3,2 cm<br \/>\n\u2022 Pochoir 90 \u00d7 90 cm \u2192 1 carr\u00e9 = 3,6 cm<br \/>\n\u2022 Pochoir 100 \u00d7 100 cm \u2192 1 carr\u00e9 = 4 cm<\/p>","protected":false},"excerpt":{"rendered":"<p><strong>Plantilla de rejilla<\/strong> para realzar sus cuadros, objetos o paredes. Reutilizables, de alta calidad y disponibles en varios tama\u00f1os.<\/p>","protected":false},"featured_media":4181,"comment_status":"open","ping_status":"closed","template":"","meta":{"bwfblock_default_font":"","_kad_blocks_custom_css":"","_kad_blocks_head_custom_js":"","_kad_blocks_body_custom_js":"","_kad_blocks_footer_custom_js":"","_kadence_starter_templates_imported_post":false,"_kad_post_transparent":"default","_kad_post_title":"","_kad_post_layout":"default","_kad_post_sidebar_id":"","_kad_post_content_style":"default","_kad_post_vertical_padding":"default","_kad_post_feature":"","_kad_post_feature_position":"","_kad_post_header":false,"_kad_post_footer":false,"_kad_post_classname":""},"product_brand":[1415],"product_cat":[241],"product_tag":[676,232,675,521,333,1428,1256],"class_list":{"0":"post-4171","1":"product","2":"type-product","3":"status-publish","4":"has-post-thumbnail","6":"product_brand-mes-pochoirs","7":"product_cat-pochoirs-geometriques","8":"product_tag-contemporain","9":"product_tag-geometrique","10":"product_tag-moderne","11":"product_tag-motif","12":"product_tag-pop-art","13":"product_tag-tissage","14":"product_tag-zen","16":"first","17":"instock","18":"taxable","19":"shipping-taxable","20":"purchasable","21":"product-type-variable","22":"entry","23":"content-bg","24":"loop-entry"},"taxonomy_info":{"product_brand":[{"value":1415,"label":"Mes Pochoirs"}],"product_cat":[{"value":241,"label":"G\u00e9om\u00e9triques"}],"product_tag":[{"value":676,"label":"contemporain"},{"value":232,"label":"g\u00e9om\u00e9trique"},{"value":675,"label":"moderne"},{"value":521,"label":"motif"},{"value":333,"label":"pop art"},{"value":1428,"label":"tissage"},{"value":1256,"label":"zen"}]},"featured_image_src_large":["https:\/\/mes-pochoirs.com\/wp-content\/uploads\/2021\/11\/G0022-pochoir-geometrique-mes-pochoirs-com-858x1030.jpg",858,1030,true],"author_info":[],"comment_info":0,"_links":{"self":[{"href":"https:\/\/mes-pochoirs.com\/es\/wp-json\/wp\/v2\/product\/4171","targetHints":{"allow":["GET"]}}],"collection":[{"href":"https:\/\/mes-pochoirs.com\/es\/wp-json\/wp\/v2\/product"}],"about":[{"href":"https:\/\/mes-pochoirs.com\/es\/wp-json\/wp\/v2\/types\/product"}],"replies":[{"embeddable":true,"href":"https:\/\/mes-pochoirs.com\/es\/wp-json\/wp\/v2\/comments?post=4171"}],"wp:featuredmedia":[{"embeddable":true,"href":"https:\/\/mes-pochoirs.com\/es\/wp-json\/wp\/v2\/media\/4181"}],"wp:attachment":[{"href":"https:\/\/mes-pochoirs.com\/es\/wp-json\/wp\/v2\/media?parent=4171"}],"wp:term":[{"taxonomy":"product_brand","embeddable":true,"href":"https:\/\/mes-pochoirs.com\/es\/wp-json\/wp\/v2\/product_brand?post=4171"},{"taxonomy":"product_cat","embeddable":true,"href":"https:\/\/mes-pochoirs.com\/es\/wp-json\/wp\/v2\/product_cat?post=4171"},{"taxonomy":"product_tag","embeddable":true,"href":"https:\/\/mes-pochoirs.com\/es\/wp-json\/wp\/v2\/product_tag?post=4171"}],"curies":[{"name":"wp","href":"https:\/\/api.w.org\/{rel}","templated":true}]}}