{"id":4770,"date":"2022-07-27T08:02:16","date_gmt":"2022-07-27T08:02:16","guid":{"rendered":"https:\/\/mes-pochoirs.com\/?post_type=product&#038;p=4770"},"modified":"2025-10-31T11:42:29","modified_gmt":"2025-10-31T10:42:29","slug":"plantilla-de-pared-de-ladrillo-u0003","status":"publish","type":"product","link":"https:\/\/mes-pochoirs.com\/es\/produit\/pochoir-mur-de-briques-u0003","title":{"rendered":"Plantilla de pared de ladrillo - U0003"},"content":{"rendered":"<h2>Plantilla de pared de ladrillo<\/h2>\n<p><strong>Plantilla de pared de ladrillo<\/strong> te transporta al coraz\u00f3n de los callejones urbanos y los entornos industriales con un patr\u00f3n de ladrillo ligeramente desgastado y desmoronado. Esta plantilla reproduce con realismo el desgaste del tiempo, ofreciendo un efecto visual texturizado que evoca fachadas desgastadas, paredes de loft neoyorquinos o escenas de arte callejero. Es ideal para crear atm\u00f3sferas cargadas de car\u00e1cter en tus cuadros, paredes, muebles u objetos creativos.<\/p>\n<p>Con el <strong>Plantilla de pared de ladrillo<\/strong>Cada pincelada se convierte en una invitaci\u00f3n a explorar un mundo crudo y aut\u00e9ntico. Imagina tu obra vestida con este fondo de ladrillo da\u00f1ado, perfecto para sublimar letras de grafiti, siluetas o composiciones art\u00edsticas m\u00e1s abstractas. Esta plantilla es una aut\u00e9ntica baza para enriquecer tu decoraci\u00f3n DIY o dar vida a proyectos art\u00edsticos \u00fanicos.<\/p>\n<h3>Un estilo industrial, envejecido y decididamente urbano<\/h3>\n<p><strong>Plantilla de pared de ladrillo<\/strong> se inspira en la est\u00e9tica industrial y el arte callejero para crear una textura visual muy expresiva. Su patr\u00f3n de ladrillos irregulares y desgastados recuerda a viejos muros de ladrillo, almacenes en desuso y escenarios de pel\u00edculas urbanas. Esta plantilla es perfecta para creaciones de estilo crudo, vintage, grunge o contempor\u00e1neo.<\/p>\n<p>Vers\u00e1til, este <strong>Plantilla de pared de ladrillo<\/strong> es de alta calidad, reutilizable, reversible y est\u00e1 disponible en varios tama\u00f1os para adaptarse a todas sus superficies: lienzos, paredes, muebles o accesorios. Tanto si eres pintor como aficionado a la decoraci\u00f3n o al bricolaje, con esta plantilla convertir\u00e1s f\u00e1cilmente tus proyectos en obras de arte \u00fanicas, llenas de relieve y autenticidad.<\/p>","protected":false},"excerpt":{"rendered":"<p>Esta plantilla urbana de pared de ladrillo se fabrica en nuestro taller de Francia.<br \/>\nPuede elegir el tama\u00f1o que desee en el men\u00fa desplegable.<\/p>","protected":false},"featured_media":4769,"comment_status":"open","ping_status":"closed","template":"","meta":{"bwfblock_default_font":"","_kad_blocks_custom_css":"","_kad_blocks_head_custom_js":"","_kad_blocks_body_custom_js":"","_kad_blocks_footer_custom_js":"","_kadence_starter_templates_imported_post":false,"_kad_post_transparent":"default","_kad_post_title":"","_kad_post_layout":"default","_kad_post_sidebar_id":"","_kad_post_content_style":"default","_kad_post_vertical_padding":"default","_kad_post_feature":"","_kad_post_feature_position":"","_kad_post_header":false,"_kad_post_footer":false,"_kad_post_classname":""},"product_brand":[1415],"product_cat":[273,328],"product_tag":[435,433,434,327,286],"class_list":{"0":"post-4770","1":"product","2":"type-product","3":"status-publish","4":"has-post-thumbnail","6":"product_brand-mes-pochoirs","7":"product_cat-pochoirs-urbains","8":"product_cat-pochoirs-street-art","9":"product_tag-briques","10":"product_tag-mur","11":"product_tag-mural","12":"product_tag-street-art","13":"product_tag-urbain","15":"first","16":"instock","17":"taxable","18":"shipping-taxable","19":"purchasable","20":"product-type-variable","21":"has-default-attributes","22":"entry","23":"content-bg","24":"loop-entry"},"taxonomy_info":{"product_brand":[{"value":1415,"label":"Mes Pochoirs"}],"product_cat":[{"value":273,"label":"Urbains"},{"value":328,"label":"Street Art"}],"product_tag":[{"value":435,"label":"briques"},{"value":433,"label":"mur"},{"value":434,"label":"mural"},{"value":327,"label":"street art"},{"value":286,"label":"urbain"}]},"featured_image_src_large":["https:\/\/mes-pochoirs.com\/wp-content\/uploads\/2022\/07\/U0003-pochoir-mur-briques-mes-pochoirs-com-858x1030.jpg",858,1030,true],"author_info":[],"comment_info":2,"_links":{"self":[{"href":"https:\/\/mes-pochoirs.com\/es\/wp-json\/wp\/v2\/product\/4770","targetHints":{"allow":["GET"]}}],"collection":[{"href":"https:\/\/mes-pochoirs.com\/es\/wp-json\/wp\/v2\/product"}],"about":[{"href":"https:\/\/mes-pochoirs.com\/es\/wp-json\/wp\/v2\/types\/product"}],"replies":[{"embeddable":true,"href":"https:\/\/mes-pochoirs.com\/es\/wp-json\/wp\/v2\/comments?post=4770"}],"wp:featuredmedia":[{"embeddable":true,"href":"https:\/\/mes-pochoirs.com\/es\/wp-json\/wp\/v2\/media\/4769"}],"wp:attachment":[{"href":"https:\/\/mes-pochoirs.com\/es\/wp-json\/wp\/v2\/media?parent=4770"}],"wp:term":[{"taxonomy":"product_brand","embeddable":true,"href":"https:\/\/mes-pochoirs.com\/es\/wp-json\/wp\/v2\/product_brand?post=4770"},{"taxonomy":"product_cat","embeddable":true,"href":"https:\/\/mes-pochoirs.com\/es\/wp-json\/wp\/v2\/product_cat?post=4770"},{"taxonomy":"product_tag","embeddable":true,"href":"https:\/\/mes-pochoirs.com\/es\/wp-json\/wp\/v2\/product_tag?post=4770"}],"curies":[{"name":"wp","href":"https:\/\/api.w.org\/{rel}","templated":true}]}}