{"id":4821,"date":"2022-09-07T08:03:11","date_gmt":"2022-09-07T08:03:11","guid":{"rendered":"https:\/\/mes-pochoirs.com\/?post_type=product&#038;p=4821"},"modified":"2025-10-31T11:42:31","modified_gmt":"2025-10-31T10:42:31","slug":"plantilla-estatua-de-la-libertad-ny0003","status":"publish","type":"product","link":"https:\/\/mes-pochoirs.com\/es\/produit\/pochoir-statue-de-la-liberte-ny0003","title":{"rendered":"Plantilla Estatua de la Libertad - NY0003"},"content":{"rendered":"<h2>Plantilla Estatua de la Libertad<\/h2>\n<p><strong>Plantilla Estatua de la Libertad<\/strong> le transporta directamente al coraz\u00f3n de Nueva York con este emblem\u00e1tico motivo cargado de significado e historia. Aut\u00e9ntico icono universal, la Estatua de la Libertad encarna la libertad, la esperanza y la apertura al mundo. Con esta plantilla, podr\u00e1 dar a sus creaciones un mensaje fuerte y atemporal, una invitaci\u00f3n a viajar y a descubrir. Ya sea sobre un cuadro, una pared, un mueble o un proyecto de bricolaje, esta plantilla atrae las miradas y despierta a los so\u00f1adores.<\/p>\n<p>Con el <strong>Plantilla Estatua de la Libertad<\/strong>Puedes crear una decoraci\u00f3n con acento americano, ideal para crear un ambiente urbano y cosmopolita. Evoca tanto la grandeza de Nueva York como los valores de libertad y creatividad sin fronteras. Un tel\u00f3n de fondo perfecto para proyectos art\u00edsticos personales o profesionales que quieran contar una historia.<\/p>\n<h3>Un estilo urbano y gr\u00e1fico inspirado en Nueva York<\/h3>\n<p><strong>Plantilla Estatua de la Libertad<\/strong> adopta un estilo gr\u00e1fico limpio y contundente, a medio camino entre el vintage americano y el arte callejero contempor\u00e1neo. El dise\u00f1o de la plantilla presenta la ic\u00f3nica silueta de Lady Liberty, rodeada por un c\u00edrculo estrellado y las palabras \"USA\" y \"NEW YORK\", un gui\u00f1o a los emblemas de la cultura estadounidense. Esta composici\u00f3n visual fuerte y elegante puede integrarse f\u00e1cilmente en diversos mundos creativos: pintura mural, decoraci\u00f3n de interiores, cuadros modernos u objetos personalizados.<\/p>\n<p>Este <strong>Plantilla Estatua de la Libertad<\/strong> es de alta calidad, reutilizable, reversible y est\u00e1 disponible en varios tama\u00f1os para adaptarse a todas sus necesidades creativas. Permite a pintores, aficionados a la decoraci\u00f3n y amantes del bricolaje crear obras originales, inspiradoras y llenas de car\u00e1cter. Un toque americano \u00fanico para personalizar sus superficies y afirmar su estilo.<\/p>\n<h3><\/h3>","protected":false},"excerpt":{"rendered":"<p>Esta plantilla de la Estatua de la Libertad se fabrica en nuestro taller de Francia.<br \/>\nPuede elegir el tama\u00f1o que desee en el men\u00fa desplegable.<\/p>","protected":false},"featured_media":4811,"comment_status":"open","ping_status":"closed","template":"","meta":{"bwfblock_default_font":"","_kad_blocks_custom_css":"","_kad_blocks_head_custom_js":"","_kad_blocks_body_custom_js":"","_kad_blocks_footer_custom_js":"","_kadence_starter_templates_imported_post":false,"_kad_post_transparent":"default","_kad_post_title":"","_kad_post_layout":"default","_kad_post_sidebar_id":"","_kad_post_content_style":"default","_kad_post_vertical_padding":"default","_kad_post_feature":"","_kad_post_feature_position":"","_kad_post_header":false,"_kad_post_footer":false,"_kad_post_classname":""},"product_brand":[1415],"product_cat":[291,732,315,290],"product_tag":[292,294,293,276],"class_list":{"0":"post-4821","1":"product","2":"type-product","3":"status-publish","4":"has-post-thumbnail","6":"product_brand-mes-pochoirs","7":"product_cat-pochoirs-new-york","8":"product_cat-pochoirs-icones-celebrites","9":"product_cat-pochoirs-symboles","10":"product_cat-pochoirs-villes","11":"product_tag-new-york","12":"product_tag-statue-liberte","13":"product_tag-usa","14":"product_tag-ville","16":"first","17":"instock","18":"taxable","19":"shipping-taxable","20":"purchasable","21":"product-type-variable","22":"has-default-attributes","23":"entry","24":"content-bg","25":"loop-entry"},"taxonomy_info":{"product_brand":[{"value":1415,"label":"Mes Pochoirs"}],"product_cat":[{"value":291,"label":"New York"},{"value":732,"label":"Ic\u00f4nes &amp; C\u00e9l\u00e9brit\u00e9s"},{"value":315,"label":"Symboles"},{"value":290,"label":"Villes"}],"product_tag":[{"value":292,"label":"New York"},{"value":294,"label":"Statue Libert\u00e9"},{"value":293,"label":"USA"},{"value":276,"label":"ville"}]},"featured_image_src_large":["https:\/\/mes-pochoirs.com\/wp-content\/uploads\/2022\/09\/NY0003-pochoir-statue-liberte-mes-pochoirs-com-copy-858x1030.jpg",858,1030,true],"author_info":[],"comment_info":1,"_links":{"self":[{"href":"https:\/\/mes-pochoirs.com\/es\/wp-json\/wp\/v2\/product\/4821","targetHints":{"allow":["GET"]}}],"collection":[{"href":"https:\/\/mes-pochoirs.com\/es\/wp-json\/wp\/v2\/product"}],"about":[{"href":"https:\/\/mes-pochoirs.com\/es\/wp-json\/wp\/v2\/types\/product"}],"replies":[{"embeddable":true,"href":"https:\/\/mes-pochoirs.com\/es\/wp-json\/wp\/v2\/comments?post=4821"}],"wp:featuredmedia":[{"embeddable":true,"href":"https:\/\/mes-pochoirs.com\/es\/wp-json\/wp\/v2\/media\/4811"}],"wp:attachment":[{"href":"https:\/\/mes-pochoirs.com\/es\/wp-json\/wp\/v2\/media?parent=4821"}],"wp:term":[{"taxonomy":"product_brand","embeddable":true,"href":"https:\/\/mes-pochoirs.com\/es\/wp-json\/wp\/v2\/product_brand?post=4821"},{"taxonomy":"product_cat","embeddable":true,"href":"https:\/\/mes-pochoirs.com\/es\/wp-json\/wp\/v2\/product_cat?post=4821"},{"taxonomy":"product_tag","embeddable":true,"href":"https:\/\/mes-pochoirs.com\/es\/wp-json\/wp\/v2\/product_tag?post=4821"}],"curies":[{"name":"wp","href":"https:\/\/api.w.org\/{rel}","templated":true}]}}