{"id":5651,"date":"2022-09-30T14:42:32","date_gmt":"2022-09-30T14:42:32","guid":{"rendered":"https:\/\/mes-pochoirs.com\/?post_type=product&#038;p=5651"},"modified":"2025-10-31T11:46:40","modified_gmt":"2025-10-31T10:46:40","slug":"paz-amor-plantilla-s0003","status":"publish","type":"product","link":"https:\/\/mes-pochoirs.com\/es\/produit\/pochoir-peace-love-s0003","title":{"rendered":"Plantilla Peace &amp; Love - S0003"},"content":{"rendered":"<h2>Plantilla Peace &amp; Love<\/h2>\n<p><strong>Plantilla Peace &amp; Love<\/strong> Este motivo emblem\u00e1tico atraviesa generaciones y culturas. Aqu\u00ed, el c\u00e9lebre s\u00edmbolo de la paz se revela en una versi\u00f3n contundente, resaltada por gotas de pintura que evocan una expresi\u00f3n espont\u00e1nea, casi militante. Esta plantilla evoca la no violencia, la libertad y el compromiso por un mundo m\u00e1s justo. Encarna un grito visual sencillo y directo a favor de la paz, que puedes imaginar surgiendo en una pared, un lienzo o un par de vaqueros viejos reelaborados... Es un motivo que no deja indiferente a nadie.<\/p>\n<h3>Un estilo de arte callejero crudo y expresivo<\/h3>\n<p><strong>Plantilla Peace &amp; Love<\/strong> El dise\u00f1o de esta plantilla sigue la est\u00e9tica del arte callejero, con sus goteos t\u00edpicos de los botes de aerosol reci\u00e9n aplicados. El efecto de \"goteo\" le da un aire vivo y en\u00e9rgico, perfecto para quienes quieran dar un toque urbano y comprometido a sus creaciones. Esta plantilla de alta calidad es reutilizable y est\u00e1 disponible en varios tama\u00f1os, por lo que resulta ideal para decorar un cuadro o un mueble, o para crear una potente pieza mural. Es ideal para artistas, decoradores y aficionados al bricolaje que quieran impactar con estilo y convicci\u00f3n.<\/p>\n<h3><\/h3>","protected":false},"excerpt":{"rendered":"<p><strong data-start=\"1576\" data-end=\"1608\">Plantilla Peace &amp; Love<\/strong>Perfecto para frescos, murales o lienzos. De alta calidad, reutilizables y reversibles.<\/p>","protected":false},"featured_media":5580,"comment_status":"open","ping_status":"closed","template":"","meta":{"bwfblock_default_font":"","_kad_blocks_custom_css":"","_kad_blocks_head_custom_js":"","_kad_blocks_body_custom_js":"","_kad_blocks_footer_custom_js":"","_kadence_starter_templates_imported_post":false,"_kad_post_transparent":"default","_kad_post_title":"","_kad_post_layout":"default","_kad_post_sidebar_id":"","_kad_post_content_style":"default","_kad_post_vertical_padding":"default","_kad_post_feature":"","_kad_post_feature_position":"","_kad_post_header":false,"_kad_post_footer":false,"_kad_post_classname":""},"product_brand":[1415],"product_cat":[315,1138],"product_tag":[285,296,321,324,287,286],"class_list":{"0":"post-5651","1":"product","2":"type-product","3":"status-publish","4":"has-post-thumbnail","6":"product_brand-mes-pochoirs","7":"product_cat-pochoirs-symboles","8":"product_cat-pochoirs-saint-valentin","9":"product_tag-graffiti","10":"product_tag-love","11":"product_tag-peace","12":"product_tag-symbole","13":"product_tag-tag","14":"product_tag-urbain","16":"first","17":"instock","18":"taxable","19":"shipping-taxable","20":"purchasable","21":"product-type-variable","22":"has-default-attributes","23":"entry","24":"content-bg","25":"loop-entry"},"taxonomy_info":{"product_brand":[{"value":1415,"label":"Mes Pochoirs"}],"product_cat":[{"value":315,"label":"Symboles"},{"value":1138,"label":"Saint-Valentin"}],"product_tag":[{"value":285,"label":"graffiti"},{"value":296,"label":"Love"},{"value":321,"label":"peace"},{"value":324,"label":"symbole"},{"value":287,"label":"tag"},{"value":286,"label":"urbain"}]},"featured_image_src_large":["https:\/\/mes-pochoirs.com\/wp-content\/uploads\/2022\/09\/S0003-pochoir-peace-and-love-grand-mes-pochoirs-com-858x1030.jpg",858,1030,true],"author_info":[],"comment_info":5,"_links":{"self":[{"href":"https:\/\/mes-pochoirs.com\/es\/wp-json\/wp\/v2\/product\/5651","targetHints":{"allow":["GET"]}}],"collection":[{"href":"https:\/\/mes-pochoirs.com\/es\/wp-json\/wp\/v2\/product"}],"about":[{"href":"https:\/\/mes-pochoirs.com\/es\/wp-json\/wp\/v2\/types\/product"}],"replies":[{"embeddable":true,"href":"https:\/\/mes-pochoirs.com\/es\/wp-json\/wp\/v2\/comments?post=5651"}],"wp:featuredmedia":[{"embeddable":true,"href":"https:\/\/mes-pochoirs.com\/es\/wp-json\/wp\/v2\/media\/5580"}],"wp:attachment":[{"href":"https:\/\/mes-pochoirs.com\/es\/wp-json\/wp\/v2\/media?parent=5651"}],"wp:term":[{"taxonomy":"product_brand","embeddable":true,"href":"https:\/\/mes-pochoirs.com\/es\/wp-json\/wp\/v2\/product_brand?post=5651"},{"taxonomy":"product_cat","embeddable":true,"href":"https:\/\/mes-pochoirs.com\/es\/wp-json\/wp\/v2\/product_cat?post=5651"},{"taxonomy":"product_tag","embeddable":true,"href":"https:\/\/mes-pochoirs.com\/es\/wp-json\/wp\/v2\/product_tag?post=5651"}],"curies":[{"name":"wp","href":"https:\/\/api.w.org\/{rel}","templated":true}]}}