{"id":8081,"date":"2023-04-01T15:13:13","date_gmt":"2023-04-01T13:13:13","guid":{"rendered":"https:\/\/mes-pochoirs.com\/?post_type=product&#038;p=8081"},"modified":"2025-10-31T11:47:04","modified_gmt":"2025-10-31T10:47:04","slug":"plantilla-lineas-cruzadas-g0038","status":"publish","type":"product","link":"https:\/\/mes-pochoirs.com\/es\/produit\/pochoir-lignes-entrecroisees-g0038","title":{"rendered":"Plantilla de l\u00edneas cruzadas - G0038"},"content":{"rendered":"<h2>Plantilla de l\u00edneas cruzadas<\/h2>\n<p><strong>Plantilla de l\u00edneas cruzadas<\/strong> Este motivo est\u00e1 formado por una mara\u00f1a de l\u00edneas verticales en distintos \u00e1ngulos, que crean un efecto gr\u00e1fico potente y estructurado. Evoca a la vez tensi\u00f3n y equilibrio, rigor y movimiento. Su ritmo visual atrae inmediatamente las miradas, y es perfecto para dinamizar una obra abstracta, acentuar la verticalidad de un mural o aportar un contraste moderno en diversas superficies. Es un motivo audaz que a\u00f1ade car\u00e1cter y profundidad a sus composiciones.<\/p>\n<h3>Un estilo geom\u00e9trico fuerte y contempor\u00e1neo<\/h3>\n<p><strong>Plantilla de l\u00edneas cruzadas<\/strong> Este dise\u00f1o geom\u00e9trico minimalista se inspira en los c\u00f3digos del dise\u00f1o gr\u00e1fico contempor\u00e1neo, combinando rigor y espontaneidad. Se integra perfectamente en un entorno urbano, moderno o industrial, ya sea sobre un lienzo, un mueble personalizado o una pared. Esta plantilla es reutilizable, reversible, fabricada con materiales de alta calidad y disponible en varios tama\u00f1os, por lo que puede utilizarse tanto para ambiciosos proyectos art\u00edsticos como para peque\u00f1as creaciones decorativas. Ofrece un fuerte impacto visual con una sencillez que deja margen a la interpretaci\u00f3n.<\/p>\n<p>\u00a0<\/p>","protected":false},"excerpt":{"rendered":"<p><strong>Plantilla de l\u00edneas cruzadas<\/strong>Patr\u00f3n estructurado para pintar o decorar. Reutilizable, alta calidad, m\u00faltiples tama\u00f1os.<\/p>","protected":false},"featured_media":7798,"comment_status":"open","ping_status":"closed","template":"","meta":{"bwfblock_default_font":"","_kad_blocks_custom_css":"","_kad_blocks_head_custom_js":"","_kad_blocks_body_custom_js":"","_kad_blocks_footer_custom_js":"","_kadence_starter_templates_imported_post":false,"_kad_post_transparent":"default","_kad_post_title":"","_kad_post_layout":"default","_kad_post_sidebar_id":"","_kad_post_content_style":"default","_kad_post_vertical_padding":"default","_kad_post_feature":"","_kad_post_feature_position":"","_kad_post_header":false,"_kad_post_footer":false,"_kad_post_classname":""},"product_brand":[1415],"product_cat":[241],"product_tag":[232,245],"class_list":{"0":"post-8081","1":"product","2":"type-product","3":"status-publish","4":"has-post-thumbnail","6":"product_brand-mes-pochoirs","7":"product_cat-pochoirs-geometriques","8":"product_tag-geometrique","9":"product_tag-lignes","11":"first","12":"instock","13":"taxable","14":"shipping-taxable","15":"purchasable","16":"product-type-variable","17":"has-default-attributes","18":"entry","19":"content-bg","20":"loop-entry"},"taxonomy_info":{"product_brand":[{"value":1415,"label":"Mes Pochoirs"}],"product_cat":[{"value":241,"label":"G\u00e9om\u00e9triques"}],"product_tag":[{"value":232,"label":"g\u00e9om\u00e9trique"},{"value":245,"label":"lignes"}]},"featured_image_src_large":["https:\/\/mes-pochoirs.com\/wp-content\/uploads\/2023\/03\/G0038-pochoir-geometrique-mes-pochoirs-com-858x1030.jpg",858,1030,true],"author_info":[],"comment_info":0,"_links":{"self":[{"href":"https:\/\/mes-pochoirs.com\/es\/wp-json\/wp\/v2\/product\/8081","targetHints":{"allow":["GET"]}}],"collection":[{"href":"https:\/\/mes-pochoirs.com\/es\/wp-json\/wp\/v2\/product"}],"about":[{"href":"https:\/\/mes-pochoirs.com\/es\/wp-json\/wp\/v2\/types\/product"}],"replies":[{"embeddable":true,"href":"https:\/\/mes-pochoirs.com\/es\/wp-json\/wp\/v2\/comments?post=8081"}],"wp:featuredmedia":[{"embeddable":true,"href":"https:\/\/mes-pochoirs.com\/es\/wp-json\/wp\/v2\/media\/7798"}],"wp:attachment":[{"href":"https:\/\/mes-pochoirs.com\/es\/wp-json\/wp\/v2\/media?parent=8081"}],"wp:term":[{"taxonomy":"product_brand","embeddable":true,"href":"https:\/\/mes-pochoirs.com\/es\/wp-json\/wp\/v2\/product_brand?post=8081"},{"taxonomy":"product_cat","embeddable":true,"href":"https:\/\/mes-pochoirs.com\/es\/wp-json\/wp\/v2\/product_cat?post=8081"},{"taxonomy":"product_tag","embeddable":true,"href":"https:\/\/mes-pochoirs.com\/es\/wp-json\/wp\/v2\/product_tag?post=8081"}],"curies":[{"name":"wp","href":"https:\/\/api.w.org\/{rel}","templated":true}]}}