{"id":8780,"date":"2023-04-24T10:22:24","date_gmt":"2023-04-24T08:22:24","guid":{"rendered":"https:\/\/mes-pochoirs.com\/?post_type=product&#038;p=8780"},"modified":"2025-10-31T11:56:26","modified_gmt":"2025-10-31T10:56:26","slug":"patron-geometrico-plantilla-g0041","status":"publish","type":"product","link":"https:\/\/mes-pochoirs.com\/es\/produit\/pochoir-motifs-geometriques-g0041","title":{"rendered":"Plantilla con motivos geom\u00e9tricos - G0041"},"content":{"rendered":"<h2>Plantilla de motivos geom\u00e9tricos<\/h2>\n<p>Le <strong>Plantilla de motivos geom\u00e9tricos<\/strong> propose une composition vibrante, construite autour d\u2019un jeu audacieux de formes : cercles, triangles, chevrons, bandes et lignes s\u2019entrecroisent avec \u00e9nergie. Chaque \u00e9l\u00e9ment semble en mouvement, comme propuls\u00e9 par une tension graphique parfaitement orchestr\u00e9e. Ce pochoir cr\u00e9e une sensation de rythme et de structure, id\u00e9ale pour insuffler un souffle moderne et puissant \u00e0 vos cr\u00e9ations.<\/p>\n<p>Il \u00e9voque \u00e0 la fois une architecture stylis\u00e9e, un langage cod\u00e9 ou encore un parcours graphique inspir\u00e9 du monde urbain. Il stimule l\u2019imagination et donne envie d\u2019exp\u00e9rimenter, que ce soit sur une toile, un carnet cr\u00e9atif, un mur ou tout autre support. Son impact visuel est imm\u00e9diat et transforme chaque projet en terrain de jeu graphique.<\/p>\n<h3>Un style entre abstraction, design et art urbain<\/h3>\n<p>Le <strong>Plantilla de motivos geom\u00e9tricos<\/strong> s\u2019inscrit dans un univers artistique contemporain, o\u00f9 se croisent minimalisme, abstraction g\u00e9om\u00e9trique et esprit urbain. Les formes nettes, les diagonales affirm\u00e9es et les superpositions ma\u00eetris\u00e9es rappellent les grands courants du design graphique, du constructivisme ou encore de l\u2019art mural moderne. Il invite \u00e0 explorer des compositions tr\u00e8s libres, structur\u00e9es mais ouvertes \u00e0 l&#8217;interpr\u00e9tation.<\/p>\n<p>Que vous soyez adepte du DIY, passionn\u00e9 d\u2019art abstrait ou cr\u00e9ateur \u00e0 la recherche d\u2019un \u00e9l\u00e9ment central pour vos compositions, ce pochoir devient un outil incontournable. Il vous permet de cr\u00e9er des ambiances visuelles fortes, d\u2019ajouter du rythme \u00e0 vos surfaces et de jouer avec la r\u00e9p\u00e9tition ou l\u2019asym\u00e9trie pour des r\u00e9sultats toujours uniques.<\/p>","protected":false},"excerpt":{"rendered":"<p><strong>Plantilla de motivos geom\u00e9tricos<\/strong> parfait pour vos tableaux abstraits. R\u00e9versible, haute qualit\u00e9, en plusieurs tailles pour toutes cr\u00e9ations.<\/p>","protected":false},"featured_media":7934,"comment_status":"open","ping_status":"closed","template":"","meta":{"bwfblock_default_font":"","_kad_blocks_custom_css":"","_kad_blocks_head_custom_js":"","_kad_blocks_body_custom_js":"","_kad_blocks_footer_custom_js":"","_kadence_starter_templates_imported_post":false,"_kad_post_transparent":"default","_kad_post_title":"","_kad_post_layout":"default","_kad_post_sidebar_id":"","_kad_post_content_style":"default","_kad_post_vertical_padding":"default","_kad_post_feature":"","_kad_post_feature_position":"","_kad_post_header":false,"_kad_post_footer":false,"_kad_post_classname":""},"product_brand":[1415],"product_cat":[241],"product_tag":[246,239,232,245,362,361,238,249],"class_list":{"0":"post-8780","1":"product","2":"type-product","3":"status-publish","4":"has-post-thumbnail","6":"product_brand-mes-pochoirs","7":"product_cat-pochoirs-geometriques","8":"product_tag-carres","9":"product_tag-cercles","10":"product_tag-geometrique","11":"product_tag-lignes","12":"product_tag-motifs","13":"product_tag-pointilles","14":"product_tag-ronds","15":"product_tag-triangles","17":"first","18":"instock","19":"taxable","20":"shipping-taxable","21":"purchasable","22":"product-type-variable","23":"has-default-attributes","24":"entry","25":"content-bg","26":"loop-entry"},"taxonomy_info":{"product_brand":[{"value":1415,"label":"Mes Pochoirs"}],"product_cat":[{"value":241,"label":"G\u00e9om\u00e9triques"}],"product_tag":[{"value":246,"label":"carr\u00e9s"},{"value":239,"label":"cercles"},{"value":232,"label":"g\u00e9om\u00e9trique"},{"value":245,"label":"lignes"},{"value":362,"label":"motifs"},{"value":361,"label":"pointill\u00e9s"},{"value":238,"label":"ronds"},{"value":249,"label":"triangles"}]},"featured_image_src_large":["https:\/\/mes-pochoirs.com\/wp-content\/uploads\/2023\/03\/G0041-pochoir-geometrique-mes-pochoirs-com-858x1030.jpg",858,1030,true],"author_info":[],"comment_info":0,"_links":{"self":[{"href":"https:\/\/mes-pochoirs.com\/es\/wp-json\/wp\/v2\/product\/8780","targetHints":{"allow":["GET"]}}],"collection":[{"href":"https:\/\/mes-pochoirs.com\/es\/wp-json\/wp\/v2\/product"}],"about":[{"href":"https:\/\/mes-pochoirs.com\/es\/wp-json\/wp\/v2\/types\/product"}],"replies":[{"embeddable":true,"href":"https:\/\/mes-pochoirs.com\/es\/wp-json\/wp\/v2\/comments?post=8780"}],"wp:featuredmedia":[{"embeddable":true,"href":"https:\/\/mes-pochoirs.com\/es\/wp-json\/wp\/v2\/media\/7934"}],"wp:attachment":[{"href":"https:\/\/mes-pochoirs.com\/es\/wp-json\/wp\/v2\/media?parent=8780"}],"wp:term":[{"taxonomy":"product_brand","embeddable":true,"href":"https:\/\/mes-pochoirs.com\/es\/wp-json\/wp\/v2\/product_brand?post=8780"},{"taxonomy":"product_cat","embeddable":true,"href":"https:\/\/mes-pochoirs.com\/es\/wp-json\/wp\/v2\/product_cat?post=8780"},{"taxonomy":"product_tag","embeddable":true,"href":"https:\/\/mes-pochoirs.com\/es\/wp-json\/wp\/v2\/product_tag?post=8780"}],"curies":[{"name":"wp","href":"https:\/\/api.w.org\/{rel}","templated":true}]}}