{"id":9398,"date":"2023-07-13T10:24:38","date_gmt":"2023-07-13T08:24:38","guid":{"rendered":"https:\/\/mes-pochoirs.com\/?post_type=product&#038;p=9398"},"modified":"2025-10-31T11:56:41","modified_gmt":"2025-10-31T10:56:41","slug":"plantilla-cabeza-de-tigre-a0003","status":"publish","type":"product","link":"https:\/\/mes-pochoirs.com\/es\/produit\/pochoir-tete-de-tigre-a0003","title":{"rendered":"Plantilla cabeza de tigre - A0003"},"content":{"rendered":"<h2>Plantilla de cabeza de tigre<\/h2>\n<p><strong>Plantilla de cabeza de tigre<\/strong> Esta plantilla capta el aura fascinante del tigre, s\u00edmbolo de fuerza, dominio y determinaci\u00f3n. La mirada penetrante del animal, perfectamente estilizada, parece atravesar la superficie para imponerse en el espacio. Cada detalle evoca la tensi\u00f3n de un depredador majestuoso, entre la calma y la fuerza bruta. Este motivo evoca la dominaci\u00f3n silenciosa y el orgullo instintivo, por lo que es una elecci\u00f3n audaz para dejar una fuerte marca visual en una obra de arte.<\/p>\n<p>Ideal para los que quieren dar car\u00e1cter a sus creaciones, esta plantilla es para los artistas a los que les gusta infundir a sus obras una energ\u00eda animal, casi espiritual. Un retrato de tigre no es solo una cabeza, es una declaraci\u00f3n.<\/p>\n<h3>Un dise\u00f1o gr\u00e1fico s\u00f3lido y universal<\/h3>\n<p><strong>Plantilla de cabeza de tigre<\/strong> Su estilo gr\u00e1fico combina pureza e intensidad. Las l\u00edneas n\u00edtidas y sim\u00e9tricas crean un rostro poderoso, donde cada curva contribuye a la construcci\u00f3n de un patr\u00f3n r\u00edtmico, gr\u00e1fico y reconocible al instante. Las marcas del manto est\u00e1n concebidas como patrones din\u00e1micos, que ofrecen un resultado espectacular en cada aplicaci\u00f3n.<\/p>\n<p>Fabricada con material de alta calidad, esta plantilla es reutilizable, reversible y est\u00e1 disponible en varios tama\u00f1os para adaptarse a todas las superficies: pared, lienzo, textil, madera, etc. <strong>Plantilla de cabeza de tigre<\/strong> es la herramienta perfecta para creaciones decorativas fuertes y estilizadas, a caballo entre la naturaleza salvaje y el arte urbano. Puede transformar un simple fondo en una impactante obra de arte.<\/p>","protected":false},"excerpt":{"rendered":"<p><strong>Plantilla de cabeza de tigre<\/strong> para gr\u00e1ficos sobre lienzo o muebles. De varios tama\u00f1os, alta calidad, reutilizable, efecto llamativo.<\/p>","protected":false},"featured_media":9315,"comment_status":"open","ping_status":"closed","template":"","meta":{"bwfblock_default_font":"","_kad_blocks_custom_css":"","_kad_blocks_head_custom_js":"","_kad_blocks_body_custom_js":"","_kad_blocks_footer_custom_js":"","_kadence_starter_templates_imported_post":false,"_kad_post_transparent":"default","_kad_post_title":"","_kad_post_layout":"default","_kad_post_sidebar_id":"","_kad_post_content_style":"default","_kad_post_vertical_padding":"default","_kad_post_feature":"","_kad_post_feature_position":"","_kad_post_header":false,"_kad_post_footer":false,"_kad_post_classname":""},"product_brand":[1415],"product_cat":[364],"product_tag":[367,366,404,403],"class_list":{"0":"post-9398","1":"product","2":"type-product","3":"status-publish","4":"has-post-thumbnail","6":"product_brand-mes-pochoirs","7":"product_cat-pochoirs-animaux","8":"product_tag-animal","9":"product_tag-animaux","10":"product_tag-tete-tigre","11":"product_tag-tigre","13":"first","14":"instock","15":"taxable","16":"shipping-taxable","17":"purchasable","18":"product-type-variable","19":"has-default-attributes","20":"entry","21":"content-bg","22":"loop-entry"},"taxonomy_info":{"product_brand":[{"value":1415,"label":"Mes Pochoirs"}],"product_cat":[{"value":364,"label":"Animaux"}],"product_tag":[{"value":367,"label":"animal"},{"value":366,"label":"animaux"},{"value":404,"label":"T\u00eate Tigre"},{"value":403,"label":"Tigre"}]},"featured_image_src_large":["https:\/\/mes-pochoirs.com\/wp-content\/uploads\/2023\/06\/A0003-FR-pochoir-tete-tigre-copyright-mes-pochoirs-858x1030.jpg",858,1030,true],"author_info":[],"comment_info":3,"_links":{"self":[{"href":"https:\/\/mes-pochoirs.com\/es\/wp-json\/wp\/v2\/product\/9398","targetHints":{"allow":["GET"]}}],"collection":[{"href":"https:\/\/mes-pochoirs.com\/es\/wp-json\/wp\/v2\/product"}],"about":[{"href":"https:\/\/mes-pochoirs.com\/es\/wp-json\/wp\/v2\/types\/product"}],"replies":[{"embeddable":true,"href":"https:\/\/mes-pochoirs.com\/es\/wp-json\/wp\/v2\/comments?post=9398"}],"wp:featuredmedia":[{"embeddable":true,"href":"https:\/\/mes-pochoirs.com\/es\/wp-json\/wp\/v2\/media\/9315"}],"wp:attachment":[{"href":"https:\/\/mes-pochoirs.com\/es\/wp-json\/wp\/v2\/media?parent=9398"}],"wp:term":[{"taxonomy":"product_brand","embeddable":true,"href":"https:\/\/mes-pochoirs.com\/es\/wp-json\/wp\/v2\/product_brand?post=9398"},{"taxonomy":"product_cat","embeddable":true,"href":"https:\/\/mes-pochoirs.com\/es\/wp-json\/wp\/v2\/product_cat?post=9398"},{"taxonomy":"product_tag","embeddable":true,"href":"https:\/\/mes-pochoirs.com\/es\/wp-json\/wp\/v2\/product_tag?post=9398"}],"curies":[{"name":"wp","href":"https:\/\/api.w.org\/{rel}","templated":true}]}}