{"id":9699,"date":"2023-08-04T13:13:04","date_gmt":"2023-08-04T11:13:04","guid":{"rendered":"https:\/\/mes-pochoirs.com\/?post_type=product&#038;p=9699"},"modified":"2025-10-31T11:56:53","modified_gmt":"2025-10-31T10:56:53","slug":"plantilla-arbol-de-primavera-n0017","status":"publish","type":"product","link":"https:\/\/mes-pochoirs.com\/es\/produit\/pochoir-arbre-printemps-n0017","title":{"rendered":"Plantilla \u00c1rbol de Primavera - N0017"},"content":{"rendered":"<h2>Plantilla \u00c1rbol de primavera<\/h2>\n<h3>Una oda al renacimiento de la naturaleza<\/h3>\n<p>Le <strong>Plantilla \u00c1rbol de primavera<\/strong> evoca la renovaci\u00f3n, la ligereza y la energ\u00eda vital de la primavera. Su tronco macizo, de l\u00edneas suaves, se despliega en una armoniosa red de ramas adornadas con incipientes hojas j\u00f3venes. Este dise\u00f1o celebra la naturaleza en plena floraci\u00f3n, y nos invita a contemplar un \u00e1rbol que despierta a la caricia del buen tiempo. Esta plantilla aporta un soplo de optimismo y serenidad a su trabajo.<\/p>\n<p>Perfecto para ilustrar un cuadro floral, embellecer una pared interior o personalizar objetos decorativos, este modelo transmite una atm\u00f3sfera tranquila y llena de vida. Es tan adecuado para los aficionados a la pintura mural como para los artistas que buscan s\u00edmbolos fuertes y universales.<\/p>\n<h3>Un estilo puro con encanto org\u00e1nico<\/h3>\n<p>Le <strong>Plantilla \u00c1rbol de primavera<\/strong> adopta una est\u00e9tica a la vez gr\u00e1fica y po\u00e9tica, que combina minimalismo y suavidad. Sus l\u00edneas limpias y estructuradas, pero fluidas, crean un aspecto equilibrado y contempor\u00e1neo. Las formas redondeadas de las hojas, elegantemente espaciadas, dan una impresi\u00f3n de movimiento natural y frescura. Esta plantilla es un soporte ideal para composiciones inspiradas en el zen, la naturaleza estilizada o los ambientes buc\u00f3licos.<\/p>\n<p>Reutilizable y disponible en varios tama\u00f1os, esta plantilla es perfecta para creaciones decorativas hechas a mano, cuadros de ambiente o fondos art\u00edsticos con acentos vegetales. Gustar\u00e1 tanto a los amantes de los motivos naturales como a los interioristas que buscan un soplo de primavera para vestir una pared o un lienzo.<\/p>\n<p>\u00a0 \u00a0<\/p>","protected":false},"excerpt":{"rendered":"<p style=\"text-align: left\"><strong>Plantilla \u00c1rbol de primavera<\/strong> para la creaci\u00f3n art\u00edstica. Reutilizable y reversible, perfecto para un cuadro, decoraci\u00f3n mural o pintura relajante.<\/p>","protected":false},"featured_media":9675,"comment_status":"open","ping_status":"closed","template":"","meta":{"bwfblock_default_font":"","_kad_blocks_custom_css":"","_kad_blocks_head_custom_js":"","_kad_blocks_body_custom_js":"","_kad_blocks_footer_custom_js":"","_kadence_starter_templates_imported_post":false,"_kad_post_transparent":"default","_kad_post_title":"","_kad_post_layout":"default","_kad_post_sidebar_id":"","_kad_post_content_style":"default","_kad_post_vertical_padding":"default","_kad_post_feature":"","_kad_post_feature_position":"","_kad_post_header":false,"_kad_post_footer":false,"_kad_post_classname":""},"product_brand":[1415],"product_cat":[369],"product_tag":[414,371,370,415],"class_list":{"0":"post-9699","1":"product","2":"type-product","3":"status-publish","4":"has-post-thumbnail","6":"product_brand-mes-pochoirs","7":"product_cat-pochoirs-nature","8":"product_tag-arbre","9":"product_tag-feuilles","10":"product_tag-nature","11":"product_tag-printemps","13":"first","14":"instock","15":"taxable","16":"shipping-taxable","17":"purchasable","18":"product-type-variable","19":"has-default-attributes","20":"entry","21":"content-bg","22":"loop-entry"},"taxonomy_info":{"product_brand":[{"value":1415,"label":"Mes Pochoirs"}],"product_cat":[{"value":369,"label":"Nature"}],"product_tag":[{"value":414,"label":"Arbre"},{"value":371,"label":"feuilles"},{"value":370,"label":"nature"},{"value":415,"label":"Printemps"}]},"featured_image_src_large":["https:\/\/mes-pochoirs.com\/wp-content\/uploads\/2023\/08\/N0017-FR-pochoir-arbre-printemps-copyright-mes-pochoirs-858x1030.jpg",858,1030,true],"author_info":[],"comment_info":0,"_links":{"self":[{"href":"https:\/\/mes-pochoirs.com\/es\/wp-json\/wp\/v2\/product\/9699","targetHints":{"allow":["GET"]}}],"collection":[{"href":"https:\/\/mes-pochoirs.com\/es\/wp-json\/wp\/v2\/product"}],"about":[{"href":"https:\/\/mes-pochoirs.com\/es\/wp-json\/wp\/v2\/types\/product"}],"replies":[{"embeddable":true,"href":"https:\/\/mes-pochoirs.com\/es\/wp-json\/wp\/v2\/comments?post=9699"}],"wp:featuredmedia":[{"embeddable":true,"href":"https:\/\/mes-pochoirs.com\/es\/wp-json\/wp\/v2\/media\/9675"}],"wp:attachment":[{"href":"https:\/\/mes-pochoirs.com\/es\/wp-json\/wp\/v2\/media?parent=9699"}],"wp:term":[{"taxonomy":"product_brand","embeddable":true,"href":"https:\/\/mes-pochoirs.com\/es\/wp-json\/wp\/v2\/product_brand?post=9699"},{"taxonomy":"product_cat","embeddable":true,"href":"https:\/\/mes-pochoirs.com\/es\/wp-json\/wp\/v2\/product_cat?post=9699"},{"taxonomy":"product_tag","embeddable":true,"href":"https:\/\/mes-pochoirs.com\/es\/wp-json\/wp\/v2\/product_tag?post=9699"}],"curies":[{"name":"wp","href":"https:\/\/api.w.org\/{rel}","templated":true}]}}