{"id":9711,"date":"2023-08-04T13:34:36","date_gmt":"2023-08-04T11:34:36","guid":{"rendered":"https:\/\/mes-pochoirs.com\/?post_type=product&#038;p=9711"},"modified":"2025-10-31T11:56:55","modified_gmt":"2025-10-31T10:56:55","slug":"plantilla-arbol-flores-primavera-n0018","status":"publish","type":"product","link":"https:\/\/mes-pochoirs.com\/es\/produit\/pochoir-arbre-fleurs-printemps-n0018","title":{"rendered":"Plantilla \u00c1rbol y Flores de Primavera - N0018"},"content":{"rendered":"<h2>Plantilla \u00c1rbol y flores de primavera<\/h2>\n<p><strong>Plantilla de \u00e1rbol y flores<\/strong> <strong>Primavera<\/strong> le invita a dar un buc\u00f3lico paseo por una naturaleza exuberante y simb\u00f3lica. En el centro, un majestuoso \u00e1rbol despliega sus frondosas ramas como una celebraci\u00f3n de la vida, el equilibrio y la serenidad. A sus pies, un prado generoso cobra vida con flores variadas, tallos flexibles y hierbas altas, evocando los ciclos de la naturaleza y la riqueza de las estaciones.<\/p>\n<p>Esta plantilla evoca una atm\u00f3sfera de calma y armon\u00eda, ideal para creaciones decorativas que transmitan una sensaci\u00f3n de paz y arraigo. Puede utilizarse f\u00e1cilmente para personalizar una pared, un mueble o un lienzo, transformando una superficie sencilla en una obra de arte vegetal inspirada. Estimula la imaginaci\u00f3n del dise\u00f1ador e invita a so\u00f1ar con un jard\u00edn ideal.<\/p>\n<h3>Un estilo gr\u00e1fico expresivo y refinado<\/h3>\n<p><strong>Plantilla de \u00e1rbol y flores<\/strong> <strong>Primavera<\/strong> presenta un estilo gr\u00e1fico a la vez estructurado y fluido. El dise\u00f1o juega con los contrastes entre s\u00f3lidos y vac\u00edos t\u00edpicos del estarcido. Las suaves curvas del \u00e1rbol y las estilizadas formas florales crean una composici\u00f3n equilibrada que llama inmediatamente la atenci\u00f3n y produce un fuerte impacto visual.<\/p>\n<p>Esta plantilla est\u00e1 a medio camino entre la ilustraci\u00f3n decorativa moderna y los motivos artesanales inspirados en la naturaleza. Se adapta tanto a ambientes bohemios como r\u00fasticos o contempor\u00e1neos, en funci\u00f3n de los colores y materiales que elijas. Su corte preciso garantiza un acabado limpio y profesional, perfecto para proyectos de bricolaje, decoraci\u00f3n de interiores o incluso embellecimiento urbano.<\/p>\n<p>\u00a0<\/p>","protected":false},"excerpt":{"rendered":"<p><strong>Plantilla \u00c1rbol y flores de primavera<\/strong> para dar vida a sus lienzos o paredes. Reutilizables, de alta calidad, varios tama\u00f1os y un aspecto elegante garantizado.<\/p>","protected":false},"featured_media":9676,"comment_status":"open","ping_status":"closed","template":"","meta":{"bwfblock_default_font":"","_kad_blocks_custom_css":"","_kad_blocks_head_custom_js":"","_kad_blocks_body_custom_js":"","_kad_blocks_footer_custom_js":"","_kadence_starter_templates_imported_post":false,"_kad_post_transparent":"default","_kad_post_title":"","_kad_post_layout":"default","_kad_post_sidebar_id":"","_kad_post_content_style":"default","_kad_post_vertical_padding":"default","_kad_post_feature":"","_kad_post_feature_position":"","_kad_post_header":false,"_kad_post_footer":false,"_kad_post_classname":""},"product_brand":[1415],"product_cat":[369],"product_tag":[414,371,416,370,415],"class_list":{"0":"post-9711","1":"product","2":"type-product","3":"status-publish","4":"has-post-thumbnail","6":"product_brand-mes-pochoirs","7":"product_cat-pochoirs-nature","8":"product_tag-arbre","9":"product_tag-feuilles","10":"product_tag-fleurs","11":"product_tag-nature","12":"product_tag-printemps","14":"first","15":"instock","16":"taxable","17":"shipping-taxable","18":"purchasable","19":"product-type-variable","20":"has-default-attributes","21":"entry","22":"content-bg","23":"loop-entry"},"taxonomy_info":{"product_brand":[{"value":1415,"label":"Mes Pochoirs"}],"product_cat":[{"value":369,"label":"Nature"}],"product_tag":[{"value":414,"label":"Arbre"},{"value":371,"label":"feuilles"},{"value":416,"label":"fleurs"},{"value":370,"label":"nature"},{"value":415,"label":"Printemps"}]},"featured_image_src_large":["https:\/\/mes-pochoirs.com\/wp-content\/uploads\/2023\/08\/N0018-FR-pochoir-arbre-fleurs-copyright-mes-pochoirs-858x1030.jpg",858,1030,true],"author_info":[],"comment_info":0,"_links":{"self":[{"href":"https:\/\/mes-pochoirs.com\/es\/wp-json\/wp\/v2\/product\/9711","targetHints":{"allow":["GET"]}}],"collection":[{"href":"https:\/\/mes-pochoirs.com\/es\/wp-json\/wp\/v2\/product"}],"about":[{"href":"https:\/\/mes-pochoirs.com\/es\/wp-json\/wp\/v2\/types\/product"}],"replies":[{"embeddable":true,"href":"https:\/\/mes-pochoirs.com\/es\/wp-json\/wp\/v2\/comments?post=9711"}],"wp:featuredmedia":[{"embeddable":true,"href":"https:\/\/mes-pochoirs.com\/es\/wp-json\/wp\/v2\/media\/9676"}],"wp:attachment":[{"href":"https:\/\/mes-pochoirs.com\/es\/wp-json\/wp\/v2\/media?parent=9711"}],"wp:term":[{"taxonomy":"product_brand","embeddable":true,"href":"https:\/\/mes-pochoirs.com\/es\/wp-json\/wp\/v2\/product_brand?post=9711"},{"taxonomy":"product_cat","embeddable":true,"href":"https:\/\/mes-pochoirs.com\/es\/wp-json\/wp\/v2\/product_cat?post=9711"},{"taxonomy":"product_tag","embeddable":true,"href":"https:\/\/mes-pochoirs.com\/es\/wp-json\/wp\/v2\/product_tag?post=9711"}],"curies":[{"name":"wp","href":"https:\/\/api.w.org\/{rel}","templated":true}]}}