{"id":9992,"date":"2023-09-07T11:06:49","date_gmt":"2023-09-07T09:06:49","guid":{"rendered":"https:\/\/mes-pochoirs.com\/?post_type=product&#038;p=9992"},"modified":"2025-10-31T11:57:00","modified_gmt":"2025-10-31T10:57:00","slug":"plantilla-de-pared-de-ladrillo-u0004","status":"publish","type":"product","link":"https:\/\/mes-pochoirs.com\/es\/produit\/pochoir-mural-briques-u0004","title":{"rendered":"Plantilla Ladrillos - U0004"},"content":{"rendered":"<h2>Pochoir Mural briques<\/h2>\n<p><strong>Plantilla de ladrillos<\/strong> \u2013 Ce motif saisissant \u00e9voque la texture brute et authentique d\u2019un vieux mur de briques, l\u00e9g\u00e8rement ab\u00eem\u00e9 par le temps. Chaque ligne irr\u00e9guli\u00e8re, chaque \u00e9clat simul\u00e9 raconte une histoire urbaine, un pass\u00e9 industriel ou une ruelle new-yorkaise laiss\u00e9e aux po\u00e8tes et graffeurs. Ce pochoir transforme vos surfaces lisses en d\u00e9cors vibrants, textur\u00e9s et expressifs.<\/p>\n<p>Que ce soit sur un mur int\u00e9rieur, une toile, un fond de meuble ou un d\u00e9cor de fresque, il ajoute instantan\u00e9ment une profondeur visuelle unique, comme si la mati\u00e8re elle-m\u00eame \u00e9mergeait sous la peinture. Il est id\u00e9al pour donner du relief \u00e0 vos tableaux ou d\u00e9cors de style loft, atelier ou street.<\/p>\n<h3>un style urbain \u00e0 l\u2019effet trompe-l\u2019\u0153il<\/h3>\n<p><strong>Plantilla de ladrillos<\/strong> \u2013 Inspir\u00e9 du style industriel et du street art, ce motif s\u2019inscrit dans une esth\u00e9tique contemporaine \u00e0 la fois brute et chaleureuse. Son rendu trompe-l\u2019\u0153il imite \u00e0 la perfection une paroi en briques patin\u00e9e, id\u00e9ale pour les amateurs d\u2019ambiance factory, grunge ou underground. C\u2019est un outil pris\u00e9 des artistes et d\u00e9corateurs qui souhaitent insuffler du caract\u00e8re sans engager de gros travaux.<\/p>\n<p>R\u00e9utilisable et r\u00e9versible, ce pochoir de haute qualit\u00e9 est disponible en plusieurs tailles pour s\u2019adapter \u00e0 toutes vos envies cr\u00e9atives. Il sublime les jeux d\u2019ombres et de lumi\u00e8re, tout en offrant une base parfaite pour des compositions graphiques, typographiques ou figuratives.<\/p>","protected":false},"excerpt":{"rendered":"<p><strong>Plantilla de ladrillos<\/strong> r\u00e9aliste et textur\u00e9 pour peinture ou tableau d\u00e9co. R\u00e9utilisable, r\u00e9versible, qualit\u00e9 pro, tailles vari\u00e9es.<\/p>","protected":false},"featured_media":9978,"comment_status":"open","ping_status":"closed","template":"","meta":{"bwfblock_default_font":"","_kad_blocks_custom_css":"","_kad_blocks_head_custom_js":"","_kad_blocks_body_custom_js":"","_kad_blocks_footer_custom_js":"","_kadence_starter_templates_imported_post":false,"_kad_post_transparent":"default","_kad_post_title":"","_kad_post_layout":"default","_kad_post_sidebar_id":"","_kad_post_content_style":"default","_kad_post_vertical_padding":"default","_kad_post_feature":"","_kad_post_feature_position":"","_kad_post_header":false,"_kad_post_footer":false,"_kad_post_classname":""},"product_brand":[1415],"product_cat":[273,328],"product_tag":[435,433,434,327,286],"class_list":{"0":"post-9992","1":"product","2":"type-product","3":"status-publish","4":"has-post-thumbnail","6":"product_brand-mes-pochoirs","7":"product_cat-pochoirs-urbains","8":"product_cat-pochoirs-street-art","9":"product_tag-briques","10":"product_tag-mur","11":"product_tag-mural","12":"product_tag-street-art","13":"product_tag-urbain","15":"first","16":"instock","17":"taxable","18":"shipping-taxable","19":"purchasable","20":"product-type-variable","21":"entry","22":"content-bg","23":"loop-entry"},"taxonomy_info":{"product_brand":[{"value":1415,"label":"Mes Pochoirs"}],"product_cat":[{"value":273,"label":"Urbains"},{"value":328,"label":"Street Art"}],"product_tag":[{"value":435,"label":"briques"},{"value":433,"label":"mur"},{"value":434,"label":"mural"},{"value":327,"label":"street art"},{"value":286,"label":"urbain"}]},"featured_image_src_large":["https:\/\/mes-pochoirs.com\/wp-content\/uploads\/2023\/09\/U0004-FR-pochoir-mur-briques-copyright-mes-pochoirs-858x1030.jpg",858,1030,true],"author_info":[],"comment_info":1,"_links":{"self":[{"href":"https:\/\/mes-pochoirs.com\/es\/wp-json\/wp\/v2\/product\/9992","targetHints":{"allow":["GET"]}}],"collection":[{"href":"https:\/\/mes-pochoirs.com\/es\/wp-json\/wp\/v2\/product"}],"about":[{"href":"https:\/\/mes-pochoirs.com\/es\/wp-json\/wp\/v2\/types\/product"}],"replies":[{"embeddable":true,"href":"https:\/\/mes-pochoirs.com\/es\/wp-json\/wp\/v2\/comments?post=9992"}],"wp:featuredmedia":[{"embeddable":true,"href":"https:\/\/mes-pochoirs.com\/es\/wp-json\/wp\/v2\/media\/9978"}],"wp:attachment":[{"href":"https:\/\/mes-pochoirs.com\/es\/wp-json\/wp\/v2\/media?parent=9992"}],"wp:term":[{"taxonomy":"product_brand","embeddable":true,"href":"https:\/\/mes-pochoirs.com\/es\/wp-json\/wp\/v2\/product_brand?post=9992"},{"taxonomy":"product_cat","embeddable":true,"href":"https:\/\/mes-pochoirs.com\/es\/wp-json\/wp\/v2\/product_cat?post=9992"},{"taxonomy":"product_tag","embeddable":true,"href":"https:\/\/mes-pochoirs.com\/es\/wp-json\/wp\/v2\/product_tag?post=9992"}],"curies":[{"name":"wp","href":"https:\/\/api.w.org\/{rel}","templated":true}]}}