{"id":23584,"date":"2025-04-26T11:21:17","date_gmt":"2025-04-26T09:21:17","guid":{"rendered":"https:\/\/mes-pochoirs.com\/?page_id=23584"},"modified":"2025-04-27T09:42:42","modified_gmt":"2025-04-27T07:42:42","slug":"informazioni-legali","status":"publish","type":"page","link":"https:\/\/mes-pochoirs.com\/it\/mentions-legales","title":{"rendered":"Informazioni legali"},"content":{"rendered":"<style>.kb-row-layout-id23584_2befee-f4 > .kt-row-column-wrap{align-content:start;}:where(.kb-row-layout-id23584_2befee-f4 > .kt-row-column-wrap) > .wp-block-kadence-column{justify-content:start;}.kb-row-layout-id23584_2befee-f4 > .kt-row-column-wrap{column-gap:var(--global-kb-gap-md, 2rem);row-gap:var(--global-kb-gap-md, 2rem);padding-top:var(--global-kb-spacing-sm, 1.5rem);padding-bottom:var(--global-kb-spacing-sm, 1.5rem);grid-template-columns:minmax(0, 1fr);}.kb-row-layout-id23584_2befee-f4 > .kt-row-layout-overlay{opacity:0.30;}@media all and (max-width: 1024px){.kb-row-layout-id23584_2befee-f4 > .kt-row-column-wrap{grid-template-columns:minmax(0, 1fr);}}@media all and (max-width: 767px){.kb-row-layout-id23584_2befee-f4 > .kt-row-column-wrap{grid-template-columns:minmax(0, 1fr);}}<\/style><div class=\"kb-row-layout-wrap kb-row-layout-id23584_2befee-f4 alignnone wp-block-kadence-rowlayout\"><div class=\"kt-row-column-wrap kt-has-1-columns kt-row-layout-equal kt-tab-layout-inherit kt-mobile-layout-row kt-row-valign-top\">\n<style>.kadence-column23584_137177-f4 > .kt-inside-inner-col,.kadence-column23584_137177-f4 > .kt-inside-inner-col:before{border-top-left-radius:0px;border-top-right-radius:0px;border-bottom-right-radius:0px;border-bottom-left-radius:0px;}.kadence-column23584_137177-f4 > .kt-inside-inner-col{column-gap:var(--global-kb-gap-sm, 1rem);}.kadence-column23584_137177-f4 > .kt-inside-inner-col{flex-direction:column;}.kadence-column23584_137177-f4 > .kt-inside-inner-col > .aligncenter{width:100%;}.kadence-column23584_137177-f4 > .kt-inside-inner-col:before{opacity:0.3;}.kadence-column23584_137177-f4{position:relative;}@media all and (max-width: 1024px){.kadence-column23584_137177-f4 > .kt-inside-inner-col{flex-direction:column;justify-content:center;}}@media all and (max-width: 767px){.kadence-column23584_137177-f4 > .kt-inside-inner-col{flex-direction:column;justify-content:center;}}<\/style>\n<div class=\"wp-block-kadence-column kadence-column23584_137177-f4\"><div class=\"kt-inside-inner-col\">\n<p><strong>Editore del sito<\/strong><br>SARL <strong>Design MPMS<\/strong><br>Indirizzo: 147 avenue Edmond Rostand, 40150, Soorts-Hossegor, Francia<br>Email : <strong><a class=\"\">contact@mes-pochoirs.com<\/a><\/strong><br>Telefono: \ud83d\udcde +33 5 58 43 65 38<\/p>\n\n\n\n<p><strong>Forma giuridica<\/strong><br>SARL con un capitale di 2000 euro<br>Registrato presso l'RCS di Dax con il numero<strong>:  <\/strong>92932266700015<br>Partita IVA intracomunitaria: FR27929322667<\/p>\n\n\n\n<p><strong>Hosting del sito web<\/strong><br>Nome : <strong>Rocket.net<\/strong><br>Indirizzo: 2151 W Hillsboro Blvd, Suite 205, Deerfield Beach, FL 33442, <strong>Stati Uniti<\/strong><br>Sito : <a class=\"\" href=\"https:\/\/rocket.net\" target=\"_blank\" rel=\"noopener\">https:\/\/rocket.net<\/a><\/p>\n\n\n\n<p><strong>Propriet\u00e0 intellettuale<\/strong><br>L'intero contenuto del sito (immagini, testi, video, grafica, ecc.) \u00e8 di propriet\u00e0 esclusiva di MPMS Design o dei suoi partner. \u00c8 vietata la riproduzione o l'utilizzo senza previa autorizzazione.<\/p>\n\n\n\n<p><strong>Legge applicabile<\/strong><br>Questo sito \u00e8 regolato dalla legge francese. Accedendo al sito, l'utente dichiara di aver letto e accettato la presente nota legale.<\/p>\n\n\n\n<p><strong>Esclusione di responsabilit\u00e0<\/strong><\/p>\n\n\n\n<p>Il sito Mes-Pochoirs.com si impegna a fornire informazioni il pi\u00f9 possibile accurate. Tuttavia, non pu\u00f2 essere ritenuto responsabile di eventuali omissioni, imprecisioni o mancanze nell'aggiornamento di queste informazioni, sia per colpa sua che per colpa di partner terzi che gliele forniscono.<\/p>\n\n\n\n<p>Tutte le informazioni fornite sul sito web Mes-Pochoirs.com sono fornite a titolo puramente informativo e non devono essere utilizzate come sostituto di un'analisi pi\u00f9 approfondita e adeguata alla situazione personale dell'utente.<\/p>\n\n\n\n<p>Mes-Pochoirs.com non pu\u00f2 essere ritenuto responsabile dell'uso che viene fatto di queste informazioni e di qualsiasi pregiudizio diretto o indiretto che ne possa derivare.<\/p>\n\n\n\n<p>I collegamenti ipertestuali presenti sul sito possono condurre ad altri siti web. Mes-Pochoirs.com non si assume alcuna responsabilit\u00e0 per il contenuto di questi siti esterni.<\/p>\n<\/div><\/div>\n\n<\/div><\/div>\n\n\n<p><\/p>","protected":false},"excerpt":{"rendered":"<p>\u00c9diteur du siteSARL MPMS DesignAdresse : 147 avenue Edmond Rostand, 40150, Soorts-Hossegor, FranceEmail : contact@mes-pochoirs.comT\u00e9l\u00e9phone : \ud83d\udcde +33 5 58 43 65 38 Forme juridiqueSARL au capital de 2000 \u20acImmatricul\u00e9e au RCS de Dax sous le num\u00e9ro: 92932266700015Num\u00e9ro de TVA intracommunautaire : FR27929322667 H\u00e9bergement du siteNom : Rocket.netAdresse : 2151 W Hillsboro Blvd, Suite 205,&#8230;<\/p>","protected":false},"author":1,"featured_media":0,"parent":0,"menu_order":0,"comment_status":"closed","ping_status":"closed","template":"","meta":{"bwfblock_default_font":"","_kad_blocks_custom_css":"","_kad_blocks_head_custom_js":"","_kad_blocks_body_custom_js":"","_kad_blocks_footer_custom_js":"","_kadence_starter_templates_imported_post":false,"_kad_post_transparent":"","_kad_post_title":"","_kad_post_layout":"","_kad_post_sidebar_id":"","_kad_post_content_style":"","_kad_post_vertical_padding":"","_kad_post_feature":"","_kad_post_feature_position":"","_kad_post_header":false,"_kad_post_footer":false,"_kad_post_classname":"","footnotes":""},"class_list":["post-23584","page","type-page","status-publish","hentry"],"taxonomy_info":[],"featured_image_src_large":false,"author_info":{"display_name":"John Beckley","author_link":"https:\/\/mes-pochoirs.com\/it\/author\/adminjohn"},"comment_info":0,"_links":{"self":[{"href":"https:\/\/mes-pochoirs.com\/it\/wp-json\/wp\/v2\/pages\/23584","targetHints":{"allow":["GET"]}}],"collection":[{"href":"https:\/\/mes-pochoirs.com\/it\/wp-json\/wp\/v2\/pages"}],"about":[{"href":"https:\/\/mes-pochoirs.com\/it\/wp-json\/wp\/v2\/types\/page"}],"author":[{"embeddable":true,"href":"https:\/\/mes-pochoirs.com\/it\/wp-json\/wp\/v2\/users\/1"}],"replies":[{"embeddable":true,"href":"https:\/\/mes-pochoirs.com\/it\/wp-json\/wp\/v2\/comments?post=23584"}],"version-history":[{"count":0,"href":"https:\/\/mes-pochoirs.com\/it\/wp-json\/wp\/v2\/pages\/23584\/revisions"}],"wp:attachment":[{"href":"https:\/\/mes-pochoirs.com\/it\/wp-json\/wp\/v2\/media?parent=23584"}],"curies":[{"name":"wp","href":"https:\/\/api.w.org\/{rel}","templated":true}]}}