{"id":9197,"date":"2023-05-18T20:22:21","date_gmt":"2023-05-18T18:22:21","guid":{"rendered":"https:\/\/mes-pochoirs.com\/?page_id=9197"},"modified":"2025-04-26T11:07:04","modified_gmt":"2025-04-26T09:07:04","slug":"informativa-sulla-privacy","status":"publish","type":"page","link":"https:\/\/mes-pochoirs.com\/it\/politique-de-confidentialite","title":{"rendered":"Informativa sulla privacy"},"content":{"rendered":"<style>.kb-row-layout-id9197_1fa548-c4 > .kt-row-column-wrap{align-content:start;}:where(.kb-row-layout-id9197_1fa548-c4 > .kt-row-column-wrap) > .wp-block-kadence-column{justify-content:start;}.kb-row-layout-id9197_1fa548-c4 > .kt-row-column-wrap{column-gap:var(--global-kb-gap-md, 2rem);row-gap:var(--global-kb-gap-md, 2rem);padding-top:var(--global-kb-spacing-lg, 3rem);padding-bottom:var(--global-kb-spacing-sm, 1.5rem);grid-template-columns:minmax(0, 1fr);}.kb-row-layout-id9197_1fa548-c4 > .kt-row-layout-overlay{opacity:0.30;}@media all and (max-width: 1024px){.kb-row-layout-id9197_1fa548-c4 > .kt-row-column-wrap{grid-template-columns:minmax(0, 1fr);}}@media all and (max-width: 767px){.kb-row-layout-id9197_1fa548-c4 > .kt-row-column-wrap{grid-template-columns:minmax(0, 1fr);}}<\/style><div class=\"kb-row-layout-wrap kb-row-layout-id9197_1fa548-c4 alignnone wp-block-kadence-rowlayout\"><div class=\"kt-row-column-wrap kt-has-1-columns kt-row-layout-equal kt-tab-layout-inherit kt-mobile-layout-row kt-row-valign-top\">\n<style>.kadence-column9197_8cb6a3-2d > .kt-inside-inner-col,.kadence-column9197_8cb6a3-2d > .kt-inside-inner-col:before{border-top-left-radius:0px;border-top-right-radius:0px;border-bottom-right-radius:0px;border-bottom-left-radius:0px;}.kadence-column9197_8cb6a3-2d > .kt-inside-inner-col{column-gap:var(--global-kb-gap-sm, 1rem);}.kadence-column9197_8cb6a3-2d > .kt-inside-inner-col{flex-direction:column;}.kadence-column9197_8cb6a3-2d > .kt-inside-inner-col > .aligncenter{width:100%;}.kadence-column9197_8cb6a3-2d > .kt-inside-inner-col:before{opacity:0.3;}.kadence-column9197_8cb6a3-2d{position:relative;}@media all and (max-width: 1024px){.kadence-column9197_8cb6a3-2d > .kt-inside-inner-col{flex-direction:column;justify-content:center;}}@media all and (max-width: 767px){.kadence-column9197_8cb6a3-2d > .kt-inside-inner-col{flex-direction:column;justify-content:center;}}<\/style>\n<div class=\"wp-block-kadence-column kadence-column9197_8cb6a3-2d\"><div class=\"kt-inside-inner-col\">\n<h1 class=\"wp-block-heading\">Informativa sulla privacy<\/h1>\n<\/div><\/div>\n\n<\/div><\/div>\n\n\n<h2 class=\"wp-block-heading\">1. Introduzione<\/h2>\n\n\n\n<p>Il sito web <strong>Mes-Pochoirs.com<\/strong> (di seguito \"noi\", \"ci\", \"nostro\") attribuisce grande importanza alla protezione dei vostri dati personali. Lo scopo della presente informativa sulla privacy \u00e8 quello di fornire all'utente informazioni chiare e trasparenti sulle modalit\u00e0 di raccolta, utilizzo, archiviazione e protezione dei suoi dati personali, in conformit\u00e0 con la legge sulla protezione dei dati. <strong>Regolamento generale sulla protezione dei dati (GDPR)<\/strong>.<\/p>\n\n\n\n<hr class=\"wp-block-separator has-alpha-channel-opacity\"\/>\n\n\n\n<h2 class=\"wp-block-heading\">2. Dati raccolti<\/h2>\n\n\n\n<p>Quando utilizzate il nostro sito, raccogliamo i seguenti dati personali:<\/p>\n\n\n\n<ul class=\"wp-block-list\">\n<li>Nome e cognome<\/li>\n\n\n\n<li>Indirizzo postale<\/li>\n\n\n\n<li>Indirizzo e-mail<\/li>\n\n\n\n<li>Numero di telefono<\/li>\n\n\n\n<li>Indirizzo IP (tramite cookie)<\/li>\n\n\n\n<li>Dati di accesso (se si sta creando un account cliente o VIP)<\/li>\n\n\n\n<li>Dati di navigazione (pagine visualizzate, durata della visita, ecc.)<\/li>\n<\/ul>\n\n\n\n<p>Questi dati vengono raccolti :<\/p>\n\n\n\n<ul class=\"wp-block-list\">\n<li>Quando si effettua un acquisto dal sito<\/li>\n\n\n\n<li>Quando ci si registra alla nostra newsletter<\/li>\n\n\n\n<li>Quando si utilizza il modulo di contatto<\/li>\n\n\n\n<li>Quando ci si registra per un'area riservata ai soci<\/li>\n\n\n\n<li>Tramite i cookie, con il vostro consenso<\/li>\n<\/ul>\n\n\n\n<hr class=\"wp-block-separator has-alpha-channel-opacity\"\/>\n\n\n\n<h2 class=\"wp-block-heading\">3. Utilizzo dei dati<\/h2>\n\n\n\n<p>Utilizziamo i vostri dati personali per i seguenti scopi:<\/p>\n\n\n\n<ul class=\"wp-block-list\">\n<li>Per elaborare e spedire i vostri ordini<\/li>\n\n\n\n<li>Per creare e gestire il vostro account cliente o VIP<\/li>\n\n\n\n<li>Per inviarvi le nostre newsletter e offerte commerciali (se avete dato il vostro consenso)<\/li>\n\n\n\n<li>Per analizzare le statistiche di traffico del sito web tramite Google Analytics 4<\/li>\n\n\n\n<li>Per rispondere alle vostre richieste tramite il nostro modulo di contatto<\/li>\n<\/ul>\n\n\n\n<hr class=\"wp-block-separator has-alpha-channel-opacity\"\/>\n\n\n\n<h2 class=\"wp-block-heading\">4. Base giuridica del trattamento<\/h2>\n\n\n\n<p>Ai sensi del GDPR, trattiamo i vostri dati personali sulle seguenti basi giuridiche:<\/p>\n\n\n\n<ul class=\"wp-block-list\">\n<li><strong>Esecuzione di un contratto<\/strong> elaborazione e consegna degli ordini<\/li>\n\n\n\n<li><strong>Consenso<\/strong> registrazione alla newsletter, cookie, area VIP<\/li>\n\n\n\n<li><strong>Interesse legittimo<\/strong> : miglioramento dell'esperienza utente e dell'analisi statistica (dati anonimizzati)<\/li>\n<\/ul>\n\n\n\n<hr class=\"wp-block-separator has-alpha-channel-opacity\"\/>\n\n\n\n<h2 class=\"wp-block-heading\">5. Google Analytics<\/h2>\n\n\n\n<p>Utilizziamo <strong>Google Analytics 4<\/strong>un servizio di analisi web fornito da Google Ireland Ltd.<br>Google Analytics raccoglie dati anonimi sull'utilizzo del sito web da parte degli utenti, per consentirci di capire come viene utilizzato e di migliorarne il contenuto.<br>Questi dati sono <strong>anonimizzato<\/strong> e non consentono l'identificazione personale dell'utente.<\/p>\n\n\n\n<p>Non vengono raccolti dati di Google Analytics <strong>prima di ottenere il vostro consenso<\/strong>in conformit\u00e0 alle normative vigenti.<\/p>\n\n\n\n<hr class=\"wp-block-separator has-alpha-channel-opacity\"\/>\n\n\n\n<h2 class=\"wp-block-heading\">6. Cookie e consenso<\/h2>\n\n\n\n<p>Utilizziamo il <strong>Compliance<\/strong> per raccogliere e gestire il vostro consenso all'uso dei cookie.<\/p>\n\n\n\n<p>Alla prima visita, un banner di consenso vi informer\u00e0 dei cookie utilizzati. In seguito \u00e8 possibile <strong>accettare, rifiutare o personalizzare<\/strong> le vostre scelte.<br>\u00c8 possibile <strong>modificare le proprie preferenze in qualsiasi momento<\/strong> cliccando sul link \"Gestisci cookie\" in fondo alla pagina.<\/p>\n\n\n\n<p>I cookie essenziali (ad esempio il carrello della spesa) sono attivati per impostazione predefinita perch\u00e9 sono necessari per il corretto funzionamento del sito.<\/p>\n\n\n\n<hr class=\"wp-block-separator has-alpha-channel-opacity\"\/>\n\n\n\n<h2 class=\"wp-block-heading\">7. Condivisione dei dati<\/h2>\n\n\n\n<p>Non vendiamo, affittiamo o condividiamo mai i vostri dati personali con terze parti, a meno che ci\u00f2 non sia necessario per :<\/p>\n\n\n\n<ul class=\"wp-block-list\">\n<li>Elaborazione dell'ordine (ad es. vettore, soluzione di pagamento)<\/li>\n\n\n\n<li>Motivi legali (ad es. richiesta di un'autorit\u00e0 giudiziaria)<\/li>\n<\/ul>\n\n\n\n<hr class=\"wp-block-separator has-alpha-channel-opacity\"\/>\n\n\n\n<h2 class=\"wp-block-heading\">8. Sicurezza dei dati<\/h2>\n\n\n\n<p>Mettiamo in atto misure tecniche e organizzative per proteggere i vostri dati.<br>I vostri dati sono memorizzati su server sicuri e <strong>nessuna informazione bancaria<\/strong> \u00e8 memorizzato sul nostro sito.<\/p>\n\n\n\n<hr class=\"wp-block-separator has-alpha-channel-opacity\"\/>\n\n\n\n<h2 class=\"wp-block-heading\">9. I vostri diritti<\/h2>\n\n\n\n<p>Ai sensi del RGPD, avete i seguenti diritti:<\/p>\n\n\n\n<ul class=\"wp-block-list\">\n<li>Diritto di accesso ai propri dati<\/li>\n\n\n\n<li>Diritto di rettifica<\/li>\n\n\n\n<li>Diritto alla cancellazione (diritto all'oblio)<\/li>\n\n\n\n<li>Diritto di limitare il trattamento<\/li>\n\n\n\n<li>Diritto di opposizione<\/li>\n\n\n\n<li>Diritto alla portabilit\u00e0<\/li>\n<\/ul>\n\n\n\n<p>\ud83d\udce9 Per esercitare tali diritti, si prega di contattarci all'indirizzo : <strong><a class=\"\">contact@mes-pochoirs.com<\/a><\/strong><\/p>\n\n\n\n<hr class=\"wp-block-separator has-alpha-channel-opacity\"\/>\n\n\n\n<h2 class=\"wp-block-heading\">10. Modifiche all'informativa sulla privacy<\/h2>\n\n\n\n<p>Possiamo modificare questa politica in qualsiasi momento. In caso di modifiche significative, alla prossima visita dell'utente potrebbe essere visualizzata una nuova richiesta di consenso.<\/p>\n\n\n\n<hr class=\"wp-block-separator has-alpha-channel-opacity\"\/>\n\n\n\n<h3 class=\"wp-block-heading\">\ud83d\udcc6 Ultimo aggiornamento: aprile 2025<\/h3>\n\n\n\n<p><\/p>","protected":false},"excerpt":{"rendered":"<p>Politique de confidentialit\u00e9 1. Introduction Le site Mes-Pochoirs.com (ci-apr\u00e8s \u00ab nous \u00bb, \u00ab notre \u00bb, \u00ab nos \u00bb) accorde une grande importance \u00e0 la protection de vos donn\u00e9es personnelles. La pr\u00e9sente politique de confidentialit\u00e9 a pour objectif de vous informer de mani\u00e8re claire et transparente sur la mani\u00e8re dont nous collectons, utilisons, stockons et prot\u00e9geons&#8230;<\/p>","protected":false},"author":1,"featured_media":0,"parent":0,"menu_order":0,"comment_status":"closed","ping_status":"closed","template":"","meta":{"bwfblock_default_font":"","_kad_blocks_custom_css":"","_kad_blocks_head_custom_js":"","_kad_blocks_body_custom_js":"","_kad_blocks_footer_custom_js":"","_kadence_starter_templates_imported_post":false,"_kad_post_transparent":"","_kad_post_title":"","_kad_post_layout":"","_kad_post_sidebar_id":"","_kad_post_content_style":"","_kad_post_vertical_padding":"","_kad_post_feature":"","_kad_post_feature_position":"","_kad_post_header":false,"_kad_post_footer":false,"_kad_post_classname":"","footnotes":""},"class_list":["post-9197","page","type-page","status-publish","hentry"],"taxonomy_info":[],"featured_image_src_large":false,"author_info":{"display_name":"John Beckley","author_link":"https:\/\/mes-pochoirs.com\/it\/author\/adminjohn"},"comment_info":0,"_links":{"self":[{"href":"https:\/\/mes-pochoirs.com\/it\/wp-json\/wp\/v2\/pages\/9197","targetHints":{"allow":["GET"]}}],"collection":[{"href":"https:\/\/mes-pochoirs.com\/it\/wp-json\/wp\/v2\/pages"}],"about":[{"href":"https:\/\/mes-pochoirs.com\/it\/wp-json\/wp\/v2\/types\/page"}],"author":[{"embeddable":true,"href":"https:\/\/mes-pochoirs.com\/it\/wp-json\/wp\/v2\/users\/1"}],"replies":[{"embeddable":true,"href":"https:\/\/mes-pochoirs.com\/it\/wp-json\/wp\/v2\/comments?post=9197"}],"version-history":[{"count":0,"href":"https:\/\/mes-pochoirs.com\/it\/wp-json\/wp\/v2\/pages\/9197\/revisions"}],"wp:attachment":[{"href":"https:\/\/mes-pochoirs.com\/it\/wp-json\/wp\/v2\/media?parent=9197"}],"curies":[{"name":"wp","href":"https:\/\/api.w.org\/{rel}","templated":true}]}}