{"id":10214,"date":"2023-09-28T21:56:17","date_gmt":"2023-09-28T19:56:17","guid":{"rendered":"https:\/\/mes-pochoirs.com\/?post_type=product&#038;p=10214"},"modified":"2025-10-31T11:57:45","modified_gmt":"2025-10-31T10:57:45","slug":"colore-della-matrice-di-testo-t0003","status":"publish","type":"product","link":"https:\/\/mes-pochoirs.com\/it\/produit\/pochoir-texte-color-t0003","title":{"rendered":"Stencil per testo \"Color\" - T0003"},"content":{"rendered":"<h2>Pochoir Texte &#8220;Color&#8221;<\/h2>\n<p><strong>Colore del testo dello stencil<\/strong>\u00a0met en sc\u00e8ne un mot simple mais puissant, comme un cri de cr\u00e9ativit\u00e9 jailli du mur. Avec ses lettres rondes et expressives, le mot &#8220;color&#8221; coule litt\u00e9ralement en gouttes, rappelant l&#8217;\u00e9nergie brute de la peinture fra\u00eechement pos\u00e9e. Ce pochoir est une invitation directe \u00e0 s\u2019approprier la couleur, \u00e0 l\u2019oser, \u00e0 la revendiquer comme une mati\u00e8re vivante au c\u0153ur de l\u2019\u0153uvre.<\/p>\n<p>Son impact visuel fort et imm\u00e9diat en fait un choix parfait pour dynamiser un fond neutre, r\u00e9veiller un support ou accentuer une ambiance graphique. Il est id\u00e9al pour les artistes qui souhaitent ajouter une touche urbaine et affirm\u00e9e \u00e0 leur peinture, tableau ou d\u00e9co murale.<\/p>\n<h3>Un style graffiti fluide et contemporain<\/h3>\n<p><strong>Colore del testo dello stencil<\/strong>\u00a0s\u2019inspire clairement de l\u2019univers du graffiti et du street art, avec un lettrage qui semble couler sur le mur comme une bombe fra\u00eechement utilis\u00e9e. Ce style dripping donne un effet brut, spontan\u00e9, et r\u00e9solument moderne. Chaque lettre conserve une structure lisible tout en laissant libre cours \u00e0 l\u2019expression artistique, entre ma\u00eetrise et d\u00e9bordement cr\u00e9atif.<\/p>\n<p>R\u00e9utilisable, r\u00e9versible et disponible en plusieurs tailles, ce pochoir haute qualit\u00e9 permet d\u2019ajouter une dimension urbaine et stylis\u00e9e \u00e0 n\u2019importe quel support. Il s\u2019adapte aussi bien aux projets de peinture contemporaine qu\u2019aux \u0153uvres plus brutes, pour une signature qui ne laisse personne indiff\u00e9rent.<\/p>\n<p>\u00a0<\/p>","protected":false},"excerpt":{"rendered":"<p><strong>Pochoir Texte &#8220;Color&#8221;<\/strong>, effet graphique fort. Pour \u0153uvre ou peinture styl\u00e9e. Haute qualit\u00e9, r\u00e9utilisable et disponible en formats multiples.<\/p>","protected":false},"featured_media":10164,"comment_status":"open","ping_status":"closed","template":"","meta":{"bwfblock_default_font":"","_kad_blocks_custom_css":"","_kad_blocks_head_custom_js":"","_kad_blocks_body_custom_js":"","_kad_blocks_footer_custom_js":"","_kadence_starter_templates_imported_post":false,"_kad_post_transparent":"default","_kad_post_title":"","_kad_post_layout":"default","_kad_post_sidebar_id":"","_kad_post_content_style":"default","_kad_post_vertical_padding":"default","_kad_post_feature":"","_kad_post_feature_position":"","_kad_post_header":false,"_kad_post_footer":false,"_kad_post_classname":""},"product_brand":[1415],"product_cat":[554,538,316],"product_tag":[440,285,275,327,287,295,286],"class_list":{"0":"post-10214","1":"product","2":"type-product","3":"status-publish","4":"has-post-thumbnail","6":"product_brand-mes-pochoirs","7":"product_cat-pochoirs-style-graffiti-dripping","8":"product_cat-pochoirs-mot-color","9":"product_cat-pochoirs-textes-et-messages","10":"product_tag-color","11":"product_tag-graffiti","12":"product_tag-message","13":"product_tag-street-art","14":"product_tag-tag","15":"product_tag-texte","16":"product_tag-urbain","18":"first","19":"instock","20":"taxable","21":"shipping-taxable","22":"purchasable","23":"product-type-variable","24":"has-default-attributes","25":"entry","26":"content-bg","27":"loop-entry"},"taxonomy_info":{"product_brand":[{"value":1415,"label":"Mes Pochoirs"}],"product_cat":[{"value":554,"label":"Graffiti Dripping"},{"value":538,"label":"Color"},{"value":316,"label":"Textes et Messages"}],"product_tag":[{"value":440,"label":"color"},{"value":285,"label":"graffiti"},{"value":275,"label":"message"},{"value":327,"label":"street art"},{"value":287,"label":"tag"},{"value":295,"label":"Texte"},{"value":286,"label":"urbain"}]},"featured_image_src_large":["https:\/\/mes-pochoirs.com\/wp-content\/uploads\/2023\/09\/T0003-FR-pochoir-text-art-copyright-mes-pochoirs-858x1030.jpg",858,1030,true],"author_info":[],"comment_info":0,"_links":{"self":[{"href":"https:\/\/mes-pochoirs.com\/it\/wp-json\/wp\/v2\/product\/10214","targetHints":{"allow":["GET"]}}],"collection":[{"href":"https:\/\/mes-pochoirs.com\/it\/wp-json\/wp\/v2\/product"}],"about":[{"href":"https:\/\/mes-pochoirs.com\/it\/wp-json\/wp\/v2\/types\/product"}],"replies":[{"embeddable":true,"href":"https:\/\/mes-pochoirs.com\/it\/wp-json\/wp\/v2\/comments?post=10214"}],"wp:featuredmedia":[{"embeddable":true,"href":"https:\/\/mes-pochoirs.com\/it\/wp-json\/wp\/v2\/media\/10164"}],"wp:attachment":[{"href":"https:\/\/mes-pochoirs.com\/it\/wp-json\/wp\/v2\/media?parent=10214"}],"wp:term":[{"taxonomy":"product_brand","embeddable":true,"href":"https:\/\/mes-pochoirs.com\/it\/wp-json\/wp\/v2\/product_brand?post=10214"},{"taxonomy":"product_cat","embeddable":true,"href":"https:\/\/mes-pochoirs.com\/it\/wp-json\/wp\/v2\/product_cat?post=10214"},{"taxonomy":"product_tag","embeddable":true,"href":"https:\/\/mes-pochoirs.com\/it\/wp-json\/wp\/v2\/product_tag?post=10214"}],"curies":[{"name":"wp","href":"https:\/\/api.w.org\/{rel}","templated":true}]}}