{"id":10693,"date":"2023-10-13T11:20:25","date_gmt":"2023-10-13T09:20:25","guid":{"rendered":"https:\/\/mes-pochoirs.com\/?post_type=product&#038;p=10693"},"modified":"2025-10-31T11:59:00","modified_gmt":"2025-10-31T10:59:00","slug":"testo-stencil-mona-lisa-t0017","status":"publish","type":"product","link":"https:\/\/mes-pochoirs.com\/it\/produit\/pochoir-texte-mona-lisa-t0017","title":{"rendered":"Stencil per testo \"Monna Lisa\" - T0017"},"content":{"rendered":"<h2>Stencil di testo \"Monna Lisa<\/h2>\n<h3>Una sorprendente doppia identit\u00e0 tra mistero ed espressione<\/h3>\n<p><strong>Stencil di testo \"Monna Lisa<\/strong> - Questo stencil riunisce i nomi di battesimo <em>Mona<\/em> e <em>Lisa<\/em> in un potente duetto grafico carico di simbolismo. Impossibile non pensare alla celebre figura dell'arte classica, ma qui rivisitata con un tono decisamente moderno, quasi provocatorio. Il nome di battesimo diventa una firma, una rivendicazione, un'identit\u00e0 segnata sul supporto scelto. Il risultato \u00e8 una miscela di mistero, femminilit\u00e0 assertiva e libera espressione. Che si tratti di firmare un'opera d'arte, personalizzare un quadro o aggiungere un tocco urbano a una parete, questo stencil ha un impatto visivo immediato.<\/p>\n<h3>Un'estetica dei graffiti di grande impatto, a met\u00e0 strada tra l'arte urbana e una nota pop.<\/h3>\n<p><strong>Stencil di testo \"Monna Lisa<\/strong> - Questo stencil \u00e8 perfettamente in linea con il mondo della street art, con le sue scritte dinamiche e le tipiche colate di vernice spray. La sovrapposizione dei due nomi accentua l'effetto di ritmo e contrasto. Linee affettate, effetto dripping, equilibrio grafico: tutto \u00e8 pensato per un look crudo, espressivo e moderno. Si presta ugualmente bene alla pittura su tela, pareti, mobili o persino tessuti. <strong>Riutilizzabile<\/strong>, <strong>reversibile<\/strong> e disponibile in <strong>diverse dimensioni<\/strong>Questo stencil \u00e8 un originale strumento creativo per artisti, graffitari e appassionati di design contemporaneo.<\/p>\n<p>\u00a0<\/p>","protected":false},"excerpt":{"rendered":"<p><strong>Stencil per testo Monna Lisa<\/strong>\u00a0Stile graffiti per quadri, lavagne o pareti. Di alta qualit\u00e0, riutilizzabili, disponibili in diverse dimensioni.<\/p>","protected":false},"featured_media":10656,"comment_status":"open","ping_status":"closed","template":"","meta":{"bwfblock_default_font":"","_kad_blocks_custom_css":"","_kad_blocks_head_custom_js":"","_kad_blocks_body_custom_js":"","_kad_blocks_footer_custom_js":"","_kadence_starter_templates_imported_post":false,"_kad_post_transparent":"default","_kad_post_title":"","_kad_post_layout":"default","_kad_post_sidebar_id":"","_kad_post_content_style":"default","_kad_post_vertical_padding":"default","_kad_post_feature":"","_kad_post_feature_position":"","_kad_post_header":false,"_kad_post_footer":false,"_kad_post_classname":""},"product_brand":[1415],"product_cat":[556,554,316],"product_tag":[285,473,275,472,465,327,287,295,286],"class_list":{"0":"post-10693","1":"product","2":"type-product","3":"status-publish","4":"has-post-thumbnail","6":"product_brand-mes-pochoirs","7":"product_cat-pochoirs-mot-mona-lisa","8":"product_cat-pochoirs-style-graffiti-dripping","9":"product_cat-pochoirs-textes-et-messages","10":"product_tag-graffiti","11":"product_tag-lisa","12":"product_tag-message","13":"product_tag-mona","14":"product_tag-mona-lisa","15":"product_tag-street-art","16":"product_tag-tag","17":"product_tag-texte","18":"product_tag-urbain","20":"first","21":"instock","22":"taxable","23":"shipping-taxable","24":"purchasable","25":"product-type-variable","26":"entry","27":"content-bg","28":"loop-entry"},"taxonomy_info":{"product_brand":[{"value":1415,"label":"Mes Pochoirs"}],"product_cat":[{"value":556,"label":"Mona Lisa"},{"value":554,"label":"Graffiti Dripping"},{"value":316,"label":"Textes et Messages"}],"product_tag":[{"value":285,"label":"graffiti"},{"value":473,"label":"Lisa"},{"value":275,"label":"message"},{"value":472,"label":"Mona"},{"value":465,"label":"Mona Lisa"},{"value":327,"label":"street art"},{"value":287,"label":"tag"},{"value":295,"label":"Texte"},{"value":286,"label":"urbain"}]},"featured_image_src_large":["https:\/\/mes-pochoirs.com\/wp-content\/uploads\/2023\/10\/T0017-FR-pochoir-texte-Mona-Lisa-copyright-mes-pochoirs-com-858x1030.jpg",858,1030,true],"author_info":[],"comment_info":0,"_links":{"self":[{"href":"https:\/\/mes-pochoirs.com\/it\/wp-json\/wp\/v2\/product\/10693","targetHints":{"allow":["GET"]}}],"collection":[{"href":"https:\/\/mes-pochoirs.com\/it\/wp-json\/wp\/v2\/product"}],"about":[{"href":"https:\/\/mes-pochoirs.com\/it\/wp-json\/wp\/v2\/types\/product"}],"replies":[{"embeddable":true,"href":"https:\/\/mes-pochoirs.com\/it\/wp-json\/wp\/v2\/comments?post=10693"}],"wp:featuredmedia":[{"embeddable":true,"href":"https:\/\/mes-pochoirs.com\/it\/wp-json\/wp\/v2\/media\/10656"}],"wp:attachment":[{"href":"https:\/\/mes-pochoirs.com\/it\/wp-json\/wp\/v2\/media?parent=10693"}],"wp:term":[{"taxonomy":"product_brand","embeddable":true,"href":"https:\/\/mes-pochoirs.com\/it\/wp-json\/wp\/v2\/product_brand?post=10693"},{"taxonomy":"product_cat","embeddable":true,"href":"https:\/\/mes-pochoirs.com\/it\/wp-json\/wp\/v2\/product_cat?post=10693"},{"taxonomy":"product_tag","embeddable":true,"href":"https:\/\/mes-pochoirs.com\/it\/wp-json\/wp\/v2\/product_tag?post=10693"}],"curies":[{"name":"wp","href":"https:\/\/api.w.org\/{rel}","templated":true}]}}