{"id":11309,"date":"2023-12-15T11:04:29","date_gmt":"2023-12-15T10:04:29","guid":{"rendered":"https:\/\/mes-pochoirs.com\/?post_type=product&#038;p=11309"},"modified":"2025-10-31T11:59:55","modified_gmt":"2025-10-31T10:59:55","slug":"stencil-primo-piano-faccia-a-basso-profilo-cu0007","status":"publish","type":"product","link":"https:\/\/mes-pochoirs.com\/it\/produit\/pochoir-close-up-profil-bas-visage-cu0007","title":{"rendered":"Stencil per visi ravvicinati a basso profilo - CU0007"},"content":{"rendered":"<h2>Stencil per visi ravvicinati a basso profilo<\/h2>\n<h3>Immergetevi nel mondo degli stencil Close-Up\u00a0<\/h3>\n<p>Immergetevi nel mondo artistico dei Close Up con il nostro stencil \"Close Up Profil Bas Visage\", un pezzo esclusivo della nostra collezione \"Expressions en Close-Up\", introvabile altrove. Progettato e creato da noi stessi, questo <strong>serie esclusiva<\/strong> se concentre sur des plans rapproch\u00e9s de visages f\u00e9minins, inspir\u00e9e du style Pop Art. Elle se caract\u00e9rise par son audace et sa modernit\u00e9, capturant avec intensit\u00e9 l&#8217;\u00e2me et les \u00e9motions de ses mod\u00e8les. Le pochoir Close-Up &#8220;Profil Bas Visage&#8221; est un hommage \u00e0 la splendeur des portraits zoom\u00e9s. Il d\u00e9peint un fragment de visage f\u00e9minin, incarnant un <strong>stile Pop Art unico e vivace<\/strong>Stimola la creazione e l'interpretazione personale dei sentimenti e delle storie che si celano dietro ogni espressione. \u00c8 perfetto per dare un tocco di innovazione ai vostri progetti artistici.<\/p>\n<h3>Flessibilit\u00e0 e qualit\u00e0 dello stencil<\/h3>\n<p>Nos pochoirs \u00ab Expressions en Close-Up \u00bb sont disponibles en plusieurs tailles pour r\u00e9pondre \u00e0 tous vos besoins cr\u00e9atifs, petits ou grands. Fabriqu\u00e9s en plastique durable de haute qualit\u00e9, nos pochoirs sont faciles \u00e0 nettoyer, r\u00e9utilisables et r\u00e9versibles, parfaits pour une vari\u00e9t\u00e9 de surfaces comme les toiles, les murs, le papier ou le bois. Ils offrent une libert\u00e9 totale dans le choix de la peinture (acrylique, aquarelle&#8230;) et de la technique d&#8217;application, que ce soit au couteau, au pinceau, a\u00e9rosols ou toute autre m\u00e9thode. Produits dans notre atelier avec un savoir-faire artisanal, nos pochoirs sont le fruit d&#8217;une attention minutieuse port\u00e9e aux d\u00e9tails. Ils ne sont pas de simples outils, mais de v\u00e9ritables partenaires de votre voyage cr\u00e9atif, vous permettant d&#8217;explorer de nouvelles techniques et de manifester votre vision artistique. Que vous soyez un artiste exp\u00e9riment\u00e9 ou un d\u00e9butant, nos pochoirs sont con\u00e7us pour vous aider \u00e0 cr\u00e9er des <strong>opere d'arte di grande effetto<\/strong> e creare arte visiva spettacolare con facilit\u00e0.<\/p>\n<h3>Maggiori dettagli:<\/h3>\n<ul>\n<li>Dimensions: De\u00a040x50cm \u00e0 100 x 125 cm (s\u00e9lectionnez la taille qui convient \u00e0 votre projet parmi les options propos\u00e9es)<\/li>\n<li>Materiale: plastica di alta qualit\u00e0, flessibile e ultraresistente, riutilizzabile a vita se curata.<\/li>\n<li>Formato dello stencil: Ritratto (4:5)<\/li>\n<li>R\u00e9f\u00e9rence: CU0007<\/li>\n<\/ul>","protected":false},"excerpt":{"rendered":"<p><strong>Stencil per visi ravvicinati a basso profilo<\/strong> pour r\u00e9alisation artistique brute. Pochoir r\u00e9utilisable, disponible en tailles vari\u00e9es, qualit\u00e9 premium.<\/p>","protected":false},"featured_media":11117,"comment_status":"open","ping_status":"closed","template":"","meta":{"bwfblock_default_font":"","_kad_blocks_custom_css":"","_kad_blocks_head_custom_js":"","_kad_blocks_body_custom_js":"","_kad_blocks_footer_custom_js":"","_kadence_starter_templates_imported_post":false,"_kad_post_transparent":"default","_kad_post_title":"","_kad_post_layout":"default","_kad_post_sidebar_id":"","_kad_post_content_style":"default","_kad_post_vertical_padding":"default","_kad_post_feature":"","_kad_post_feature_position":"","_kad_post_header":false,"_kad_post_footer":false,"_kad_post_classname":""},"product_brand":[1415],"product_cat":[486,485,481,332,36],"product_tag":[494,489,492,491,359,490,487,476,333,411,488,338],"class_list":{"0":"post-11309","1":"product","2":"type-product","3":"status-publish","4":"has-post-thumbnail","6":"product_brand-mes-pochoirs","7":"product_cat-expressions-en-close-up","8":"product_cat-close-up","9":"product_cat-collections","10":"product_cat-pochoirs-pop-art","11":"product_cat-pochoirs-portraits-visages","12":"product_tag-bouche","13":"product_tag-close-up","14":"product_tag-collection","15":"product_tag-expression","16":"product_tag-femme","17":"product_tag-gros-plan","18":"product_tag-oeil","19":"product_tag-pochoir","20":"product_tag-pop-art","21":"product_tag-profil","22":"product_tag-regard","23":"product_tag-visage","25":"first","26":"instock","27":"taxable","28":"shipping-taxable","29":"purchasable","30":"product-type-variable","31":"entry","32":"content-bg","33":"loop-entry"},"taxonomy_info":{"product_brand":[{"value":1415,"label":"Mes Pochoirs"}],"product_cat":[{"value":486,"label":"Expressions en Close-Up"},{"value":485,"label":"Close-Up"},{"value":481,"label":"Collections"},{"value":332,"label":"Pop Art"},{"value":36,"label":"Portraits &amp; Visages"}],"product_tag":[{"value":494,"label":"bouche"},{"value":489,"label":"Close-Up"},{"value":492,"label":"collection"},{"value":491,"label":"expression"},{"value":359,"label":"femme"},{"value":490,"label":"Gros plan"},{"value":487,"label":"oeil"},{"value":476,"label":"pochoir"},{"value":333,"label":"pop art"},{"value":411,"label":"profil"},{"value":488,"label":"regard"},{"value":338,"label":"visage"}]},"featured_image_src_large":["https:\/\/mes-pochoirs.com\/wp-content\/uploads\/2023\/12\/CU0007-FR-pochoir-Close-Up-Profil-Bas-Visage-4-5-copyright-mes-pochoirs-com-858x1030.jpg",858,1030,true],"author_info":[],"comment_info":0,"_links":{"self":[{"href":"https:\/\/mes-pochoirs.com\/it\/wp-json\/wp\/v2\/product\/11309","targetHints":{"allow":["GET"]}}],"collection":[{"href":"https:\/\/mes-pochoirs.com\/it\/wp-json\/wp\/v2\/product"}],"about":[{"href":"https:\/\/mes-pochoirs.com\/it\/wp-json\/wp\/v2\/types\/product"}],"replies":[{"embeddable":true,"href":"https:\/\/mes-pochoirs.com\/it\/wp-json\/wp\/v2\/comments?post=11309"}],"wp:featuredmedia":[{"embeddable":true,"href":"https:\/\/mes-pochoirs.com\/it\/wp-json\/wp\/v2\/media\/11117"}],"wp:attachment":[{"href":"https:\/\/mes-pochoirs.com\/it\/wp-json\/wp\/v2\/media?parent=11309"}],"wp:term":[{"taxonomy":"product_brand","embeddable":true,"href":"https:\/\/mes-pochoirs.com\/it\/wp-json\/wp\/v2\/product_brand?post=11309"},{"taxonomy":"product_cat","embeddable":true,"href":"https:\/\/mes-pochoirs.com\/it\/wp-json\/wp\/v2\/product_cat?post=11309"},{"taxonomy":"product_tag","embeddable":true,"href":"https:\/\/mes-pochoirs.com\/it\/wp-json\/wp\/v2\/product_tag?post=11309"}],"curies":[{"name":"wp","href":"https:\/\/api.w.org\/{rel}","templated":true}]}}