{"id":11322,"date":"2023-12-15T11:15:38","date_gmt":"2023-12-15T10:15:38","guid":{"rendered":"https:\/\/mes-pochoirs.com\/?post_type=product&#038;p=11322"},"modified":"2025-10-31T11:59:57","modified_gmt":"2025-10-31T10:59:57","slug":"stencil-mezza-faccia-ravvicinata-cu0008","status":"publish","type":"product","link":"https:\/\/mes-pochoirs.com\/it\/produit\/pochoir-close-up-demi-visage-cu0008","title":{"rendered":"Stencil per primi piani \"Demi Visage\" - CU0008"},"content":{"rendered":"<h2>Stencil \"Demi Visage\" per primi piani<\/h2>\n<h3>Scoprite l'affascinante mondo degli stencil da vicino<\/h3>\n<p>Plongez dans l&#8217;univers de notre pochoir Close-Up \u00ab Demi Visage \u00bb, une pi\u00e8ce phare de notre collection unique \u00ab Expressions en Close-Up \u00bb, exclusivement disponible chez nous. Cette s\u00e9rie, con\u00e7ue par nos designers, met en avant des visages f\u00e9minins en gros plan. Inspir\u00e9e par l&#8217;art embl\u00e9matique du <strong>Ritratto Pop Art<\/strong>, elle propose une approche fra\u00eeche et audacieuse, capturant intens\u00e9ment l&#8217;\u00e2me et les \u00e9motions de chaque sujet. Notre pochoir Close-Up \u00ab Demi Visage \u00bb au format portrait 7:10 met en lumi\u00e8re la splendeur et la complexit\u00e9 des portraits rapproch\u00e9s. Il repr\u00e9sente un fragment d&#8217;un visage f\u00e9minin en gros plan, incarnant l&#8217;essence m\u00eame de la f\u00e9minit\u00e9 avec un style Pop Art vibrant et unique. Ce pochoir ne sert pas uniquement de moyen cr\u00e9atif, mais aussi d&#8217;invitation \u00e0 une interpr\u00e9tation personnelle, d\u00e9voilant \u00e9motions et histoires cach\u00e9es derri\u00e8re chaque ligne. Laissez-vous emporter par son originalit\u00e9 et enrichissez vos projets artistiques de sa cr\u00e9ativit\u00e9.<\/p>\n<h3>Versatilit\u00e0 e qualit\u00e0 dello stencil<\/h3>\n<p>Nos pochoirs \u00ab Expressions en Close-Up \u00bb sont disponibles en plusieurs tailles pour r\u00e9pondre \u00e0 tous vos besoins cr\u00e9atifs, petits ou grands. Fabriqu\u00e9s en plastique durable de haute qualit\u00e9, nos pochoirs sont faciles \u00e0 nettoyer, r\u00e9utilisables et r\u00e9versibles, parfaits pour une vari\u00e9t\u00e9 de surfaces comme les toiles, les murs, le papier ou le bois. Ils offrent une libert\u00e9 totale dans le choix de la peinture (acrylique, aquarelle&#8230;) et de la technique d&#8217;application, que ce soit au couteau, au pinceau, a\u00e9rosols ou toute autre m\u00e9thode. Produits dans notre atelier avec un savoir-faire artisanal, nos pochoirs sont le fruit d&#8217;une attention minutieuse port\u00e9e aux d\u00e9tails. Ils ne sont pas de simples outils, mais de v\u00e9ritables partenaires de votre voyage cr\u00e9atif, vous permettant d&#8217;explorer de nouvelles techniques et de manifester votre vision artistique. Que vous soyez un artiste exp\u00e9riment\u00e9 ou un d\u00e9butant, nos pochoirs sont con\u00e7us pour vous aider \u00e0 cr\u00e9er des <strong>opere d'arte di grande effetto<\/strong> e creare arte visiva spettacolare con facilit\u00e0.<\/p>\n<h3>Maggiori dettagli:<\/h3>\n<ul>\n<li>Dimensions: De 35x50cm \u00e0 80x114cm (s\u00e9lectionnez la taille qui convient \u00e0 votre projet parmi les options propos\u00e9es)<\/li>\n<li>Materiale: plastica di alta qualit\u00e0, flessibile e ultraresistente, riutilizzabile a vita se curata.<\/li>\n<li>Formato dello stencil: Ritratto (7:10)<\/li>\n<li>R\u00e9f\u00e9rence: CU0008<\/li>\n<\/ul>","protected":false},"excerpt":{"rendered":"<p><strong>Stencil per mezzo viso ravvicinato<\/strong> per murales o tele. Stencil riutilizzabile, reversibile, di alta qualit\u00e0, di diverse dimensioni.<\/p>","protected":false},"featured_media":11116,"comment_status":"open","ping_status":"closed","template":"","meta":{"bwfblock_default_font":"","_kad_blocks_custom_css":"","_kad_blocks_head_custom_js":"","_kad_blocks_body_custom_js":"","_kad_blocks_footer_custom_js":"","_kadence_starter_templates_imported_post":false,"_kad_post_transparent":"default","_kad_post_title":"","_kad_post_layout":"default","_kad_post_sidebar_id":"","_kad_post_content_style":"default","_kad_post_vertical_padding":"default","_kad_post_feature":"","_kad_post_feature_position":"","_kad_post_header":false,"_kad_post_footer":false,"_kad_post_classname":""},"product_brand":[1415],"product_cat":[486,485,481,332,36],"product_tag":[489,492,491,359,490,476,333,338],"class_list":{"0":"post-11322","1":"product","2":"type-product","3":"status-publish","4":"has-post-thumbnail","6":"product_brand-mes-pochoirs","7":"product_cat-expressions-en-close-up","8":"product_cat-close-up","9":"product_cat-collections","10":"product_cat-pochoirs-pop-art","11":"product_cat-pochoirs-portraits-visages","12":"product_tag-close-up","13":"product_tag-collection","14":"product_tag-expression","15":"product_tag-femme","16":"product_tag-gros-plan","17":"product_tag-pochoir","18":"product_tag-pop-art","19":"product_tag-visage","21":"first","22":"instock","23":"taxable","24":"shipping-taxable","25":"purchasable","26":"product-type-variable","27":"entry","28":"content-bg","29":"loop-entry"},"taxonomy_info":{"product_brand":[{"value":1415,"label":"Mes Pochoirs"}],"product_cat":[{"value":486,"label":"Expressions en Close-Up"},{"value":485,"label":"Close-Up"},{"value":481,"label":"Collections"},{"value":332,"label":"Pop Art"},{"value":36,"label":"Portraits &amp; Visages"}],"product_tag":[{"value":489,"label":"Close-Up"},{"value":492,"label":"collection"},{"value":491,"label":"expression"},{"value":359,"label":"femme"},{"value":490,"label":"Gros plan"},{"value":476,"label":"pochoir"},{"value":333,"label":"pop art"},{"value":338,"label":"visage"}]},"featured_image_src_large":["https:\/\/mes-pochoirs.com\/wp-content\/uploads\/2023\/12\/CU0008-FR-pochoir-Close-Up-Demi-Visage-7-10-copyright-mes-pochoirs-com-858x1030.jpg",858,1030,true],"author_info":[],"comment_info":4,"_links":{"self":[{"href":"https:\/\/mes-pochoirs.com\/it\/wp-json\/wp\/v2\/product\/11322","targetHints":{"allow":["GET"]}}],"collection":[{"href":"https:\/\/mes-pochoirs.com\/it\/wp-json\/wp\/v2\/product"}],"about":[{"href":"https:\/\/mes-pochoirs.com\/it\/wp-json\/wp\/v2\/types\/product"}],"replies":[{"embeddable":true,"href":"https:\/\/mes-pochoirs.com\/it\/wp-json\/wp\/v2\/comments?post=11322"}],"wp:featuredmedia":[{"embeddable":true,"href":"https:\/\/mes-pochoirs.com\/it\/wp-json\/wp\/v2\/media\/11116"}],"wp:attachment":[{"href":"https:\/\/mes-pochoirs.com\/it\/wp-json\/wp\/v2\/media?parent=11322"}],"wp:term":[{"taxonomy":"product_brand","embeddable":true,"href":"https:\/\/mes-pochoirs.com\/it\/wp-json\/wp\/v2\/product_brand?post=11322"},{"taxonomy":"product_cat","embeddable":true,"href":"https:\/\/mes-pochoirs.com\/it\/wp-json\/wp\/v2\/product_cat?post=11322"},{"taxonomy":"product_tag","embeddable":true,"href":"https:\/\/mes-pochoirs.com\/it\/wp-json\/wp\/v2\/product_tag?post=11322"}],"curies":[{"name":"wp","href":"https:\/\/api.w.org\/{rel}","templated":true}]}}