{"id":11366,"date":"2023-12-15T15:53:47","date_gmt":"2023-12-15T14:53:47","guid":{"rendered":"https:\/\/mes-pochoirs.com\/?post_type=product&#038;p=11366"},"modified":"2025-10-31T11:59:59","modified_gmt":"2025-10-31T10:59:59","slug":"stencil-primo-piano-viso-donna-cu0009","status":"publish","type":"product","link":"https:\/\/mes-pochoirs.com\/it\/produit\/pochoir-close-up-visage-femme-cu0009","title":{"rendered":"Stencil per visi ravvicinati da donna - CU0009"},"content":{"rendered":"<h2>Stencil per viso femminile ravvicinato<\/h2>\n<h3>L'affascinante mondo degli stencil da vicino<\/h3>\n<p>Scoprite un'affascinante interpretazione visiva della nostra collezione \"Expressions en Close-Up\" con lo stencil \"Close Up low profile face\". Questo <strong>creazione esclusiva<\/strong>Questo stencil unico, ispirato allo stile Pop Art, presenta un primo piano del volto di una donna, catturando con intensit\u00e0 l'anima e le emozioni della modella. Questo stencil unico, creato dal nostro team, illustra un frammento di viso femminile con una <strong>vibrante e distinto stile Pop Art<\/strong>, \u00e9voquant une multitude de sentiments et d&#8217;histoires. Ce pochoir au format portrait 7:10 ne sert pas uniquement de moyen cr\u00e9atif. C&#8217;est aussi une invitation \u00e0 une interpr\u00e9tation personnelle, d\u00e9voilant \u00e9motions et histoires cach\u00e9es derri\u00e8re chaque ligne. Laissez-vous emporter par son originalit\u00e9 et enrichissez vos projets artistiques de sa cr\u00e9ativit\u00e9.<\/p>\n<h3>Versatilit\u00e0 e qualit\u00e0 dello stencil<\/h3>\n<p>Fabriqu\u00e9 dans notre atelier avec un souci du d\u00e9tail artisanal, le pochoir est con\u00e7u en plastique durable de haute qualit\u00e9. Il est facile \u00e0 nettoyer, r\u00e9utilisable, et r\u00e9versible, s&#8217;adaptant \u00e0 diverses surfaces telles que les toiles, les murs, le papier ou le bois. Sa polyvalence permet une grande libert\u00e9 dans le choix des peintures et des techniques d&#8217;application, que ce soit avec des pinceaux, des couteaux, des a\u00e9rosols ou d&#8217;autres m\u00e9thodes. Ce pochoir n&#8217;est pas seulement un outil, mais un <strong>un partner essenziale nel vostro viaggio creativo<\/strong>Vi invitiamo a esplorare nuove tecniche e a esprimere la vostra visione artistica. Qualunque sia il vostro livello, principiante o esperto, sta a voi decidere! <strong>perfetto per creare opere d'arte di grande effetto<\/strong> e creare arte visiva spettacolare. Disponibile in un'ampia gamma di formati per soddisfare tutte le vostre esigenze creative.<\/p>\n<h3>Maggiori dettagli:<\/h3>\n<ul>\n<li>Dimensions: De 35x50cm \u00e0 80x114cm (s\u00e9lectionnez la taille qui convient \u00e0 votre projet parmi les options propos\u00e9es)<\/li>\n<li>Materiale: plastica di alta qualit\u00e0, flessibile e ultraresistente, riutilizzabile a vita se curata.<\/li>\n<li>Formato dello stencil: Ritratto (7:10)<\/li>\n<li>R\u00e9f\u00e9rence: CU0009<\/li>\n<\/ul>","protected":false},"excerpt":{"rendered":"<p><strong>Stencil per viso femminile ravvicinato<\/strong> perfetto per l'arte urbana. Alta qualit\u00e0, forte effetto grafico, reversibile, disponibile in diverse misure.<\/p>","protected":false},"featured_media":11115,"comment_status":"open","ping_status":"closed","template":"","meta":{"bwfblock_default_font":"","_kad_blocks_custom_css":"","_kad_blocks_head_custom_js":"","_kad_blocks_body_custom_js":"","_kad_blocks_footer_custom_js":"","_kadence_starter_templates_imported_post":false,"_kad_post_transparent":"default","_kad_post_title":"","_kad_post_layout":"default","_kad_post_sidebar_id":"","_kad_post_content_style":"default","_kad_post_vertical_padding":"default","_kad_post_feature":"","_kad_post_feature_position":"","_kad_post_header":false,"_kad_post_footer":false,"_kad_post_classname":""},"product_brand":[1415],"product_cat":[486,485,481,332,36],"product_tag":[489,492,491,359,490,476,333,338],"class_list":{"0":"post-11366","1":"product","2":"type-product","3":"status-publish","4":"has-post-thumbnail","6":"product_brand-mes-pochoirs","7":"product_cat-expressions-en-close-up","8":"product_cat-close-up","9":"product_cat-collections","10":"product_cat-pochoirs-pop-art","11":"product_cat-pochoirs-portraits-visages","12":"product_tag-close-up","13":"product_tag-collection","14":"product_tag-expression","15":"product_tag-femme","16":"product_tag-gros-plan","17":"product_tag-pochoir","18":"product_tag-pop-art","19":"product_tag-visage","21":"first","22":"instock","23":"taxable","24":"shipping-taxable","25":"purchasable","26":"product-type-variable","27":"entry","28":"content-bg","29":"loop-entry"},"taxonomy_info":{"product_brand":[{"value":1415,"label":"Mes Pochoirs"}],"product_cat":[{"value":486,"label":"Expressions en Close-Up"},{"value":485,"label":"Close-Up"},{"value":481,"label":"Collections"},{"value":332,"label":"Pop Art"},{"value":36,"label":"Portraits &amp; Visages"}],"product_tag":[{"value":489,"label":"Close-Up"},{"value":492,"label":"collection"},{"value":491,"label":"expression"},{"value":359,"label":"femme"},{"value":490,"label":"Gros plan"},{"value":476,"label":"pochoir"},{"value":333,"label":"pop art"},{"value":338,"label":"visage"}]},"featured_image_src_large":["https:\/\/mes-pochoirs.com\/wp-content\/uploads\/2023\/12\/CU0009-FR-pochoir-Close-Up-Visage-7-10-copyright-mes-pochoirs-com-858x1030.jpg",858,1030,true],"author_info":[],"comment_info":0,"_links":{"self":[{"href":"https:\/\/mes-pochoirs.com\/it\/wp-json\/wp\/v2\/product\/11366","targetHints":{"allow":["GET"]}}],"collection":[{"href":"https:\/\/mes-pochoirs.com\/it\/wp-json\/wp\/v2\/product"}],"about":[{"href":"https:\/\/mes-pochoirs.com\/it\/wp-json\/wp\/v2\/types\/product"}],"replies":[{"embeddable":true,"href":"https:\/\/mes-pochoirs.com\/it\/wp-json\/wp\/v2\/comments?post=11366"}],"wp:featuredmedia":[{"embeddable":true,"href":"https:\/\/mes-pochoirs.com\/it\/wp-json\/wp\/v2\/media\/11115"}],"wp:attachment":[{"href":"https:\/\/mes-pochoirs.com\/it\/wp-json\/wp\/v2\/media?parent=11366"}],"wp:term":[{"taxonomy":"product_brand","embeddable":true,"href":"https:\/\/mes-pochoirs.com\/it\/wp-json\/wp\/v2\/product_brand?post=11366"},{"taxonomy":"product_cat","embeddable":true,"href":"https:\/\/mes-pochoirs.com\/it\/wp-json\/wp\/v2\/product_cat?post=11366"},{"taxonomy":"product_tag","embeddable":true,"href":"https:\/\/mes-pochoirs.com\/it\/wp-json\/wp\/v2\/product_tag?post=11366"}],"curies":[{"name":"wp","href":"https:\/\/api.w.org\/{rel}","templated":true}]}}