{"id":11404,"date":"2024-01-05T15:15:40","date_gmt":"2024-01-05T14:15:40","guid":{"rendered":"https:\/\/mes-pochoirs.com\/?post_type=product&#038;p=11404"},"modified":"2025-10-31T12:00:08","modified_gmt":"2025-10-31T11:00:08","slug":"stencil-ritratto-donna-pa0011","status":"publish","type":"product","link":"https:\/\/mes-pochoirs.com\/it\/produit\/pochoir-portrait-visage-femme-pa0011","title":{"rendered":"Stencil per ritratto Volto di donna - PA0011"},"content":{"rendered":"<h2>Ritratto Stencil Viso Donna<\/h2>\n<h3>Eleganza urbana: ritrattistica pop art<\/h3>\n<p>Immergetevi nell'atmosfera incantata dell'arte contemporanea con il nostro stencil \"Ritratto di un volto di donna\", un vero gioiello della Pop Art e della Street Art. Questo stencil cattura l'intimit\u00e0 di un ritratto di donna, il suo sguardo intenso mascherato da occhiali da sole, evocando l'aura di icone di modernit\u00e0 ed eleganza. \u00c8 un invito a portare un <strong>una firma di stile unica e inconfondibile<\/strong> \u00e0 toutes vos \u0153uvres cr\u00e9atives. Notre pochoir &#8220;Portrait Visage Femme&#8221; est une ode \u00e0 la splendeur et \u00e0 la finesse de l&#8217;art visuel moderne. Par\u00e9 d&#8217;un visage f\u00e9minin aux contours d\u00e9licats et au regard charg\u00e9 de secrets, il est con\u00e7u pour \u00eatre l&#8217;outil parfait qui r\u00e9veillera l&#8217;artiste en vous. L&#8217;\u00e9clat r\u00e9fl\u00e9chissant des lunettes de soleil introduit une dimension de myst\u00e8re, refl\u00e9tant la pulsation et l&#8217;\u00e9nergie de la vie urbaine. Ce pochoir est l\u00e0 pour vous guider dans la r\u00e9alisation de vos visions artistiques, facilitant la cr\u00e9ation sans limite. Laissez-vous tenter par l&#8217;audace de ce pochoir et \u00e9lancez-vous vers de <strong>nuovi orizzonti artistici<\/strong> dove la vostra creativit\u00e0 pu\u00f2 fiorire.<\/p>\n<h3>Versatilit\u00e0 e qualit\u00e0: scegliete la vostra taglia<\/h3>\n<p>Il nostro stencil per ritratti di donna \u00e8 disponibile in una gamma di formati quadrati per soddisfare tutti i vostri progetti creativi. Questo stencil \u00e8 ideale per <strong>creare opere d'arte spettacolari con estrema facilit\u00e0<\/strong>. Realizzato in plastica resistente e di alta qualit\u00e0, \u00e8 di facile manutenzione, riutilizzabile e reversibile, il che lo rende molto facile e divertente da applicare.<\/p>\n<h3>Maggiori dettagli:<\/h3>\n<ul>\n<li>Dimensions: De 40x40cm \u00e0 80x80cm (s\u00e9lectionnez la taille qui convient \u00e0 votre projet parmi les options propos\u00e9es)<\/li>\n<li>Materiale: plastica di alta qualit\u00e0, flessibile e ultraresistente, riutilizzabile a vita se curata.<\/li>\n<li>Formato dello stencil: Quadrato (1:1)<\/li>\n<li>R\u00e9f\u00e9rence: PA0011<\/li>\n<\/ul>","protected":false},"excerpt":{"rendered":"<p><strong>Ritratto Stencil Viso Donna<\/strong> per il lavoro artistico. Reversibilit\u00e0, formati multipli, qualit\u00e0 ad alta definizione per i pittori moderni.<\/p>","protected":false},"featured_media":11403,"comment_status":"open","ping_status":"closed","template":"","meta":{"bwfblock_default_font":"","_kad_blocks_custom_css":"","_kad_blocks_head_custom_js":"","_kad_blocks_body_custom_js":"","_kad_blocks_footer_custom_js":"","_kadence_starter_templates_imported_post":false,"_kad_post_transparent":"default","_kad_post_title":"","_kad_post_layout":"default","_kad_post_sidebar_id":"","_kad_post_content_style":"default","_kad_post_vertical_padding":"default","_kad_post_feature":"","_kad_post_feature_position":"","_kad_post_header":false,"_kad_post_footer":false,"_kad_post_classname":""},"product_brand":[1415],"product_cat":[36,332,328],"product_tag":[497,359,490,476,333,390,496,327,338],"class_list":{"0":"post-11404","1":"product","2":"type-product","3":"status-publish","4":"has-post-thumbnail","6":"product_brand-mes-pochoirs","7":"product_cat-pochoirs-portraits-visages","8":"product_cat-pochoirs-pop-art","9":"product_cat-pochoirs-street-art","10":"product_tag-art-urbain","11":"product_tag-femme","12":"product_tag-gros-plan","13":"product_tag-pochoir","14":"product_tag-pop-art","15":"product_tag-portrait","16":"product_tag-portrait-rapproche","17":"product_tag-street-art","18":"product_tag-visage","20":"first","21":"instock","22":"taxable","23":"shipping-taxable","24":"purchasable","25":"product-type-variable","26":"entry","27":"content-bg","28":"loop-entry"},"taxonomy_info":{"product_brand":[{"value":1415,"label":"Mes Pochoirs"}],"product_cat":[{"value":36,"label":"Portraits &amp; Visages"},{"value":332,"label":"Pop Art"},{"value":328,"label":"Street Art"}],"product_tag":[{"value":497,"label":"Art urbain"},{"value":359,"label":"femme"},{"value":490,"label":"Gros plan"},{"value":476,"label":"pochoir"},{"value":333,"label":"pop art"},{"value":390,"label":"portrait"},{"value":496,"label":"Portrait rapproch\u00e9"},{"value":327,"label":"street art"},{"value":338,"label":"visage"}]},"featured_image_src_large":["https:\/\/mes-pochoirs.com\/wp-content\/uploads\/2023\/12\/PA0011-FR-pochoir-portrait-femme-copyright-mes-pochoirs-com-858x1030.jpg",858,1030,true],"author_info":[],"comment_info":11,"_links":{"self":[{"href":"https:\/\/mes-pochoirs.com\/it\/wp-json\/wp\/v2\/product\/11404","targetHints":{"allow":["GET"]}}],"collection":[{"href":"https:\/\/mes-pochoirs.com\/it\/wp-json\/wp\/v2\/product"}],"about":[{"href":"https:\/\/mes-pochoirs.com\/it\/wp-json\/wp\/v2\/types\/product"}],"replies":[{"embeddable":true,"href":"https:\/\/mes-pochoirs.com\/it\/wp-json\/wp\/v2\/comments?post=11404"}],"wp:featuredmedia":[{"embeddable":true,"href":"https:\/\/mes-pochoirs.com\/it\/wp-json\/wp\/v2\/media\/11403"}],"wp:attachment":[{"href":"https:\/\/mes-pochoirs.com\/it\/wp-json\/wp\/v2\/media?parent=11404"}],"wp:term":[{"taxonomy":"product_brand","embeddable":true,"href":"https:\/\/mes-pochoirs.com\/it\/wp-json\/wp\/v2\/product_brand?post=11404"},{"taxonomy":"product_cat","embeddable":true,"href":"https:\/\/mes-pochoirs.com\/it\/wp-json\/wp\/v2\/product_cat?post=11404"},{"taxonomy":"product_tag","embeddable":true,"href":"https:\/\/mes-pochoirs.com\/it\/wp-json\/wp\/v2\/product_tag?post=11404"}],"curies":[{"name":"wp","href":"https:\/\/api.w.org\/{rel}","templated":true}]}}