{"id":11942,"date":"2024-01-18T15:55:15","date_gmt":"2024-01-18T14:55:15","guid":{"rendered":"https:\/\/mes-pochoirs.com\/?post_type=product&#038;p=11942"},"modified":"2025-10-31T12:01:10","modified_gmt":"2025-10-31T11:01:10","slug":"stencil-mezzitoni-mezzitoni-g0049","status":"publish","type":"product","link":"https:\/\/mes-pochoirs.com\/it\/produit\/pochoir-halftone-demi-teinte-g0049","title":{"rendered":"Stencil mezzotono - G0049"},"content":{"rendered":"<h2>Stencil mezzotono Mezzotono<\/h2>\n<h3>Grafica moderna ed effetto pixelato<\/h3>\n<p>Scoprite il fascino unico del nostro stencil geometrico Halftone, un capolavoro di precisione e creativit\u00e0. Ispirato all'arte della mezzatinta, questo stencil rappresenta un accattivante mosaico di piccoli cerchi disposti con ingegno matematico. Ogni cerchio varia di dimensione, creando un ipnotico effetto pixelato che ravviva lo spazio con un tocco di modernit\u00e0 grafica. La tecnica dei mezzitoni, un metodo di stampa sottile e complesso, \u00e8 magistralmente incarnata in questo stencil, che offre una notevole definizione e chiarezza alle vostre creazioni.<\/p>\n<h3>Un omaggio alla Pop Art<\/h3>\n<p>Immergetevi nel mondo vibrante della pop art con il nostro stencil Halftone. Gli artisti della pop art sfruttano gli effetti mezzitoni per dare vita alle loro opere, giocando con motivi, punti ed effetti d'ombra per creare sfondi dinamici che catturano l'essenza del movimento. Questo stencil, che combina le sfumature dei mezzitoni e lo stile dei cartoni animati, \u00e8 un tributo a quest'epoca iconica. Permette di esplorare la propria creativit\u00e0 e di aggiungere una dimensione artistica unica ai propri progetti, riflettendo la magia e l'energia dello stile pop art.<\/p>\n<h3>Qualit\u00e0 e adattabilit\u00e0 superiori<\/h3>\n<p>Il nostro stencil Halftone \u00e8 un simbolo di qualit\u00e0 e versatilit\u00e0. Disponibile in diverse dimensioni, \u00e8 perfetto per qualsiasi progetto, grande o piccolo che sia. La sua applicazione \u00e8 facile e divertente e apre un mondo di possibilit\u00e0 su una variet\u00e0 di superfici. Realizzato in plastica resistente e di alta qualit\u00e0, questo stencil \u00e8 costruito per durare. Di facile manutenzione, riutilizzabile e reversibile, \u00e8 lo strumento ideale per artisti, decoratori e amanti del fai da te alla ricerca di un tocco di originalit\u00e0.<\/p>","protected":false},"excerpt":{"rendered":"<p><strong>Stencil mezzotono Mezzotono<\/strong> parfait pour oeuvre d\u2019art et d\u00e9co. R\u00e9utilisable, haute qualit\u00e9, r\u00e9versible, tailles vari\u00e9es disponibles.<\/p>","protected":false},"featured_media":11850,"comment_status":"open","ping_status":"closed","template":"","meta":{"bwfblock_default_font":"","_kad_blocks_custom_css":"","_kad_blocks_head_custom_js":"","_kad_blocks_body_custom_js":"","_kad_blocks_footer_custom_js":"","_kadence_starter_templates_imported_post":false,"_kad_post_transparent":"default","_kad_post_title":"","_kad_post_layout":"default","_kad_post_sidebar_id":"","_kad_post_content_style":"default","_kad_post_vertical_padding":"default","_kad_post_feature":"","_kad_post_feature_position":"","_kad_post_header":false,"_kad_post_footer":false,"_kad_post_classname":""},"product_brand":[1415],"product_cat":[498,241],"product_tag":[523,335,519,232,234,336,362,524,476,361,522,333,520],"class_list":{"0":"post-11942","1":"product","2":"type-product","3":"status-publish","4":"has-post-thumbnail","6":"product_brand-mes-pochoirs","7":"product_cat-pochoirs-halftone","8":"product_cat-pochoirs-geometriques","9":"product_tag-bd","10":"product_tag-demi-teinte","11":"product_tag-effet","12":"product_tag-geometrique","13":"product_tag-grille","14":"product_tag-halftone","15":"product_tag-motifs","16":"product_tag-pixel","17":"product_tag-pochoir","18":"product_tag-pointilles","19":"product_tag-points","20":"product_tag-pop-art","21":"product_tag-technique","23":"first","24":"instock","25":"taxable","26":"shipping-taxable","27":"purchasable","28":"product-type-variable","29":"has-default-attributes","30":"entry","31":"content-bg","32":"loop-entry"},"taxonomy_info":{"product_brand":[{"value":1415,"label":"Mes Pochoirs"}],"product_cat":[{"value":498,"label":"Halftone &amp; Benday"},{"value":241,"label":"G\u00e9om\u00e9triques"}],"product_tag":[{"value":523,"label":"BD"},{"value":335,"label":"demi-teinte"},{"value":519,"label":"effet"},{"value":232,"label":"g\u00e9om\u00e9trique"},{"value":234,"label":"grille"},{"value":336,"label":"halftone"},{"value":362,"label":"motifs"},{"value":524,"label":"pixel"},{"value":476,"label":"pochoir"},{"value":361,"label":"pointill\u00e9s"},{"value":522,"label":"points"},{"value":333,"label":"pop art"},{"value":520,"label":"technique"}]},"featured_image_src_large":["https:\/\/mes-pochoirs.com\/wp-content\/uploads\/2024\/01\/G0049-FR-pochoir-geometrique-Halftone-copyright-mes-pochoirs-com-858x1030.jpg",858,1030,true],"author_info":[],"comment_info":0,"_links":{"self":[{"href":"https:\/\/mes-pochoirs.com\/it\/wp-json\/wp\/v2\/product\/11942","targetHints":{"allow":["GET"]}}],"collection":[{"href":"https:\/\/mes-pochoirs.com\/it\/wp-json\/wp\/v2\/product"}],"about":[{"href":"https:\/\/mes-pochoirs.com\/it\/wp-json\/wp\/v2\/types\/product"}],"replies":[{"embeddable":true,"href":"https:\/\/mes-pochoirs.com\/it\/wp-json\/wp\/v2\/comments?post=11942"}],"wp:featuredmedia":[{"embeddable":true,"href":"https:\/\/mes-pochoirs.com\/it\/wp-json\/wp\/v2\/media\/11850"}],"wp:attachment":[{"href":"https:\/\/mes-pochoirs.com\/it\/wp-json\/wp\/v2\/media?parent=11942"}],"wp:term":[{"taxonomy":"product_brand","embeddable":true,"href":"https:\/\/mes-pochoirs.com\/it\/wp-json\/wp\/v2\/product_brand?post=11942"},{"taxonomy":"product_cat","embeddable":true,"href":"https:\/\/mes-pochoirs.com\/it\/wp-json\/wp\/v2\/product_cat?post=11942"},{"taxonomy":"product_tag","embeddable":true,"href":"https:\/\/mes-pochoirs.com\/it\/wp-json\/wp\/v2\/product_tag?post=11942"}],"curies":[{"name":"wp","href":"https:\/\/api.w.org\/{rel}","templated":true}]}}