{"id":11969,"date":"2024-01-29T09:54:41","date_gmt":"2024-01-29T08:54:41","guid":{"rendered":"https:\/\/mes-pochoirs.com\/?post_type=product&#038;p=11969"},"modified":"2025-10-31T12:01:12","modified_gmt":"2025-10-31T11:01:12","slug":"stencil-mezzitoni-g0050","status":"publish","type":"product","link":"https:\/\/mes-pochoirs.com\/it\/produit\/pochoir-halftone-demi-teinte-g0050","title":{"rendered":"Stencil mezzotono - G0050"},"content":{"rendered":"<h2>Stencil mezzotono Mezzotono<\/h2>\n<h3>Sottigliezza e modernit\u00e0 in mezzatinta<\/h3>\n<p>Scoprite il nostro stencil effetto Halftone, una vera e propria opera d'arte che trasformer\u00e0 qualsiasi superficie in un capolavoro moderno. Ispirato alla tecnica di stampa Halftone, questo stencil Pop Art a punti crea un'accattivante illusione visiva, combinando piccoli cerchi di diverse dimensioni distanziati a intervalli regolari. Perfetto per gli amanti dell'arte contemporanea e del design, questo stencil Halftone aggiunge un tocco di raffinatezza ai vostri progetti di decorazione.<\/p>\n<h3>L'essenza della Pop Art nella vostra creazione<\/h3>\n<p>Immergetevi nel mondo della Pop art con il nostro stencil effetto mezzatinta. Utilizzato dagli artisti della Pop Art e dei cartoni animati per i suoi effetti di luce e ombra, questo motivo a mezzatinta crea un'atmosfera artistica unica. Se volete aggiungere un tocco di originalit\u00e0 al vostro salotto o creare un'opera d'arte da parete, questo stencil diventer\u00e0 rapidamente il vostro alleato creativo. I motivi a mezzatinta, con il loro effetto di punti e mezzetinte, evocano l'energia e la vivacit\u00e0 della Pop Art, trasformando qualsiasi spazio in una galleria d'arte moderna.<\/p>\n<h3>Qualit\u00e0 e versatilit\u00e0 eccezionali<\/h3>\n<p>Il nostro stencil Halftone \u00e8 pi\u00f9 di un semplice accessorio decorativo, \u00e8 uno strumento creativo resistente e versatile. Disponibile in diverse dimensioni, \u00e8 adatto a tutti i progetti, dai piccoli oggetti decorativi alle grandi superfici murali. Realizzato in plastica di alta qualit\u00e0, non solo \u00e8 resistente, ma anche di facile manutenzione. Riutilizzabile e reversibile, questo stencil vi offre infinite possibilit\u00e0 creative, su una variet\u00e0 di superfici e con diversi metodi di applicazione. Lasciate che la vostra immaginazione si scateni con questo stencil divertente e facile da usare.<\/p>","protected":false},"excerpt":{"rendered":"<p><strong data-start=\"603\" data-end=\"635\">Stencil mezzotono Mezzotono<\/strong> Riutilizzabili e reversibili, perfetti per murales o dipinti. Alta qualit\u00e0, diversi formati disponibili.<\/p>","protected":false},"featured_media":11851,"comment_status":"open","ping_status":"closed","template":"","meta":{"bwfblock_default_font":"","_kad_blocks_custom_css":"","_kad_blocks_head_custom_js":"","_kad_blocks_body_custom_js":"","_kad_blocks_footer_custom_js":"","_kadence_starter_templates_imported_post":false,"_kad_post_transparent":"default","_kad_post_title":"","_kad_post_layout":"default","_kad_post_sidebar_id":"","_kad_post_content_style":"default","_kad_post_vertical_padding":"default","_kad_post_feature":"","_kad_post_feature_position":"","_kad_post_header":false,"_kad_post_footer":false,"_kad_post_classname":""},"product_brand":[1415],"product_cat":[498,241],"product_tag":[523,335,519,232,234,336,362,524,476,361,522,333,520],"class_list":{"0":"post-11969","1":"product","2":"type-product","3":"status-publish","4":"has-post-thumbnail","6":"product_brand-mes-pochoirs","7":"product_cat-pochoirs-halftone","8":"product_cat-pochoirs-geometriques","9":"product_tag-bd","10":"product_tag-demi-teinte","11":"product_tag-effet","12":"product_tag-geometrique","13":"product_tag-grille","14":"product_tag-halftone","15":"product_tag-motifs","16":"product_tag-pixel","17":"product_tag-pochoir","18":"product_tag-pointilles","19":"product_tag-points","20":"product_tag-pop-art","21":"product_tag-technique","23":"first","24":"instock","25":"taxable","26":"shipping-taxable","27":"purchasable","28":"product-type-variable","29":"has-default-attributes","30":"entry","31":"content-bg","32":"loop-entry"},"taxonomy_info":{"product_brand":[{"value":1415,"label":"Mes Pochoirs"}],"product_cat":[{"value":498,"label":"Halftone &amp; Benday"},{"value":241,"label":"G\u00e9om\u00e9triques"}],"product_tag":[{"value":523,"label":"BD"},{"value":335,"label":"demi-teinte"},{"value":519,"label":"effet"},{"value":232,"label":"g\u00e9om\u00e9trique"},{"value":234,"label":"grille"},{"value":336,"label":"halftone"},{"value":362,"label":"motifs"},{"value":524,"label":"pixel"},{"value":476,"label":"pochoir"},{"value":361,"label":"pointill\u00e9s"},{"value":522,"label":"points"},{"value":333,"label":"pop art"},{"value":520,"label":"technique"}]},"featured_image_src_large":["https:\/\/mes-pochoirs.com\/wp-content\/uploads\/2024\/01\/G0050-FR-pochoir-geometrique-Halftone-copyright-mes-pochoirs-com-858x1030.jpg",858,1030,true],"author_info":[],"comment_info":0,"_links":{"self":[{"href":"https:\/\/mes-pochoirs.com\/it\/wp-json\/wp\/v2\/product\/11969","targetHints":{"allow":["GET"]}}],"collection":[{"href":"https:\/\/mes-pochoirs.com\/it\/wp-json\/wp\/v2\/product"}],"about":[{"href":"https:\/\/mes-pochoirs.com\/it\/wp-json\/wp\/v2\/types\/product"}],"replies":[{"embeddable":true,"href":"https:\/\/mes-pochoirs.com\/it\/wp-json\/wp\/v2\/comments?post=11969"}],"wp:featuredmedia":[{"embeddable":true,"href":"https:\/\/mes-pochoirs.com\/it\/wp-json\/wp\/v2\/media\/11851"}],"wp:attachment":[{"href":"https:\/\/mes-pochoirs.com\/it\/wp-json\/wp\/v2\/media?parent=11969"}],"wp:term":[{"taxonomy":"product_brand","embeddable":true,"href":"https:\/\/mes-pochoirs.com\/it\/wp-json\/wp\/v2\/product_brand?post=11969"},{"taxonomy":"product_cat","embeddable":true,"href":"https:\/\/mes-pochoirs.com\/it\/wp-json\/wp\/v2\/product_cat?post=11969"},{"taxonomy":"product_tag","embeddable":true,"href":"https:\/\/mes-pochoirs.com\/it\/wp-json\/wp\/v2\/product_tag?post=11969"}],"curies":[{"name":"wp","href":"https:\/\/api.w.org\/{rel}","templated":true}]}}