{"id":12082,"date":"2024-02-02T09:00:48","date_gmt":"2024-02-02T08:00:48","guid":{"rendered":"https:\/\/mes-pochoirs.com\/?post_type=product&#038;p=12082"},"modified":"2025-10-31T12:01:23","modified_gmt":"2025-10-31T11:01:23","slug":"stencil-amore-bambino-an0003","status":"publish","type":"product","link":"https:\/\/mes-pochoirs.com\/it\/produit\/pochoir-amour-enfantin-an0003","title":{"rendered":"Stencil \"Amore di bambino\" - AN0003"},"content":{"rendered":"<h2>Pochoir &#8220;Amour Enfantin&#8221;<\/h2>\n<h3>Un momento d'amore immortalato<\/h3>\n<p>Il nostro stencil \"Childish Love\" illustra splendidamente due bambini, una ragazza e un ragazzo, in un momento di complicit\u00e0. Mentre il ragazzo ha dipinto con lo spray un cuore su un muro, questa scena cattura l'amore puro, l'innocenza, la tenerezza, l'emozione e i sentimenti in erba. Parte della nostra prestigiosa collezione \"Amour Naissant\" di 10 stencil, ogni pezzo riflette uno stile di Street Art unico, progettato esclusivamente dal nostro team per garantire un'originalit\u00e0 senza pari.<\/p>\n<h3>Design artigianale per tutti i vostri progetti<\/h3>\n<p>Ogni stencil \u00e8 disponibile in varie dimensioni per adattarsi a diversi progetti. Realizzati nel nostro laboratorio, i nostri stencil incarnano artigianalit\u00e0, resistenza e facilit\u00e0 di manutenzione grazie alla plastica di alta qualit\u00e0. Riutilizzabili e reversibili, sono compatibili con tutte le superfici e garantiscono un'applicazione facile e divertente, sia con il pennello che con la vernice spray o altre tecniche.<\/p>","protected":false},"excerpt":{"rendered":"<p><strong>Pochoir Amour Enfantin<\/strong> r\u00e9utilisable, durable et disponible en plusieurs tailles, parfait pour artiste peintre et \u0153uvres murales graffiti.<\/p>","protected":false},"featured_media":12060,"comment_status":"open","ping_status":"closed","template":"","meta":{"bwfblock_default_font":"","_kad_blocks_custom_css":"","_kad_blocks_head_custom_js":"","_kad_blocks_body_custom_js":"","_kad_blocks_footer_custom_js":"","_kadence_starter_templates_imported_post":false,"_kad_post_transparent":"default","_kad_post_title":"","_kad_post_layout":"default","_kad_post_sidebar_id":"","_kad_post_content_style":"default","_kad_post_vertical_padding":"default","_kad_post_feature":"","_kad_post_feature_position":"","_kad_post_header":false,"_kad_post_footer":false,"_kad_post_classname":""},"product_brand":[1415],"product_cat":[526,481,1138,328],"product_tag":[325,507,497,236,492,506,527,528,529,296,476,503,327,287,286],"class_list":{"0":"post-12082","1":"product","2":"type-product","3":"status-publish","4":"has-post-thumbnail","6":"product_brand-mes-pochoirs","7":"product_cat-amour-naissant","8":"product_cat-collections","9":"product_cat-pochoirs-saint-valentin","10":"product_cat-pochoirs-street-art","11":"product_tag-amour","12":"product_tag-amoureux","13":"product_tag-art-urbain","14":"product_tag-coeur","15":"product_tag-collection","16":"product_tag-couple","17":"product_tag-enfants","18":"product_tag-fille","19":"product_tag-garcon","20":"product_tag-love","21":"product_tag-pochoir","22":"product_tag-rue","23":"product_tag-street-art","24":"product_tag-tag","25":"product_tag-urbain","27":"first","28":"instock","29":"taxable","30":"shipping-taxable","31":"purchasable","32":"product-type-variable","33":"entry","34":"content-bg","35":"loop-entry"},"taxonomy_info":{"product_brand":[{"value":1415,"label":"Mes Pochoirs"}],"product_cat":[{"value":526,"label":"Amour Naissant"},{"value":481,"label":"Collections"},{"value":1138,"label":"Saint-Valentin"},{"value":328,"label":"Street Art"}],"product_tag":[{"value":325,"label":"amour"},{"value":507,"label":"amoureux"},{"value":497,"label":"Art urbain"},{"value":236,"label":"coeur"},{"value":492,"label":"collection"},{"value":506,"label":"couple"},{"value":527,"label":"enfants"},{"value":528,"label":"fille"},{"value":529,"label":"gar\u00e7on"},{"value":296,"label":"Love"},{"value":476,"label":"pochoir"},{"value":503,"label":"rue"},{"value":327,"label":"street art"},{"value":287,"label":"tag"},{"value":286,"label":"urbain"}]},"featured_image_src_large":["https:\/\/mes-pochoirs.com\/wp-content\/uploads\/2024\/02\/AN0003-FR-pochoir-collection-amour-naissant-copyright-mes-pochoirs-858x1030.jpg",858,1030,true],"author_info":[],"comment_info":0,"_links":{"self":[{"href":"https:\/\/mes-pochoirs.com\/it\/wp-json\/wp\/v2\/product\/12082","targetHints":{"allow":["GET"]}}],"collection":[{"href":"https:\/\/mes-pochoirs.com\/it\/wp-json\/wp\/v2\/product"}],"about":[{"href":"https:\/\/mes-pochoirs.com\/it\/wp-json\/wp\/v2\/types\/product"}],"replies":[{"embeddable":true,"href":"https:\/\/mes-pochoirs.com\/it\/wp-json\/wp\/v2\/comments?post=12082"}],"wp:featuredmedia":[{"embeddable":true,"href":"https:\/\/mes-pochoirs.com\/it\/wp-json\/wp\/v2\/media\/12060"}],"wp:attachment":[{"href":"https:\/\/mes-pochoirs.com\/it\/wp-json\/wp\/v2\/media?parent=12082"}],"wp:term":[{"taxonomy":"product_brand","embeddable":true,"href":"https:\/\/mes-pochoirs.com\/it\/wp-json\/wp\/v2\/product_brand?post=12082"},{"taxonomy":"product_cat","embeddable":true,"href":"https:\/\/mes-pochoirs.com\/it\/wp-json\/wp\/v2\/product_cat?post=12082"},{"taxonomy":"product_tag","embeddable":true,"href":"https:\/\/mes-pochoirs.com\/it\/wp-json\/wp\/v2\/product_tag?post=12082"}],"curies":[{"name":"wp","href":"https:\/\/api.w.org\/{rel}","templated":true}]}}