{"id":12544,"date":"2024-02-22T17:30:46","date_gmt":"2024-02-22T16:30:46","guid":{"rendered":"https:\/\/mes-pochoirs.com\/?post_type=product&#038;p=12544"},"modified":"2025-10-31T12:02:27","modified_gmt":"2025-10-31T11:02:27","slug":"stencil-rock-style-throw-up-t0029","status":"publish","type":"product","link":"https:\/\/mes-pochoirs.com\/it\/produit\/pochoir-rock-style-throw-up-t0029","title":{"rendered":"Stencil \"Rock\" in stile Throw-Up - T0029"},"content":{"rendered":"<h2>Pochoir &#8220;Rock&#8221; Style Throw-Up<\/h2>\n<h3>Stencil stile graffiti \"Rock<\/h3>\n<p>Scoprite il nostro stencil \"Rock\", una vera espressione di Street Art, che vi permette di portare l'energia e lo spirito ribelle del rock nel vostro ambiente. Questo stencil mostra con orgoglio la parola \"Rock\" in un caratteristico stile Throw-Up \/ Flop, offrendo un'estetica audace e autentica ai vostri spazi. Perfetto per gli amanti della musica e dell'arte urbana, \u00e8 un invito a intraprendere un viaggio creativo fuori dal mondo.<\/p>\n<h3>Arte urbana a portata di mano<\/h3>\n<p>Tuffatevi nel mondo della Street Art ed esprimetevi liberamente con il nostro stencil \"Rock\". Utilizzato dagli artisti per dare un'anima a tele e muri, lo stile Throw-Up aggiunge un tocco personale e dinamico ai vostri progetti. Le parole negli stili Flop, Graffiti e Tag catturano l'attenzione e trasformano qualsiasi superficie in un'accattivante opera d'arte. Lasciate che il linguaggio visivo della street art sia la vostra guida e date vita alle vostre idee pi\u00f9 audaci. \u00a0<\/p>","protected":false},"excerpt":{"rendered":"<p><strong>Pochoir Rock Style Throw-Up<\/strong> parfait pour street art et graffiti. R\u00e9utilisable, r\u00e9versible, haute qualit\u00e9 et pens\u00e9 pour artistes peintres.<\/p>","protected":false},"featured_media":12452,"comment_status":"open","ping_status":"closed","template":"","meta":{"bwfblock_default_font":"","_kad_blocks_custom_css":"","_kad_blocks_head_custom_js":"","_kad_blocks_body_custom_js":"","_kad_blocks_footer_custom_js":"","_kadence_starter_templates_imported_post":false,"_kad_post_transparent":"default","_kad_post_title":"","_kad_post_layout":"default","_kad_post_sidebar_id":"","_kad_post_content_style":"default","_kad_post_vertical_padding":"default","_kad_post_feature":"","_kad_post_feature_position":"","_kad_post_header":false,"_kad_post_footer":false,"_kad_post_classname":""},"product_brand":[1415],"product_cat":[533,284,547,316],"product_tag":[439,553,536,285,275,560,327,287,295,535,286],"class_list":{"0":"post-12544","1":"product","2":"type-product","3":"status-publish","4":"has-post-thumbnail","6":"product_brand-mes-pochoirs","7":"product_cat-pochoirs-style-throw-up-flop","8":"product_cat-pochoirs-graffitis","9":"product_cat-pochoirs-mot-rock","10":"product_cat-pochoirs-textes-et-messages","11":"product_tag-art","12":"product_tag-couleur","13":"product_tag-flop","14":"product_tag-graffiti","15":"product_tag-message","16":"product_tag-rock","17":"product_tag-street-art","18":"product_tag-tag","19":"product_tag-texte","20":"product_tag-throw-up","21":"product_tag-urbain","23":"first","24":"instock","25":"taxable","26":"shipping-taxable","27":"purchasable","28":"product-type-variable","29":"has-default-attributes","30":"entry","31":"content-bg","32":"loop-entry"},"taxonomy_info":{"product_brand":[{"value":1415,"label":"Mes Pochoirs"}],"product_cat":[{"value":533,"label":"Throw-Up \/ Flop"},{"value":284,"label":"Graffitis"},{"value":547,"label":"Rock"},{"value":316,"label":"Textes et Messages"}],"product_tag":[{"value":439,"label":"art"},{"value":553,"label":"couleur"},{"value":536,"label":"Flop"},{"value":285,"label":"graffiti"},{"value":275,"label":"message"},{"value":560,"label":"Rock"},{"value":327,"label":"street art"},{"value":287,"label":"tag"},{"value":295,"label":"Texte"},{"value":535,"label":"Throw-Up"},{"value":286,"label":"urbain"}]},"featured_image_src_large":["https:\/\/mes-pochoirs.com\/wp-content\/uploads\/2024\/02\/T0029-FR-pochoir-ThrowUp-Rock-copyright-mes-pochoirs-com-858x1030.jpg",858,1030,true],"author_info":[],"comment_info":0,"_links":{"self":[{"href":"https:\/\/mes-pochoirs.com\/it\/wp-json\/wp\/v2\/product\/12544","targetHints":{"allow":["GET"]}}],"collection":[{"href":"https:\/\/mes-pochoirs.com\/it\/wp-json\/wp\/v2\/product"}],"about":[{"href":"https:\/\/mes-pochoirs.com\/it\/wp-json\/wp\/v2\/types\/product"}],"replies":[{"embeddable":true,"href":"https:\/\/mes-pochoirs.com\/it\/wp-json\/wp\/v2\/comments?post=12544"}],"wp:featuredmedia":[{"embeddable":true,"href":"https:\/\/mes-pochoirs.com\/it\/wp-json\/wp\/v2\/media\/12452"}],"wp:attachment":[{"href":"https:\/\/mes-pochoirs.com\/it\/wp-json\/wp\/v2\/media?parent=12544"}],"wp:term":[{"taxonomy":"product_brand","embeddable":true,"href":"https:\/\/mes-pochoirs.com\/it\/wp-json\/wp\/v2\/product_brand?post=12544"},{"taxonomy":"product_cat","embeddable":true,"href":"https:\/\/mes-pochoirs.com\/it\/wp-json\/wp\/v2\/product_cat?post=12544"},{"taxonomy":"product_tag","embeddable":true,"href":"https:\/\/mes-pochoirs.com\/it\/wp-json\/wp\/v2\/product_tag?post=12544"}],"curies":[{"name":"wp","href":"https:\/\/api.w.org\/{rel}","templated":true}]}}