{"id":12578,"date":"2024-02-22T17:40:04","date_gmt":"2024-02-22T16:40:04","guid":{"rendered":"https:\/\/mes-pochoirs.com\/?post_type=product&#038;p=12578"},"modified":"2025-10-31T12:02:31","modified_gmt":"2025-10-31T11:02:31","slug":"stencil-street-style-throw-up-t0031","status":"publish","type":"product","link":"https:\/\/mes-pochoirs.com\/it\/produit\/pochoir-street-style-throw-up-t0031","title":{"rendered":"Stencil \"Street\" in stile Throw-Up - T0031"},"content":{"rendered":"<h2>Pochoir &#8220;Street&#8221; Style Throw-Up<\/h2>\n<h3>Arte di strada autentica<\/h3>\n<p>D\u00e9couvrez l&#8217;essence du street art avec notre pochoir \u00ab Street \u00bb inspir\u00e9 des techniques de Graffiti et Tag. Embrassez la culture urbaine et exprimez-vous librement gr\u00e2ce \u00e0 notre design en style Throw-Up, parfait pour ajouter une touche de r\u00e9bellion et d&#8217;authenticit\u00e9 \u00e0 vos cr\u00e9ations. Utilis\u00e9 par les artistes de street art du monde entier, ce pochoir vous permet de transporter l&#8217;art de la rue directement sur vos toiles, murs ou meubles, avec une facilit\u00e9 d\u00e9concertante.<\/p>","protected":false},"excerpt":{"rendered":"<p><strong>Pochoir Street Style Throw-Up<\/strong> pour cr\u00e9er une \u0153uvre unique graffiti. R\u00e9utilisable, r\u00e9versible, haute qualit\u00e9 et propos\u00e9 en plusieurs tailles.<\/p>","protected":false},"featured_media":12454,"comment_status":"open","ping_status":"closed","template":"","meta":{"bwfblock_default_font":"","_kad_blocks_custom_css":"","_kad_blocks_head_custom_js":"","_kad_blocks_body_custom_js":"","_kad_blocks_footer_custom_js":"","_kadence_starter_templates_imported_post":false,"_kad_post_transparent":"default","_kad_post_title":"","_kad_post_layout":"default","_kad_post_sidebar_id":"","_kad_post_content_style":"default","_kad_post_vertical_padding":"default","_kad_post_feature":"","_kad_post_feature_position":"","_kad_post_header":false,"_kad_post_footer":false,"_kad_post_classname":""},"product_brand":[1415],"product_cat":[533,284,549,316],"product_tag":[439,553,536,285,275,446,327,287,295,535,286],"class_list":{"0":"post-12578","1":"product","2":"type-product","3":"status-publish","4":"has-post-thumbnail","6":"product_brand-mes-pochoirs","7":"product_cat-pochoirs-style-throw-up-flop","8":"product_cat-pochoirs-graffitis","9":"product_cat-pochoirs-mot-street","10":"product_cat-pochoirs-textes-et-messages","11":"product_tag-art","12":"product_tag-couleur","13":"product_tag-flop","14":"product_tag-graffiti","15":"product_tag-message","16":"product_tag-street","17":"product_tag-street-art","18":"product_tag-tag","19":"product_tag-texte","20":"product_tag-throw-up","21":"product_tag-urbain","23":"first","24":"instock","25":"taxable","26":"shipping-taxable","27":"purchasable","28":"product-type-variable","29":"has-default-attributes","30":"entry","31":"content-bg","32":"loop-entry"},"taxonomy_info":{"product_brand":[{"value":1415,"label":"Mes Pochoirs"}],"product_cat":[{"value":533,"label":"Throw-Up \/ Flop"},{"value":284,"label":"Graffitis"},{"value":549,"label":"Street"},{"value":316,"label":"Textes et Messages"}],"product_tag":[{"value":439,"label":"art"},{"value":553,"label":"couleur"},{"value":536,"label":"Flop"},{"value":285,"label":"graffiti"},{"value":275,"label":"message"},{"value":446,"label":"street"},{"value":327,"label":"street art"},{"value":287,"label":"tag"},{"value":295,"label":"Texte"},{"value":535,"label":"Throw-Up"},{"value":286,"label":"urbain"}]},"featured_image_src_large":["https:\/\/mes-pochoirs.com\/wp-content\/uploads\/2024\/02\/T0031-FR-pochoir-ThrowUp-Street-copyright-mes-pochoirs-com-858x1030.jpg",858,1030,true],"author_info":[],"comment_info":0,"_links":{"self":[{"href":"https:\/\/mes-pochoirs.com\/it\/wp-json\/wp\/v2\/product\/12578","targetHints":{"allow":["GET"]}}],"collection":[{"href":"https:\/\/mes-pochoirs.com\/it\/wp-json\/wp\/v2\/product"}],"about":[{"href":"https:\/\/mes-pochoirs.com\/it\/wp-json\/wp\/v2\/types\/product"}],"replies":[{"embeddable":true,"href":"https:\/\/mes-pochoirs.com\/it\/wp-json\/wp\/v2\/comments?post=12578"}],"wp:featuredmedia":[{"embeddable":true,"href":"https:\/\/mes-pochoirs.com\/it\/wp-json\/wp\/v2\/media\/12454"}],"wp:attachment":[{"href":"https:\/\/mes-pochoirs.com\/it\/wp-json\/wp\/v2\/media?parent=12578"}],"wp:term":[{"taxonomy":"product_brand","embeddable":true,"href":"https:\/\/mes-pochoirs.com\/it\/wp-json\/wp\/v2\/product_brand?post=12578"},{"taxonomy":"product_cat","embeddable":true,"href":"https:\/\/mes-pochoirs.com\/it\/wp-json\/wp\/v2\/product_cat?post=12578"},{"taxonomy":"product_tag","embeddable":true,"href":"https:\/\/mes-pochoirs.com\/it\/wp-json\/wp\/v2\/product_tag?post=12578"}],"curies":[{"name":"wp","href":"https:\/\/api.w.org\/{rel}","templated":true}]}}