{"id":13064,"date":"2024-03-18T16:17:42","date_gmt":"2024-03-18T15:17:42","guid":{"rendered":"https:\/\/mes-pochoirs.com\/?post_type=product&#038;p=13064"},"modified":"2026-01-05T16:26:07","modified_gmt":"2026-01-05T15:26:07","slug":"stencil-decorativo-bolle-fresche","status":"publish","type":"product","link":"https:\/\/mes-pochoirs.com\/it\/produit\/pochoir-decoratif-bulles-bd-cool","title":{"rendered":"Stencil a bolle Pop Art \"COOL! - PAB004"},"content":{"rendered":"<p><strong>Immergetevi nel mondo colorato e dinamico della Pop Art con il nostro stencil decorativo Comic Bubbles.<\/strong><\/p>\n<p>Impreziosite i vostri progetti creativi con il nostro stencil decorativo a bolle di fumetto \"Cool\". Ideale per gli amanti dell'arte e per chi cerca un look unico e contemporaneo. Questo stencil consente di creare spazi vivaci ed eleganti aggiungendo bolle di fumetti di tendenza. Facile da usare su qualsiasi superficie, \u00e8 perfetto per personalizzare gli interni o le opere d'arte. Questo strumento \u00e8 indispensabile per chi vuole portare una ventata di freschezza nei propri ambienti.<\/p>\n<p><b>Le vostre idee diventano opere d'arte<\/b><\/p>\n<p>\"Boom\", \"Cool\", \"Ooh\", \"Yeah!\"... Con i nostri stencil Bubbles BD Pop Art, potrete facilmente incorporare queste parole, testi, espressioni cult o citazioni nelle vostre creazioni. I nostri stencil sono lo strumento ideale per trasformare i vostri messaggi in veri e propri elementi di design in stile Pop Art. Lasciate che sia la vostra immaginazione a guidarvi e date una nuova dimensione accattivante a tutti i vostri progetti artistici.<\/p>\n<p><b>Una moltitudine di possibilit\u00e0 creative<\/b><\/p>\n<p>Nos pochoirs sont le tremplin parfait pour vos envies de personnalisation inspir\u00e9es du style comics et bande dessin\u00e9e. \u00a0Fabriqu\u00e9 avec pr\u00e9cision, ce pochoir permet de recr\u00e9er facilement des bulles de dialogue vives et pleines d&#8217;\u00e9nergie. Disponibles en plusieurs tailles, ils sont con\u00e7us pour s&#8217;adapter \u00e0 tous projets artistiques et besoins cr\u00e9atifs.<\/p>\n<p>Applicarli \u00e8 un gioco da ragazzi, sia che si preferisca usare un pennello, una vernice spray o qualsiasi altra tecnica. Adatti a una moltitudine di superfici, tra cui tela, cartoncino e carta, oltre che a pareti e oggetti, questi stencil in plastica resistenti e riutilizzabili sono di facile manutenzione e garantiscono la massima longevit\u00e0 e versatilit\u00e0.<\/p>","protected":false},"excerpt":{"rendered":"<p>Questo stencil Bubble BD Pop Art \u00e8 realizzato nel nostro laboratorio in Francia.<br \/>\n\u00c8 possibile scegliere la dimensione desiderata dal menu a discesa.<\/p>","protected":false},"featured_media":13037,"comment_status":"open","ping_status":"closed","template":"","meta":{"bwfblock_default_font":"","_kad_blocks_custom_css":"","_kad_blocks_head_custom_js":"","_kad_blocks_body_custom_js":"","_kad_blocks_footer_custom_js":"","_kadence_starter_templates_imported_post":false,"_kad_post_transparent":"default","_kad_post_title":"","_kad_post_layout":"default","_kad_post_sidebar_id":"","_kad_post_content_style":"default","_kad_post_vertical_padding":"default","_kad_post_feature":"","_kad_post_feature_position":"","_kad_post_header":false,"_kad_post_footer":false,"_kad_post_classname":""},"product_brand":[1415],"product_cat":[1879,571],"product_tag":[574,523,240,575,322,576,572,491,578,577,521,333,295],"class_list":{"0":"post-13064","1":"product","2":"type-product","3":"status-publish","4":"has-post-thumbnail","6":"product_brand-mes-pochoirs","7":"product_cat-pochoirs-bd-comics","8":"product_cat-pochoirs-bulles-bande-dessinee","9":"product_tag-bande-dessinee","10":"product_tag-bd","11":"product_tag-bulles","12":"product_tag-comics","13":"product_tag-cool","14":"product_tag-dialogue","15":"product_tag-explosion","16":"product_tag-expression","17":"product_tag-humour","18":"product_tag-mot","19":"product_tag-motif","20":"product_tag-pop-art","21":"product_tag-texte","23":"first","24":"instock","25":"featured","26":"taxable","27":"shipping-taxable","28":"purchasable","29":"product-type-variable","30":"has-default-attributes","31":"entry","32":"content-bg","33":"loop-entry"},"taxonomy_info":{"product_brand":[{"value":1415,"label":"Mes Pochoirs"}],"product_cat":[{"value":1879,"label":"BD &amp; Comics"},{"value":571,"label":"Bulles Bande Dessin\u00e9e"}],"product_tag":[{"value":574,"label":"Bande Dessin\u00e9e"},{"value":523,"label":"BD"},{"value":240,"label":"bulles"},{"value":575,"label":"Comics"},{"value":322,"label":"cool"},{"value":576,"label":"dialogue"},{"value":572,"label":"Explosion"},{"value":491,"label":"expression"},{"value":578,"label":"humour"},{"value":577,"label":"mot"},{"value":521,"label":"motif"},{"value":333,"label":"pop art"},{"value":295,"label":"Texte"}]},"featured_image_src_large":["https:\/\/mes-pochoirs.com\/wp-content\/uploads\/2024\/03\/PAB004-FR-pochoir-Pop-Art-Bulle-Cool-copyright-mes-pochoirs-com-858x1030.jpg",858,1030,true],"author_info":[],"comment_info":0,"_links":{"self":[{"href":"https:\/\/mes-pochoirs.com\/it\/wp-json\/wp\/v2\/product\/13064","targetHints":{"allow":["GET"]}}],"collection":[{"href":"https:\/\/mes-pochoirs.com\/it\/wp-json\/wp\/v2\/product"}],"about":[{"href":"https:\/\/mes-pochoirs.com\/it\/wp-json\/wp\/v2\/types\/product"}],"replies":[{"embeddable":true,"href":"https:\/\/mes-pochoirs.com\/it\/wp-json\/wp\/v2\/comments?post=13064"}],"wp:featuredmedia":[{"embeddable":true,"href":"https:\/\/mes-pochoirs.com\/it\/wp-json\/wp\/v2\/media\/13037"}],"wp:attachment":[{"href":"https:\/\/mes-pochoirs.com\/it\/wp-json\/wp\/v2\/media?parent=13064"}],"wp:term":[{"taxonomy":"product_brand","embeddable":true,"href":"https:\/\/mes-pochoirs.com\/it\/wp-json\/wp\/v2\/product_brand?post=13064"},{"taxonomy":"product_cat","embeddable":true,"href":"https:\/\/mes-pochoirs.com\/it\/wp-json\/wp\/v2\/product_cat?post=13064"},{"taxonomy":"product_tag","embeddable":true,"href":"https:\/\/mes-pochoirs.com\/it\/wp-json\/wp\/v2\/product_tag?post=13064"}],"curies":[{"name":"wp","href":"https:\/\/api.w.org\/{rel}","templated":true}]}}