{"id":13082,"date":"2024-03-19T10:04:54","date_gmt":"2024-03-19T09:04:54","guid":{"rendered":"https:\/\/mes-pochoirs.com\/?post_type=product&#038;p=13082"},"modified":"2026-01-05T16:26:03","modified_gmt":"2026-01-05T15:26:03","slug":"stencil-wall-art-bolle-fumetto-crash","status":"publish","type":"product","link":"https:\/\/mes-pochoirs.com\/it\/produit\/pochoir-art-mural-bulles-bd-crash","title":{"rendered":"Stencil a bolle Pop Art \"CRASH! - PAB005"},"content":{"rendered":"<p><strong>Immergetevi nel mondo colorato e dinamico della Pop Art con il nostro stencil da parete Comic Bubbles.<\/strong><\/p>\n<p>Introducete un tocco di drammaticit\u00e0 e intensit\u00e0 nelle vostre opere d'arte con il nostro stencil da parete 'Crash' Comic Bubbles. Perfetto per gli artisti che desiderano incorporare elementi di sorpresa e impatto nelle loro creazioni. Questo stencil \u00e8 ideale per simulare scene d'azione e aggiungere drammaticit\u00e0 a qualsiasi spazio artistico. La sua facilit\u00e0 d'uso lo rende uno dei preferiti dai professionisti e dagli appassionati di arte murale. Date vita alle vostre pareti con questo stencil unico.<\/p>\n<p><b>Le vostre idee diventano opere d'arte<\/b><\/p>\n<p>\"Boom\", \"Cool\", \"Ooh\", \"Yeah!\"... Con i nostri stencil Bubbles BD Pop Art, potrete facilmente incorporare queste parole, testi, espressioni cult o citazioni nelle vostre creazioni. I nostri stencil sono lo strumento ideale per trasformare i vostri messaggi in veri e propri elementi di design in stile Pop Art. Lasciate che sia la vostra immaginazione a guidarvi e date una nuova dimensione accattivante a tutti i vostri progetti artistici.<\/p>\n<p><strong>Il trampolino di lancio perfetto per i vostri progetti ispirati ai fumetti<\/strong><\/p>\n<p>Realizzato con precisione, questo stencil permette di ricreare facilmente bolle di dialogo vivaci ed energiche. Disponibili in diverse dimensioni, sono stati progettati per soddisfare tutti i progetti artistici e le esigenze creative.<\/p>\n<p>Applicarli \u00e8 un gioco da ragazzi, sia che si preferisca usare un pennello, una vernice spray o qualsiasi altra tecnica. Adatti a una moltitudine di superfici, tra cui tela, cartoncino e carta, oltre che a pareti e oggetti, questi stencil in plastica resistenti e riutilizzabili sono di facile manutenzione e garantiscono la massima longevit\u00e0 e versatilit\u00e0.<\/p>","protected":false},"excerpt":{"rendered":"<p>Questo stencil Bubble BD Pop Art \u00e8 realizzato nel nostro laboratorio in Francia.<br \/>\n\u00c8 possibile scegliere la dimensione desiderata dal menu a discesa.<\/p>","protected":false},"featured_media":13036,"comment_status":"open","ping_status":"closed","template":"","meta":{"bwfblock_default_font":"","_kad_blocks_custom_css":"","_kad_blocks_head_custom_js":"","_kad_blocks_body_custom_js":"","_kad_blocks_footer_custom_js":"","_kadence_starter_templates_imported_post":false,"_kad_post_transparent":"default","_kad_post_title":"","_kad_post_layout":"default","_kad_post_sidebar_id":"","_kad_post_content_style":"default","_kad_post_vertical_padding":"default","_kad_post_feature":"","_kad_post_feature_position":"","_kad_post_header":false,"_kad_post_footer":false,"_kad_post_classname":""},"product_brand":[1415],"product_cat":[1879,571],"product_tag":[574,523,240,575,581,576,572,491,578,577,521,333,295],"class_list":{"0":"post-13082","1":"product","2":"type-product","3":"status-publish","4":"has-post-thumbnail","6":"product_brand-mes-pochoirs","7":"product_cat-pochoirs-bd-comics","8":"product_cat-pochoirs-bulles-bande-dessinee","9":"product_tag-bande-dessinee","10":"product_tag-bd","11":"product_tag-bulles","12":"product_tag-comics","13":"product_tag-crash","14":"product_tag-dialogue","15":"product_tag-explosion","16":"product_tag-expression","17":"product_tag-humour","18":"product_tag-mot","19":"product_tag-motif","20":"product_tag-pop-art","21":"product_tag-texte","23":"first","24":"instock","25":"featured","26":"taxable","27":"shipping-taxable","28":"purchasable","29":"product-type-variable","30":"has-default-attributes","31":"entry","32":"content-bg","33":"loop-entry"},"taxonomy_info":{"product_brand":[{"value":1415,"label":"Mes Pochoirs"}],"product_cat":[{"value":1879,"label":"BD &amp; Comics"},{"value":571,"label":"Bulles Bande Dessin\u00e9e"}],"product_tag":[{"value":574,"label":"Bande Dessin\u00e9e"},{"value":523,"label":"BD"},{"value":240,"label":"bulles"},{"value":575,"label":"Comics"},{"value":581,"label":"Crash"},{"value":576,"label":"dialogue"},{"value":572,"label":"Explosion"},{"value":491,"label":"expression"},{"value":578,"label":"humour"},{"value":577,"label":"mot"},{"value":521,"label":"motif"},{"value":333,"label":"pop art"},{"value":295,"label":"Texte"}]},"featured_image_src_large":["https:\/\/mes-pochoirs.com\/wp-content\/uploads\/2024\/03\/PAB005-FR-pochoir-Pop-Art-Bulle-Crash-copyright-mes-pochoirs-com-858x1030.jpg",858,1030,true],"author_info":[],"comment_info":0,"_links":{"self":[{"href":"https:\/\/mes-pochoirs.com\/it\/wp-json\/wp\/v2\/product\/13082","targetHints":{"allow":["GET"]}}],"collection":[{"href":"https:\/\/mes-pochoirs.com\/it\/wp-json\/wp\/v2\/product"}],"about":[{"href":"https:\/\/mes-pochoirs.com\/it\/wp-json\/wp\/v2\/types\/product"}],"replies":[{"embeddable":true,"href":"https:\/\/mes-pochoirs.com\/it\/wp-json\/wp\/v2\/comments?post=13082"}],"wp:featuredmedia":[{"embeddable":true,"href":"https:\/\/mes-pochoirs.com\/it\/wp-json\/wp\/v2\/media\/13036"}],"wp:attachment":[{"href":"https:\/\/mes-pochoirs.com\/it\/wp-json\/wp\/v2\/media?parent=13082"}],"wp:term":[{"taxonomy":"product_brand","embeddable":true,"href":"https:\/\/mes-pochoirs.com\/it\/wp-json\/wp\/v2\/product_brand?post=13082"},{"taxonomy":"product_cat","embeddable":true,"href":"https:\/\/mes-pochoirs.com\/it\/wp-json\/wp\/v2\/product_cat?post=13082"},{"taxonomy":"product_tag","embeddable":true,"href":"https:\/\/mes-pochoirs.com\/it\/wp-json\/wp\/v2\/product_tag?post=13082"}],"curies":[{"name":"wp","href":"https:\/\/api.w.org\/{rel}","templated":true}]}}