{"id":13353,"date":"2024-03-21T14:03:55","date_gmt":"2024-03-21T13:03:55","guid":{"rendered":"https:\/\/mes-pochoirs.com\/?post_type=product&#038;p=13353"},"modified":"2026-01-05T16:22:57","modified_gmt":"2026-01-05T15:22:57","slug":"fumetto-2-stencil-a-bolle","status":"publish","type":"product","link":"https:\/\/mes-pochoirs.com\/it\/produit\/pochoir-bulle-comic-book-2","title":{"rendered":"Stencil per bolle di sapone Pop Art BD \"OOPS! - PAB025"},"content":{"rendered":"<p><strong>Immergiti nel mondo colorato e dinamico delle bolle animate<\/strong><\/p>\n<p>Exprimez le choc et la surprise dans vos toiles avec notre pochoir bulle comic book\u00a0 &#8220;Oops&#8221;. Ce pochoir est con\u00e7u sp\u00e9cialement pour les artistes et les amateurs de Pop Art d\u00e9sirant ajouter une dimension comique et inattendue \u00e0 leurs \u0153uvres. Parfait pour animer des sc\u00e8nes de bande dessin\u00e9e ou introduire un \u00e9l\u00e9ment narratif surprenant, il permet de cr\u00e9er facilement des effets visuels marquants.<\/p>\n<p><b>Le vostre idee diventano opere d'arte<\/b><\/p>\n<p>\"Boom\", \"Wroom\", \"Kaboom\"... Con i nostri stencil Pop Art Comic Bubbles, potete facilmente incorporare queste parole, testi, linee o citazioni nelle vostre creazioni. I nostri stencil sono lo strumento ideale per trasformare i vostri messaggi in veri e propri elementi di design in stile Pop Art. Lasciate che sia la vostra immaginazione a guidarvi e date una nuova, accattivante dimensione a tutti i vostri progetti artistici.<\/p>\n<p><strong>Un trampolino di lancio perfetto per i vostri progetti di Pop Art ispirati allo stile dei fumetti.<\/strong><\/p>\n<p>Realizzato con precisione, questo stencil permette di ricreare facilmente bolle di dialogo vivaci ed energiche. Disponibili in diverse dimensioni, sono stati progettati per soddisfare tutti i progetti artistici e le esigenze creative.<\/p>\n<p>Applicarli \u00e8 un gioco da ragazzi, sia che si preferisca usare un pennello, una vernice spray o qualsiasi altra tecnica. Adatti a una moltitudine di superfici, tra cui tela, cartoncino e carta, oltre che a pareti e oggetti, questi stencil in plastica resistenti e riutilizzabili sono di facile manutenzione e garantiscono la massima longevit\u00e0 e versatilit\u00e0.<\/p>","protected":false},"excerpt":{"rendered":"<p>Questo stencil Bubble BD Pop Art \u00e8 realizzato nel nostro laboratorio in Francia.<br \/>\n\u00c8 possibile scegliere la dimensione desiderata dal menu a discesa.<\/p>","protected":false},"featured_media":13242,"comment_status":"open","ping_status":"closed","template":"","meta":{"bwfblock_default_font":"","_kad_blocks_custom_css":"","_kad_blocks_head_custom_js":"","_kad_blocks_body_custom_js":"","_kad_blocks_footer_custom_js":"","_kadence_starter_templates_imported_post":false,"_kad_post_transparent":"default","_kad_post_title":"","_kad_post_layout":"default","_kad_post_sidebar_id":"","_kad_post_content_style":"default","_kad_post_vertical_padding":"default","_kad_post_feature":"","_kad_post_feature_position":"","_kad_post_header":false,"_kad_post_footer":false,"_kad_post_classname":""},"product_brand":[1415],"product_cat":[1879,571],"product_tag":[574,523,240,236,589,575,586,576,572,491,578,577,521,604,333,442,295],"class_list":{"0":"post-13353","1":"product","2":"type-product","3":"status-publish","4":"has-post-thumbnail","6":"product_brand-mes-pochoirs","7":"product_cat-pochoirs-bd-comics","8":"product_cat-pochoirs-bulles-bande-dessinee","9":"product_tag-bande-dessinee","10":"product_tag-bd","11":"product_tag-bulles","12":"product_tag-coeur","13":"product_tag-comic-book","14":"product_tag-comics","15":"product_tag-dessin-anime","16":"product_tag-dialogue","17":"product_tag-explosion","18":"product_tag-expression","19":"product_tag-humour","20":"product_tag-mot","21":"product_tag-motif","22":"product_tag-oops","23":"product_tag-pop-art","24":"product_tag-reve","25":"product_tag-texte","27":"first","28":"instock","29":"featured","30":"taxable","31":"shipping-taxable","32":"purchasable","33":"product-type-variable","34":"has-default-attributes","35":"entry","36":"content-bg","37":"loop-entry"},"taxonomy_info":{"product_brand":[{"value":1415,"label":"Mes Pochoirs"}],"product_cat":[{"value":1879,"label":"BD &amp; Comics"},{"value":571,"label":"Bulles Bande Dessin\u00e9e"}],"product_tag":[{"value":574,"label":"Bande Dessin\u00e9e"},{"value":523,"label":"BD"},{"value":240,"label":"bulles"},{"value":236,"label":"coeur"},{"value":589,"label":"comic book"},{"value":575,"label":"Comics"},{"value":586,"label":"dessin anim\u00e9"},{"value":576,"label":"dialogue"},{"value":572,"label":"Explosion"},{"value":491,"label":"expression"},{"value":578,"label":"humour"},{"value":577,"label":"mot"},{"value":521,"label":"motif"},{"value":604,"label":"Oops"},{"value":333,"label":"pop art"},{"value":442,"label":"R\u00eave"},{"value":295,"label":"Texte"}]},"featured_image_src_large":["https:\/\/mes-pochoirs.com\/wp-content\/uploads\/2024\/03\/PAB025-FR-pochoir-Pop-Art-Bulle-Oops-copyright-mes-pochoirs-com-858x1030.jpg",858,1030,true],"author_info":[],"comment_info":0,"_links":{"self":[{"href":"https:\/\/mes-pochoirs.com\/it\/wp-json\/wp\/v2\/product\/13353","targetHints":{"allow":["GET"]}}],"collection":[{"href":"https:\/\/mes-pochoirs.com\/it\/wp-json\/wp\/v2\/product"}],"about":[{"href":"https:\/\/mes-pochoirs.com\/it\/wp-json\/wp\/v2\/types\/product"}],"replies":[{"embeddable":true,"href":"https:\/\/mes-pochoirs.com\/it\/wp-json\/wp\/v2\/comments?post=13353"}],"wp:featuredmedia":[{"embeddable":true,"href":"https:\/\/mes-pochoirs.com\/it\/wp-json\/wp\/v2\/media\/13242"}],"wp:attachment":[{"href":"https:\/\/mes-pochoirs.com\/it\/wp-json\/wp\/v2\/media?parent=13353"}],"wp:term":[{"taxonomy":"product_brand","embeddable":true,"href":"https:\/\/mes-pochoirs.com\/it\/wp-json\/wp\/v2\/product_brand?post=13353"},{"taxonomy":"product_cat","embeddable":true,"href":"https:\/\/mes-pochoirs.com\/it\/wp-json\/wp\/v2\/product_cat?post=13353"},{"taxonomy":"product_tag","embeddable":true,"href":"https:\/\/mes-pochoirs.com\/it\/wp-json\/wp\/v2\/product_tag?post=13353"}],"curies":[{"name":"wp","href":"https:\/\/api.w.org\/{rel}","templated":true}]}}