{"id":13513,"date":"2024-03-27T07:41:24","date_gmt":"2024-03-27T06:41:24","guid":{"rendered":"https:\/\/mes-pochoirs.com\/?post_type=product&#038;p=13513"},"modified":"2025-10-31T12:04:51","modified_gmt":"2025-10-31T11:04:51","slug":"stencil-primo-piano-donna-glamour","status":"publish","type":"product","link":"https:\/\/mes-pochoirs.com\/it\/produit\/pochoir-gros-plan-femme-glamour","title":{"rendered":"Stencil per fumetti Donna e rossetto - LRV003"},"content":{"rendered":"<h2>Stencil Donna Glamour Close-up<\/h2>\n<h3>un mondo ravvicinato<\/h3>\n<p>Lo stencil Glamour Woman Close-Up \u00e8 lo strumento perfetto per gli artisti che desiderano mettere in risalto bellezza e raffinatezza nelle loro opere.<\/p>\n<p>Questo stencil presenta un primo piano di un volto di donna, che incarna eleganza e seduzione. Perfetto per chi desidera aggiungere un tocco di glamour alle proprie creazioni, questo stencil \u00e8 un omaggio alla bellezza e all'espressione artistica. Lasciatevi trasportare dall'atmosfera chic e sofisticata creata dal nostro stencil Glamour Woman Close-Up.<\/p>\n<h3>Alleanza di stili artistici<\/h3>\n<p>Plongez dans l&#8217;univers s\u00e9duisant de notre s\u00e9rie &#8220;Lipstick Rendezvous&#8221;, une source d&#8217;inspiration n\u00e9e de la fusion entre l&#8217;audace des comics et le glamour des publicit\u00e9s d&#8217;antan. Imagin\u00e9e par notre collectif passionn\u00e9 d&#8217;artistes et de graphistes, chaque pochoir de cette collection agit comme une cl\u00e9 ouvrant les portes sur le faste de l&#8217;art Pop des ann\u00e9es 60, marquant l&#8217;\u00e9quilibre parfait entre nostalgie et modernit\u00e9. La collection &#8220;Lipstick Rendezvous&#8221; vous emporte dans des instants de pur chic, capturant l&#8217;\u00e9l\u00e9gance intemporelle d&#8217;une femme appliquant son rouge \u00e0 l\u00e8vres. Ces pochoirs, r\u00e9v\u00e9lant un visage f\u00e9minin d\u00e9taill\u00e9 et expressif, vous invitent \u00e0 une immersion totale dans un univers vibrant, marqu\u00e9 par des teintes vivantes et des contrastes marqu\u00e9s, un hommage fid\u00e8le \u00e0 l&#8217;esprit dynamique des bandes dessin\u00e9es et \u00e0 la cr\u00e9ativit\u00e9 d&#8217;ic\u00f4nes telles que Roy Lichtenstein. Chaque cr\u00e9ation est soigneusement \u00e9labor\u00e9e pour aller au-del\u00e0 d&#8217;un simple outil artistique : elles se veulent des sources d&#8217;inspiration, des catalyseurs qui \u00e9largissent les perspectives cr\u00e9atives et embellissent vos projets d&#8217;une splendeur r\u00e9tro unique. En s\u00e9lectionnant un pochoir de notre collection exclusive &#8220;Lipstick Rendezvous&#8221;, vous embrassez une infinit\u00e9 d&#8217;inspirations, propulsant votre imagination vers de nouveaux horizons et infusant \u00e0 vos \u0153uvres une touche personnelle et profonde.<\/p>","protected":false},"excerpt":{"rendered":"<p>Questo stencil, con il suo design ispirato ai fumetti, \u00e8 un'esclusiva, realizzata con cura nel nostro laboratorio in Francia.<\/p>","protected":false},"featured_media":13479,"comment_status":"open","ping_status":"closed","template":"","meta":{"bwfblock_default_font":"","_kad_blocks_custom_css":"","_kad_blocks_head_custom_js":"","_kad_blocks_body_custom_js":"","_kad_blocks_footer_custom_js":"","_kadence_starter_templates_imported_post":false,"_kad_post_transparent":"default","_kad_post_title":"","_kad_post_layout":"default","_kad_post_sidebar_id":"","_kad_post_content_style":"default","_kad_post_vertical_padding":"default","_kad_post_feature":"","_kad_post_feature_position":"","_kad_post_header":false,"_kad_post_footer":false,"_kad_post_classname":""},"product_brand":[1415],"product_cat":[605,332],"product_tag":[611,610,574,523,489,492,612,589,575,613,491,608,359,607,490,609,333,390,525,606,231,338],"class_list":{"0":"post-13513","1":"product","2":"type-product","3":"status-publish","4":"has-post-thumbnail","6":"product_brand-mes-pochoirs","7":"product_cat-lipstick-rendezvous","8":"product_cat-pochoirs-pop-art","9":"product_tag-anime","10":"product_tag-annees-60","11":"product_tag-bande-dessinee","12":"product_tag-bd","13":"product_tag-close-up","14":"product_tag-collection","15":"product_tag-colore","16":"product_tag-comic-book","17":"product_tag-comics","18":"product_tag-elegance","19":"product_tag-expression","20":"product_tag-feminin","21":"product_tag-femme","22":"product_tag-glamour","23":"product_tag-gros-plan","24":"product_tag-maquillage","25":"product_tag-pop-art","26":"product_tag-portrait","27":"product_tag-retro","28":"product_tag-rouge-a-levres","29":"product_tag-vintage","30":"product_tag-visage","32":"first","33":"instock","34":"featured","35":"taxable","36":"shipping-taxable","37":"purchasable","38":"product-type-variable","39":"has-default-attributes","40":"entry","41":"content-bg","42":"loop-entry"},"taxonomy_info":{"product_brand":[{"value":1415,"label":"Mes Pochoirs"}],"product_cat":[{"value":605,"label":"Lipstick Rendezvous"},{"value":332,"label":"Pop Art"}],"product_tag":[{"value":611,"label":"anim\u00e9"},{"value":610,"label":"ann\u00e9es 60"},{"value":574,"label":"Bande Dessin\u00e9e"},{"value":523,"label":"BD"},{"value":489,"label":"Close-Up"},{"value":492,"label":"collection"},{"value":612,"label":"color\u00e9"},{"value":589,"label":"comic book"},{"value":575,"label":"Comics"},{"value":613,"label":"\u00e9l\u00e9gance"},{"value":491,"label":"expression"},{"value":608,"label":"feminin"},{"value":359,"label":"femme"},{"value":607,"label":"glamour"},{"value":490,"label":"Gros plan"},{"value":609,"label":"maquillage"},{"value":333,"label":"pop art"},{"value":390,"label":"portrait"},{"value":525,"label":"r\u00e9tro"},{"value":606,"label":"rouge \u00e0 l\u00e8vres"},{"value":231,"label":"vintage"},{"value":338,"label":"visage"}]},"featured_image_src_large":["https:\/\/mes-pochoirs.com\/wp-content\/uploads\/2024\/03\/pochoir-LRV003-collection-Lipstick-Rendezvous-mes-pochoirs-com--858x1030.jpg",858,1030,true],"author_info":[],"comment_info":1,"_links":{"self":[{"href":"https:\/\/mes-pochoirs.com\/it\/wp-json\/wp\/v2\/product\/13513","targetHints":{"allow":["GET"]}}],"collection":[{"href":"https:\/\/mes-pochoirs.com\/it\/wp-json\/wp\/v2\/product"}],"about":[{"href":"https:\/\/mes-pochoirs.com\/it\/wp-json\/wp\/v2\/types\/product"}],"replies":[{"embeddable":true,"href":"https:\/\/mes-pochoirs.com\/it\/wp-json\/wp\/v2\/comments?post=13513"}],"wp:featuredmedia":[{"embeddable":true,"href":"https:\/\/mes-pochoirs.com\/it\/wp-json\/wp\/v2\/media\/13479"}],"wp:attachment":[{"href":"https:\/\/mes-pochoirs.com\/it\/wp-json\/wp\/v2\/media?parent=13513"}],"wp:term":[{"taxonomy":"product_brand","embeddable":true,"href":"https:\/\/mes-pochoirs.com\/it\/wp-json\/wp\/v2\/product_brand?post=13513"},{"taxonomy":"product_cat","embeddable":true,"href":"https:\/\/mes-pochoirs.com\/it\/wp-json\/wp\/v2\/product_cat?post=13513"},{"taxonomy":"product_tag","embeddable":true,"href":"https:\/\/mes-pochoirs.com\/it\/wp-json\/wp\/v2\/product_tag?post=13513"}],"curies":[{"name":"wp","href":"https:\/\/api.w.org\/{rel}","templated":true}]}}