{"id":13534,"date":"2024-03-27T08:57:31","date_gmt":"2024-03-27T07:57:31","guid":{"rendered":"https:\/\/mes-pochoirs.com\/?post_type=product&#038;p=13534"},"modified":"2025-10-31T12:04:55","modified_gmt":"2025-10-31T11:04:55","slug":"stencil-ritratto-donna-fumetto","status":"publish","type":"product","link":"https:\/\/mes-pochoirs.com\/it\/produit\/pochoir-portrait-femme-bd-comics","title":{"rendered":"Stencil per fumetti Donna e rossetto - LRV005"},"content":{"rendered":"<h2>Ritratto di donna a fumetti stencil<\/h2>\n<h3>Avventura artistica<\/h3>\n<p>Il Comic Book Woman Portrait Stencil \u00e8 perfetto per gli appassionati di fumetti e di arte sequenziale. Questo stencil permette di creare ritratti dinamici ed espressivi che sembrano usciti direttamente dalle pagine di un fumetto. Ideale per catturare l'energia e lo spirito di personaggi femminili forti e indipendenti, questo stencil permette di ritrarre eroine, avventuriere e figure femminili iconiche. I dettagli precisi e la facilit\u00e0 d'uso rendono questo stencil uno strumento prezioso per trasformare le vostre idee artistiche in realt\u00e0.<\/p>\n<h3>Creare un ritratto pop art\u00a0<\/h3>\n<p>Immergez-vous dans le charme envo\u00fbtant de notre collection &#8220;Lipstick Rendezvous&#8221;, une v\u00e9ritable muse issue de l&#8217;alliance entre l&#8217;\u00e9clat des BD comics et l&#8217;\u00e9l\u00e9gance des campagnes publicitaires r\u00e9tro. Cr\u00e9\u00e9e par notre \u00e9quipe d\u00e9vou\u00e9e d&#8217;artistes et graphistes, chaque pochoir de cette gamme ouvre un portail vers la grandeur du Pop Art des ann\u00e9es 60, cr\u00e9ant une harmonie entre le charme du pass\u00e9 et l&#8217;audace de la nouveaut\u00e9. Le Pochoir Portrait Femme BD Comics et toute la collection de pochoirs &#8220;Lipstick Rendezvous&#8221; vous convient \u00e0 des moments empreints de sophistication, saisissant la beaut\u00e9 intemporelle d&#8217;une femme se parant de rouge \u00e0 l\u00e8vres. Avec ses visages f\u00e9minins pr\u00e9cis\u00e9ment dessin\u00e9s, chaque pochoir vous plonge dans un monde r\u00e9tro resplendissant, anim\u00e9 de couleurs intenses et de contrastes frappants, rendant ainsi hommage au dynamisme des comics et \u00e0 la vision artistique d&#8217;ic\u00f4nes comme Roy Lichtenstein. Chaque pi\u00e8ce, minutieusement confectionn\u00e9e, transcende sa nature de simple accessoire pour devenir une v\u00e9ritable source d&#8217;\u00e9veil artistique, un stimulant pour \u00e9largir votre horizon cr\u00e9atif et magnifier vos r\u00e9alisations d&#8217;une beaut\u00e9 r\u00e9tro in\u00e9gal\u00e9e. En adoptant un pochoir de notre prestigieuse collection &#8220;Lipstick Rendezvous&#8221;, vous accueillez un monde d&#8217;inspiration sans limites, encourageant votre imagination \u00e0 explorer des terrains inconnus et \u00e0 personnaliser vos \u0153uvres avec une profondeur et une authenticit\u00e9 remarquables.<\/p>","protected":false},"excerpt":{"rendered":"<p>Questo stencil, con il suo design ispirato ai fumetti, \u00e8 un'esclusiva, realizzata con cura nel nostro laboratorio in Francia.<\/p>","protected":false},"featured_media":13481,"comment_status":"open","ping_status":"closed","template":"","meta":{"bwfblock_default_font":"","_kad_blocks_custom_css":"","_kad_blocks_head_custom_js":"","_kad_blocks_body_custom_js":"","_kad_blocks_footer_custom_js":"","_kadence_starter_templates_imported_post":false,"_kad_post_transparent":"default","_kad_post_title":"","_kad_post_layout":"default","_kad_post_sidebar_id":"","_kad_post_content_style":"default","_kad_post_vertical_padding":"default","_kad_post_feature":"","_kad_post_feature_position":"","_kad_post_header":false,"_kad_post_footer":false,"_kad_post_classname":""},"product_brand":[1415],"product_cat":[605,332],"product_tag":[611,610,574,523,489,492,612,589,575,613,491,608,359,607,490,609,333,390,525,606,231,338],"class_list":{"0":"post-13534","1":"product","2":"type-product","3":"status-publish","4":"has-post-thumbnail","6":"product_brand-mes-pochoirs","7":"product_cat-lipstick-rendezvous","8":"product_cat-pochoirs-pop-art","9":"product_tag-anime","10":"product_tag-annees-60","11":"product_tag-bande-dessinee","12":"product_tag-bd","13":"product_tag-close-up","14":"product_tag-collection","15":"product_tag-colore","16":"product_tag-comic-book","17":"product_tag-comics","18":"product_tag-elegance","19":"product_tag-expression","20":"product_tag-feminin","21":"product_tag-femme","22":"product_tag-glamour","23":"product_tag-gros-plan","24":"product_tag-maquillage","25":"product_tag-pop-art","26":"product_tag-portrait","27":"product_tag-retro","28":"product_tag-rouge-a-levres","29":"product_tag-vintage","30":"product_tag-visage","32":"first","33":"instock","34":"featured","35":"taxable","36":"shipping-taxable","37":"purchasable","38":"product-type-variable","39":"has-default-attributes","40":"entry","41":"content-bg","42":"loop-entry"},"taxonomy_info":{"product_brand":[{"value":1415,"label":"Mes Pochoirs"}],"product_cat":[{"value":605,"label":"Lipstick Rendezvous"},{"value":332,"label":"Pop Art"}],"product_tag":[{"value":611,"label":"anim\u00e9"},{"value":610,"label":"ann\u00e9es 60"},{"value":574,"label":"Bande Dessin\u00e9e"},{"value":523,"label":"BD"},{"value":489,"label":"Close-Up"},{"value":492,"label":"collection"},{"value":612,"label":"color\u00e9"},{"value":589,"label":"comic book"},{"value":575,"label":"Comics"},{"value":613,"label":"\u00e9l\u00e9gance"},{"value":491,"label":"expression"},{"value":608,"label":"feminin"},{"value":359,"label":"femme"},{"value":607,"label":"glamour"},{"value":490,"label":"Gros plan"},{"value":609,"label":"maquillage"},{"value":333,"label":"pop art"},{"value":390,"label":"portrait"},{"value":525,"label":"r\u00e9tro"},{"value":606,"label":"rouge \u00e0 l\u00e8vres"},{"value":231,"label":"vintage"},{"value":338,"label":"visage"}]},"featured_image_src_large":["https:\/\/mes-pochoirs.com\/wp-content\/uploads\/2024\/03\/pochoir-LRV005-collection-Lipstick-Rendezvous-mes-pochoirs-com--858x1030.jpg",858,1030,true],"author_info":[],"comment_info":0,"_links":{"self":[{"href":"https:\/\/mes-pochoirs.com\/it\/wp-json\/wp\/v2\/product\/13534","targetHints":{"allow":["GET"]}}],"collection":[{"href":"https:\/\/mes-pochoirs.com\/it\/wp-json\/wp\/v2\/product"}],"about":[{"href":"https:\/\/mes-pochoirs.com\/it\/wp-json\/wp\/v2\/types\/product"}],"replies":[{"embeddable":true,"href":"https:\/\/mes-pochoirs.com\/it\/wp-json\/wp\/v2\/comments?post=13534"}],"wp:featuredmedia":[{"embeddable":true,"href":"https:\/\/mes-pochoirs.com\/it\/wp-json\/wp\/v2\/media\/13481"}],"wp:attachment":[{"href":"https:\/\/mes-pochoirs.com\/it\/wp-json\/wp\/v2\/media?parent=13534"}],"wp:term":[{"taxonomy":"product_brand","embeddable":true,"href":"https:\/\/mes-pochoirs.com\/it\/wp-json\/wp\/v2\/product_brand?post=13534"},{"taxonomy":"product_cat","embeddable":true,"href":"https:\/\/mes-pochoirs.com\/it\/wp-json\/wp\/v2\/product_cat?post=13534"},{"taxonomy":"product_tag","embeddable":true,"href":"https:\/\/mes-pochoirs.com\/it\/wp-json\/wp\/v2\/product_tag?post=13534"}],"curies":[{"name":"wp","href":"https:\/\/api.w.org\/{rel}","templated":true}]}}