{"id":14804,"date":"2024-06-27T09:39:49","date_gmt":"2024-06-27T07:39:49","guid":{"rendered":"https:\/\/mes-pochoirs.com\/?post_type=product&#038;p=14804"},"modified":"2025-10-31T12:06:48","modified_gmt":"2025-10-31T11:06:48","slug":"stencil-per-pareti-rosa","status":"publish","type":"product","link":"https:\/\/mes-pochoirs.com\/it\/produit\/pochoir-mural-rose","title":{"rendered":"Stencil rosa vintage - RM006"},"content":{"rendered":"<h2>Rosa vintage<\/h2>\n<h3>Valorizzate le vostre pareti con lo stencil per pareti rosa<\/h3>\n<p>D\u00e9couvrez le Pochoir Rose Vintage, une pi\u00e8ce phare de notre collection &#8220;Rose Melody&#8221;. Con\u00e7u pour les artistes, les d\u00e9corateurs et tous les passionn\u00e9s de design, ce pochoir mural rose est parfait pour insuffler une ambiance \u00e9l\u00e9gante et nostalgique \u00e0 vos espaces. Inspir\u00e9 par la beaut\u00e9 intemporelle des roses anciennes, ce motif offre une mani\u00e8re simple et efficace de transformer vos murs en v\u00e9ritables \u0153uvres d&#8217;art. Le Pochoir Rose Vintage capture l&#8217;essence de la rose dans un style vintage raffin\u00e9, apportant une touche de charme et de sophistication \u00e0 n&#8217;importe quel environnement. Ce pochoir se distingue par son design d\u00e9taill\u00e9 et ses lignes d\u00e9licates, qui rappellent la gr\u00e2ce des jardins d&#8217;antan. Que vous cherchiez \u00e0 ajouter une touche romantique \u00e0 une chambre, \u00e0 embellir un salon avec une touche artistique ou \u00e0 cr\u00e9er une atmosph\u00e8re accueillante dans un espace commercial, ce pochoir mural rose est l&#8217;outil id\u00e9al. Sa polyvalence permet de l&#8217;utiliser dans divers contextes, qu&#8217;il s&#8217;agisse de cr\u00e9er un accent mural saisissant, de d\u00e9corer des meubles, ou d&#8217;ajouter des motifs subtils \u00e0 des accessoires d\u00e9coratifs. Le format portrait 4:5 du pochoir est particuli\u00e8rement adapt\u00e9 pour des applications vari\u00e9es, offrant une flexibilit\u00e9 qui s&#8217;adapte \u00e0 tous types de projets artistiques. En int\u00e9grant le Pochoir Rose Vintage dans vos cr\u00e9ations de peinture, vous pouvez facilement ajouter une dimension artistique et personnelle \u00e0 votre espace. Chaque utilisation de ce pochoir mural rose r\u00e9v\u00e8le la beaut\u00e9 et la finesse des roses vintage, transformant vos murs en un hommage \u00e0 la d\u00e9licatesse florale et \u00e0 l&#8217;\u00e9l\u00e9gance d&#8217;autrefois. Que vous soyez un artiste professionnel ou un amateur de d\u00e9coration, ce pochoir est une addition essentielle \u00e0 votre collection d&#8217;outils cr\u00e9atifs, vous permettant d&#8217;apporter une touche unique et raffin\u00e9e \u00e0 vos projets.<\/p>","protected":false},"excerpt":{"rendered":"<p><span style=\"color: #34568b;\"><strong>\"Aggiungete uno spirito vintage alla vostra arte<\/strong><\/span><\/p>\n<p>Questo stencil \u00e8 un'esclusiva, realizzata con cura nel nostro laboratorio in Francia.<br \/>\nScegliere la dimensione desiderata dalle opzioni sottostanti.<\/p>","protected":false},"featured_media":14710,"comment_status":"open","ping_status":"closed","template":"","meta":{"bwfblock_default_font":"","_kad_blocks_custom_css":"","_kad_blocks_head_custom_js":"","_kad_blocks_body_custom_js":"","_kad_blocks_footer_custom_js":"","_kadence_starter_templates_imported_post":false,"_kad_post_transparent":"default","_kad_post_title":"","_kad_post_layout":"default","_kad_post_sidebar_id":"","_kad_post_content_style":"default","_kad_post_vertical_padding":"default","_kad_post_feature":"","_kad_post_feature_position":"","_kad_post_header":false,"_kad_post_footer":false,"_kad_post_classname":""},"product_brand":[1415],"product_cat":[644,51,1138],"product_tag":[50,416,648,370,645,649,647,646],"class_list":{"0":"post-14804","1":"product","2":"type-product","3":"status-publish","4":"has-post-thumbnail","6":"product_brand-mes-pochoirs","7":"product_cat-rose-melody","8":"product_cat-pochoirs-fleurs","9":"product_cat-pochoirs-saint-valentin","10":"product_tag-fleur","11":"product_tag-fleurs","12":"product_tag-floral","13":"product_tag-nature","14":"product_tag-rose","15":"product_tag-roses","16":"product_tag-rosier","17":"product_tag-tige","19":"first","20":"instock","21":"taxable","22":"shipping-taxable","23":"purchasable","24":"product-type-variable","25":"entry","26":"content-bg","27":"loop-entry"},"taxonomy_info":{"product_brand":[{"value":1415,"label":"Mes Pochoirs"}],"product_cat":[{"value":644,"label":"Rose Melody"},{"value":51,"label":"Fleurs"},{"value":1138,"label":"Saint-Valentin"}],"product_tag":[{"value":50,"label":"fleur"},{"value":416,"label":"fleurs"},{"value":648,"label":"floral"},{"value":370,"label":"nature"},{"value":645,"label":"rose"},{"value":649,"label":"roses"},{"value":647,"label":"rosier"},{"value":646,"label":"tige"}]},"featured_image_src_large":["https:\/\/mes-pochoirs.com\/wp-content\/uploads\/2024\/06\/RM006-FR-pochoir-Rose-melody-collection-4-5-mes-pochoirs-com--858x1030.jpg",858,1030,true],"author_info":[],"comment_info":0,"_links":{"self":[{"href":"https:\/\/mes-pochoirs.com\/it\/wp-json\/wp\/v2\/product\/14804","targetHints":{"allow":["GET"]}}],"collection":[{"href":"https:\/\/mes-pochoirs.com\/it\/wp-json\/wp\/v2\/product"}],"about":[{"href":"https:\/\/mes-pochoirs.com\/it\/wp-json\/wp\/v2\/types\/product"}],"replies":[{"embeddable":true,"href":"https:\/\/mes-pochoirs.com\/it\/wp-json\/wp\/v2\/comments?post=14804"}],"wp:featuredmedia":[{"embeddable":true,"href":"https:\/\/mes-pochoirs.com\/it\/wp-json\/wp\/v2\/media\/14710"}],"wp:attachment":[{"href":"https:\/\/mes-pochoirs.com\/it\/wp-json\/wp\/v2\/media?parent=14804"}],"wp:term":[{"taxonomy":"product_brand","embeddable":true,"href":"https:\/\/mes-pochoirs.com\/it\/wp-json\/wp\/v2\/product_brand?post=14804"},{"taxonomy":"product_cat","embeddable":true,"href":"https:\/\/mes-pochoirs.com\/it\/wp-json\/wp\/v2\/product_cat?post=14804"},{"taxonomy":"product_tag","embeddable":true,"href":"https:\/\/mes-pochoirs.com\/it\/wp-json\/wp\/v2\/product_tag?post=14804"}],"curies":[{"name":"wp","href":"https:\/\/api.w.org\/{rel}","templated":true}]}}