{"id":149,"date":"2021-04-30T08:59:45","date_gmt":"2021-04-30T08:59:45","guid":{"rendered":"https:\/\/mes-pochoirs.com\/?post_type=product&#038;p=149"},"modified":"2025-10-31T11:40:29","modified_gmt":"2025-10-31T10:40:29","slug":"stencil-a-fiore-f0002","status":"publish","type":"product","link":"https:\/\/mes-pochoirs.com\/it\/produit\/pochoir-fleur-f0002","title":{"rendered":"Stencil per fiori - F0002"},"content":{"rendered":"<h2>Stencil a fiori<\/h2>\n<h3>Un fiore che brilla sotto i pennelli<\/h3>\n<p><strong>Stencil a fiori<\/strong> Al centro di questo motivo abbagliante c'\u00e8 un fiore stilizzato, maestoso e poetico. I suoi petali sovrapposti evocano un fiore che sboccia, mentre delicate gocce sottolineano il movimento organico della composizione. Questo stencil esprime la bellezza della natura, lo slancio vitale della vita e invita a creare in modo libero, fluido e luminoso. \u00c8 perfetto per aggiungere un tocco floreale unico all'arredamento della vostra casa e trasformare ogni progetto in un vero e proprio bouquet visivo. \u00c8 uno strumento di espressione e ispirazione, un vero e proprio invito a far sbocciare le proprie idee su una tela, un mobile o una parete. In pochi gesti, trasforma una superficie neutra in una decorazione murale vivace ed espressiva, apportando freschezza, morbidezza e armonia. Questo motivo floreale diventa un catalizzatore di creativit\u00e0, ideale per gli appassionati di pittura, gli artisti, i decoratori o gli amanti del fai da te che desiderano creare opere d'arte sensibili, eleganti e personalizzate.<\/p>\n<h3>Uno stile naturale e artistico<\/h3>\n<p><strong>Stencil a fiori<\/strong> Questo disegno affonda le sue radici in uno stile floreale stilizzato, che unisce la decorazione tradizionale alla grafica moderna. Si ispira a rosette vegetali, mandala naturali e ornamenti floreali, pur mantenendo una pura interpretazione visiva. L'equilibrata simmetria conferisce un'eleganza senza tempo, mentre le linee a forma di goccia creano un movimento fluido e contemporaneo. \u00c8 l'ideale per valorizzare le vostre creazioni artistiche o le vostre <strong>decorazione murale<\/strong> con finezza e personalit\u00e0. Questo stencil si adatta con grazia a un'ampia variet\u00e0 di stili decorativi: zen, boh\u00e9mien, romantico o grafico. Questo stile ibrido piacer\u00e0 sia agli appassionati di interior design che agli artisti alla ricerca di motivi sottili ma potenti. Riutilizzabile, reversibile, disponibile in diverse dimensioni e tagliato con precisione, questo stencil di alta qualit\u00e0 diventa un fedele compagno in tutte le vostre esplorazioni creative. Valorizza ogni spazio, ogni opera d'arte, con una firma floreale originale e delicatamente espressiva.<\/p>","protected":false},"excerpt":{"rendered":"<p><strong data-start=\"1705\" data-end=\"1722\">Stencil a fiori<\/strong> per abbellire con finezza le vostre opere d'arte o le vostre pareti. Di alta qualit\u00e0, disponibili in diverse dimensioni, riutilizzabili e artistici.<\/p>","protected":false},"featured_media":159,"comment_status":"open","ping_status":"closed","template":"","meta":{"bwfblock_default_font":"","_kad_blocks_custom_css":"","_kad_blocks_head_custom_js":"","_kad_blocks_body_custom_js":"","_kad_blocks_footer_custom_js":"","_kadence_starter_templates_imported_post":false,"_kad_post_transparent":"default","_kad_post_title":"","_kad_post_layout":"default","_kad_post_sidebar_id":"","_kad_post_content_style":"default","_kad_post_vertical_padding":"default","_kad_post_feature":"","_kad_post_feature_position":"","_kad_post_header":false,"_kad_post_footer":false,"_kad_post_classname":""},"product_brand":[1415],"product_cat":[51],"product_tag":[1364,567,227,50,1360,1363,1361,763,1362,955,1337,1256],"class_list":{"0":"post-149","1":"product","2":"type-product","3":"status-publish","4":"has-post-thumbnail","6":"product_brand-mes-pochoirs","7":"product_cat-pochoirs-fleurs","8":"product_tag-boheme","9":"product_tag-decoration","10":"product_tag-faience","11":"product_tag-fleur","12":"product_tag-maison","13":"product_tag-mandalas-naturels","14":"product_tag-modernite","15":"product_tag-romantique","16":"product_tag-rosaces","17":"product_tag-tradition","18":"product_tag-vegetal","19":"product_tag-zen","21":"first","22":"instock","23":"taxable","24":"shipping-taxable","25":"purchasable","26":"product-type-variable","27":"has-default-attributes","28":"entry","29":"content-bg","30":"loop-entry"},"taxonomy_info":{"product_brand":[{"value":1415,"label":"Mes Pochoirs"}],"product_cat":[{"value":51,"label":"Fleurs"}],"product_tag":[{"value":1364,"label":"boh\u00e8me"},{"value":567,"label":"decoration"},{"value":227,"label":"fa\u00efence"},{"value":50,"label":"fleur"},{"value":1360,"label":"maison"},{"value":1363,"label":"mandalas naturels"},{"value":1361,"label":"modernit\u00e9"},{"value":763,"label":"romantique"},{"value":1362,"label":"rosaces"},{"value":955,"label":"tradition"},{"value":1337,"label":"v\u00e9g\u00e9tal"},{"value":1256,"label":"zen"}]},"featured_image_src_large":["https:\/\/mes-pochoirs.com\/wp-content\/uploads\/2021\/04\/F0002-mes-pochoirs-com-858x1030.jpg",858,1030,true],"author_info":[],"comment_info":0,"_links":{"self":[{"href":"https:\/\/mes-pochoirs.com\/it\/wp-json\/wp\/v2\/product\/149","targetHints":{"allow":["GET"]}}],"collection":[{"href":"https:\/\/mes-pochoirs.com\/it\/wp-json\/wp\/v2\/product"}],"about":[{"href":"https:\/\/mes-pochoirs.com\/it\/wp-json\/wp\/v2\/types\/product"}],"replies":[{"embeddable":true,"href":"https:\/\/mes-pochoirs.com\/it\/wp-json\/wp\/v2\/comments?post=149"}],"wp:featuredmedia":[{"embeddable":true,"href":"https:\/\/mes-pochoirs.com\/it\/wp-json\/wp\/v2\/media\/159"}],"wp:attachment":[{"href":"https:\/\/mes-pochoirs.com\/it\/wp-json\/wp\/v2\/media?parent=149"}],"wp:term":[{"taxonomy":"product_brand","embeddable":true,"href":"https:\/\/mes-pochoirs.com\/it\/wp-json\/wp\/v2\/product_brand?post=149"},{"taxonomy":"product_cat","embeddable":true,"href":"https:\/\/mes-pochoirs.com\/it\/wp-json\/wp\/v2\/product_cat?post=149"},{"taxonomy":"product_tag","embeddable":true,"href":"https:\/\/mes-pochoirs.com\/it\/wp-json\/wp\/v2\/product_tag?post=149"}],"curies":[{"name":"wp","href":"https:\/\/api.w.org\/{rel}","templated":true}]}}