{"id":15000,"date":"2024-07-04T22:45:12","date_gmt":"2024-07-04T20:45:12","guid":{"rendered":"https:\/\/mes-pochoirs.com\/?post_type=product&#038;p=15000"},"modified":"2025-10-31T12:07:12","modified_gmt":"2025-10-31T11:07:12","slug":"stencil-riutilizzabile-per-fumetti","status":"publish","type":"product","link":"https:\/\/mes-pochoirs.com\/it\/produit\/pochoir-reutilisable-comics","title":{"rendered":"Stencil per fumetti Donna e rossetto - LRV016"},"content":{"rendered":"<h2>Stencil riutilizzabile per fumetti<\/h2>\n<h3>Dare vita ai fumetti<\/h3>\n<p>Il nostro stencil riutilizzabile Comics \u00e8 stato progettato per catturare l'energia vibrante e le immagini sorprendenti dei fumetti classici. Ideale per gli artisti che desiderano aggiungere uno stile audace e dinamico ai loro progetti, questo stencil presenta disegni dettagliati che ricordano le pagine dei famosi fumetti. Sia che si lavori su pareti, mobili o tele, \u00e8 facile e pulito da applicare, garantendo risultati impressionanti ad ogni utilizzo. Il materiale resistente garantisce la possibilit\u00e0 di riutilizzare lo stencil per diversi progetti, massimizzando l'investimento creativo.<\/p>\n<h3><strong>Uno strumento per ogni progettista<\/strong><\/h3>\n<p>D\u00e9velopp\u00e9 par notre \u00e9quipe de cr\u00e9ateurs, le pochoir Comics s&#8217;inspire profond\u00e9ment de l&#8217;esth\u00e9tique des bandes dessin\u00e9es traditionnelles. Ce design unique tire son inspiration des couleurs vives et des trac\u00e9s audacieux qui dominaient les pages des comics des ann\u00e9es 50 et 60. Avec ce pochoir, il est possible d&#8217;incorporer des \u00e9l\u00e9ments iconiques comme des bulles de dialogue et des onomatop\u00e9es pleines de dynamisme, ajoutant ainsi une touche authentique et captivante \u00e0 vos projets artistiques. Les motifs sont con\u00e7us pour \u00eatre \u00e0 la fois fid\u00e8les \u00e0 l&#8217;art original des comics et suffisamment polyvalents pour s&#8217;adapter \u00e0 divers projets de cr\u00e9ation. Chaque d\u00e9tail du pochoir est pens\u00e9 pour maximiser l&#8217;impact visuel : des contours nets pour faciliter l&#8217;application de peinture et cr\u00e9er des images nettes, \u00e0 l&#8217;utilisation de zones ouvertes et ferm\u00e9es qui permettent une grande vari\u00e9t\u00e9 d&#8217;effets de couleur et de texture. Ce style ne se limite pas \u00e0 une simple reproduction ; il invite \u00e0 une r\u00e9interpr\u00e9tation moderne des th\u00e8mes et techniques des comics, offrant aux utilisateurs la libert\u00e9 de m\u00e9langer des \u00e9l\u00e9ments traditionnels et contemporains dans leurs \u0153uvres. Que ce soit pour ajouter un \u00e9l\u00e9ment de nostalgie \u00e0 un int\u00e9rieur moderne ou pour infuser un esprit jeune et \u00e9nergique \u00e0 des objets du quotidien, le pochoir r\u00e9utilisable Comics ouvre un vaste champ de possibilit\u00e9s cr\u00e9atives. \u00a0<\/p>","protected":false},"excerpt":{"rendered":"<p>Questo stencil, con il suo design ispirato ai fumetti, \u00e8 un'esclusiva, realizzata con cura nel nostro laboratorio in Francia.<\/p>","protected":false},"featured_media":13492,"comment_status":"open","ping_status":"closed","template":"","meta":{"bwfblock_default_font":"","_kad_blocks_custom_css":"","_kad_blocks_head_custom_js":"","_kad_blocks_body_custom_js":"","_kad_blocks_footer_custom_js":"","_kadence_starter_templates_imported_post":false,"_kad_post_transparent":"default","_kad_post_title":"","_kad_post_layout":"default","_kad_post_sidebar_id":"","_kad_post_content_style":"default","_kad_post_vertical_padding":"default","_kad_post_feature":"","_kad_post_feature_position":"","_kad_post_header":false,"_kad_post_footer":false,"_kad_post_classname":""},"product_brand":[1415],"product_cat":[605,332],"product_tag":[611,610,574,523,489,492,612,589,575,613,491,608,359,607,490,609,333,390,525,606,231,338],"class_list":{"0":"post-15000","1":"product","2":"type-product","3":"status-publish","4":"has-post-thumbnail","6":"product_brand-mes-pochoirs","7":"product_cat-lipstick-rendezvous","8":"product_cat-pochoirs-pop-art","9":"product_tag-anime","10":"product_tag-annees-60","11":"product_tag-bande-dessinee","12":"product_tag-bd","13":"product_tag-close-up","14":"product_tag-collection","15":"product_tag-colore","16":"product_tag-comic-book","17":"product_tag-comics","18":"product_tag-elegance","19":"product_tag-expression","20":"product_tag-feminin","21":"product_tag-femme","22":"product_tag-glamour","23":"product_tag-gros-plan","24":"product_tag-maquillage","25":"product_tag-pop-art","26":"product_tag-portrait","27":"product_tag-retro","28":"product_tag-rouge-a-levres","29":"product_tag-vintage","30":"product_tag-visage","32":"first","33":"instock","34":"featured","35":"taxable","36":"shipping-taxable","37":"purchasable","38":"product-type-variable","39":"has-default-attributes","40":"entry","41":"content-bg","42":"loop-entry"},"taxonomy_info":{"product_brand":[{"value":1415,"label":"Mes Pochoirs"}],"product_cat":[{"value":605,"label":"Lipstick Rendezvous"},{"value":332,"label":"Pop Art"}],"product_tag":[{"value":611,"label":"anim\u00e9"},{"value":610,"label":"ann\u00e9es 60"},{"value":574,"label":"Bande Dessin\u00e9e"},{"value":523,"label":"BD"},{"value":489,"label":"Close-Up"},{"value":492,"label":"collection"},{"value":612,"label":"color\u00e9"},{"value":589,"label":"comic book"},{"value":575,"label":"Comics"},{"value":613,"label":"\u00e9l\u00e9gance"},{"value":491,"label":"expression"},{"value":608,"label":"feminin"},{"value":359,"label":"femme"},{"value":607,"label":"glamour"},{"value":490,"label":"Gros plan"},{"value":609,"label":"maquillage"},{"value":333,"label":"pop art"},{"value":390,"label":"portrait"},{"value":525,"label":"r\u00e9tro"},{"value":606,"label":"rouge \u00e0 l\u00e8vres"},{"value":231,"label":"vintage"},{"value":338,"label":"visage"}]},"featured_image_src_large":["https:\/\/mes-pochoirs.com\/wp-content\/uploads\/2024\/03\/pochoir-LRV016-collection-Lipstick-Rendezvous-mes-pochoirs-com--858x1030.jpg",858,1030,true],"author_info":[],"comment_info":0,"_links":{"self":[{"href":"https:\/\/mes-pochoirs.com\/it\/wp-json\/wp\/v2\/product\/15000","targetHints":{"allow":["GET"]}}],"collection":[{"href":"https:\/\/mes-pochoirs.com\/it\/wp-json\/wp\/v2\/product"}],"about":[{"href":"https:\/\/mes-pochoirs.com\/it\/wp-json\/wp\/v2\/types\/product"}],"replies":[{"embeddable":true,"href":"https:\/\/mes-pochoirs.com\/it\/wp-json\/wp\/v2\/comments?post=15000"}],"wp:featuredmedia":[{"embeddable":true,"href":"https:\/\/mes-pochoirs.com\/it\/wp-json\/wp\/v2\/media\/13492"}],"wp:attachment":[{"href":"https:\/\/mes-pochoirs.com\/it\/wp-json\/wp\/v2\/media?parent=15000"}],"wp:term":[{"taxonomy":"product_brand","embeddable":true,"href":"https:\/\/mes-pochoirs.com\/it\/wp-json\/wp\/v2\/product_brand?post=15000"},{"taxonomy":"product_cat","embeddable":true,"href":"https:\/\/mes-pochoirs.com\/it\/wp-json\/wp\/v2\/product_cat?post=15000"},{"taxonomy":"product_tag","embeddable":true,"href":"https:\/\/mes-pochoirs.com\/it\/wp-json\/wp\/v2\/product_tag?post=15000"}],"curies":[{"name":"wp","href":"https:\/\/api.w.org\/{rel}","templated":true}]}}